{"id":34627,"date":"2023-01-13T13:24:53","date_gmt":"2023-01-13T11:24:53","guid":{"rendered":"https:\/\/peach-pump.com\/products\/ruzicaste-besavne-tajice-s-efektom-oblikovanja\/"},"modified":"2026-02-24T09:31:13","modified_gmt":"2026-02-24T07:31:13","slug":"ruzicaste-besavne-tajice-s-efektom-oblikovanja","status":"publish","type":"product","link":"https:\/\/peach-pump.com\/hr\/products\/ruzicaste-besavne-tajice-s-efektom-oblikovanja\/","title":{"rendered":"Ru\u017ei\u010daste be\u0161avne tajice s efektom oblikovanja"},"content":{"rendered":"<p>Ru\u017ei\u010daste be\u0161avne tajice od \u010dvrste, elasti\u010dne tkanine. Ovaj model je visokog struka, \u010dvr\u0161\u0107i je, idealan za hladnije jesenje i zimske dane. Tajice imaju \u0161iroki pojas, lifting i formiraju\u0107i efekt, tako omiljen na\u0161em brendu. Odu\u0161evit \u0107e Vas ove tajice, svojom meko\u0107om, toplinom i na\u010dinom na koji oblikuje Va\u0161u figuru. Model se mo\u017ee kombinirati uz bluzu ili bustier, pogledajte na\u0161e prijedloge.  <\/p>\n<ul>\n<li> Visok struk<\/li>\n<li> Be\u0161avna rips tkanina<\/li>\n<li> Podi\u017ee, oblikuje, prikriva problemati\u010dna podru\u010dja<\/li>\n<li> \u010cvr\u0161\u0107e<\/li>\n<li> Rips pojas koji omotava ki\u010dmu<\/li>\n<li> Peachy efekt<\/li>\n<li> Bez \u0161avova sprijeda<\/li>\n<li> Toplinski zape\u010da\u0107eni logo Peach Pump na stra\u017enjoj strani tajice<\/li>\n<li> Materijal za odvo\u0111enje znoja<\/li>\n<\/ul>\n<p> Sastav: 80% poliester 20% elastan. Tajice se mogu prati na temperaturi do 30 stupnjeva, molimo nemojte koristiti izbjeljiva\u010d niti kemijsko \u010di\u0161\u0107enje Model na fotografiji je visok 178 cm, te\u017eak 54 kg i nosi veli\u010dinu M. Za odabir odgovaraju\u0107e veli\u010dine koristite tablicu veli\u010dina.<\/p>\n","protected":false},"excerpt":{"rendered":"<p>Ru\u017ei\u010daste be\u0161avne tajice od \u010dvrste, elasti\u010dne tkanine. Ovaj model je visokog struka, \u010dvr\u0161\u0107i je, idealan za hladnije jesenje i zimske dane. Tajice imaju \u0161iroki pojas, lifting i formiraju\u0107i efekt, tako omiljen na\u0161em brendu. Odu\u0161evit \u0107e Vas ove tajice, svojom meko\u0107om, toplinom i na\u010dinom na koji oblikuje Va\u0161u figuru. Model se mo\u017ee kombinirati uz bluzu ili [&hellip;]<\/p>\n","protected":false},"featured_media":26314,"comment_status":"open","ping_status":"closed","template":"","meta":[],"product_brand":[],"product_cat":[136,293],"product_tag":[],"class_list":{"0":"post-34627","1":"product","2":"type-product","3":"status-publish","4":"has-post-thumbnail","6":"product_cat-zenske-sportske-tajice","7":"product_cat-zenske-tajice-duge","8":"pa_cviat-ruzicasta","9":"pa_razmer-l-hr","10":"pa_razmer-m-hr","11":"pa_razmer-s-hr-2","12":"inventories-world","13":"inventories-uk","15":"first","16":"instock","17":"sale","18":"taxable","19":"shipping-taxable","20":"purchasable","21":"product-type-variable"},"_links":{"self":[{"href":"https:\/\/peach-pump.com\/en\/wp-json\/wp\/v2\/product\/34627","targetHints":{"allow":["GET"]}}],"collection":[{"href":"https:\/\/peach-pump.com\/en\/wp-json\/wp\/v2\/product"}],"about":[{"href":"https:\/\/peach-pump.com\/en\/wp-json\/wp\/v2\/types\/product"}],"replies":[{"embeddable":true,"href":"https:\/\/peach-pump.com\/en\/wp-json\/wp\/v2\/comments?post=34627"}],"version-history":[{"count":0,"href":"https:\/\/peach-pump.com\/en\/wp-json\/wp\/v2\/product\/34627\/revisions"}],"wp:featuredmedia":[{"embeddable":true,"href":"https:\/\/peach-pump.com\/en\/wp-json\/wp\/v2\/media\/26314"}],"wp:attachment":[{"href":"https:\/\/peach-pump.com\/en\/wp-json\/wp\/v2\/media?parent=34627"}],"wp:term":[{"taxonomy":"product_brand","embeddable":true,"href":"https:\/\/peach-pump.com\/en\/wp-json\/wp\/v2\/product_brand?post=34627"},{"taxonomy":"product_cat","embeddable":true,"href":"https:\/\/peach-pump.com\/en\/wp-json\/wp\/v2\/product_cat?post=34627"},{"taxonomy":"product_tag","embeddable":true,"href":"https:\/\/peach-pump.com\/en\/wp-json\/wp\/v2\/product_tag?post=34627"}],"curies":[{"name":"wp","href":"https:\/\/api.w.org\/{rel}","templated":true}]}}