{"id":34559,"date":"2023-03-02T15:06:18","date_gmt":"2023-03-02T13:06:18","guid":{"rendered":"https:\/\/peach-pump.com\/products\/besavne-zenske-tajice-u-zasiceno-zelenoj-boji\/"},"modified":"2026-04-04T13:59:37","modified_gmt":"2026-04-04T11:59:37","slug":"besavne-damske-tajice-zasiceno-zelene-boje","status":"publish","type":"product","link":"https:\/\/peach-pump.com\/hr\/products\/besavne-damske-tajice-zasiceno-zelene-boje\/","title":{"rendered":"Be\u0161avne \u017eenske tajice u zasi\u0107eno zelenoj boji"},"content":{"rendered":"<p>Sportske be\u0161avne \u017eenske tajice zasi\u0107eno zelene boje. Model je izra\u0111en od elasti\u010dne, disajne tkanine, savr\u0161eno oblikuje tijelo s Peach Pump efektom. Pogodan je za sna\u017ene i aerobne vje\u017ebe. Tajice imaju \u0161iroki pojas koji nje\u017eno ste\u017ee i oblikuje struk, a dostupne su u nekoliko prekrasnih boja.  <\/p>\n<ul>\n<li> Visok struk<\/li>\n<li> Tkanina bez \u0161avova<\/li>\n<li> Podi\u017ee, oblikuje, prikriva problemati\u010dna podru\u010dja<\/li>\n<li> Rips pojas koji omotava ki\u010dmu<\/li>\n<li> Peachy efekt<\/li>\n<li> Bez \u0161avova sprijeda<\/li>\n<li> Toplinski zape\u010da\u0107eni logo Peach Pump na stra\u017enjoj strani tajice<\/li>\n<li> Tehnologija za odvo\u0111enje znoja<\/li>\n<\/ul>\n<p>  Sastav 80% poliester 20% elastan Wedge se mo\u017ee prati na temperaturi do 30 stupnjeva, nemojte izbjeljivati \u200b\u200bniti \u010distiti na kemijsko pranje. Model na fotografiji je visok 178 cm, te\u017eak 54 kg i nosi veli\u010dinu M (wedge je u\u017ei tkanina) Koristite tablice za odabir to\u010dne veli\u010dine  \t\t<div id=\"sbi_mod_error\" >\n\t\t\t<span>This error message is only visible to WordPress admins<\/span><br\/>\n\t\t\t<p><strong>Error: No connected account.<\/strong>\n\t\t\t<p>Please go to the Instagram Feed settings page to connect an account.<\/p>\n\t\t<\/div>\n\t\t<\/p>\n","protected":false},"excerpt":{"rendered":"<p>Sportske be\u0161avne \u017eenske tajice zasi\u0107eno zelene boje. Model je izra\u0111en od elasti\u010dne, disajne tkanine, savr\u0161eno oblikuje tijelo s Peach Pump efektom. Pogodan je za sna\u017ene i aerobne vje\u017ebe. Tajice imaju \u0161iroki pojas koji nje\u017eno ste\u017ee i oblikuje struk, a dostupne su u nekoliko prekrasnih boja. Visok struk Tkanina bez \u0161avova Podi\u017ee, oblikuje, prikriva problemati\u010dna podru\u010dja [&hellip;]<\/p>\n","protected":false},"featured_media":30603,"comment_status":"open","ping_status":"closed","template":"","meta":[],"product_brand":[],"product_cat":[136,293],"product_tag":[],"class_list":{"0":"post-34559","1":"product","2":"type-product","3":"status-publish","4":"has-post-thumbnail","6":"product_cat-zenske-sportske-tajice","7":"product_cat-zenske-tajice-duge","8":"pa_cviat-zelena","9":"pa_razmer-l-hr","10":"pa_razmer-m-hr","11":"pa_razmer-s-hr-2","12":"pa_razmer-xl-hr","13":"inventories-world","14":"inventories-pl","15":"inventories-uk","17":"first","18":"instock","19":"taxable","20":"shipping-taxable","21":"purchasable","22":"product-type-variable"},"_links":{"self":[{"href":"https:\/\/peach-pump.com\/en\/wp-json\/wp\/v2\/product\/34559","targetHints":{"allow":["GET"]}}],"collection":[{"href":"https:\/\/peach-pump.com\/en\/wp-json\/wp\/v2\/product"}],"about":[{"href":"https:\/\/peach-pump.com\/en\/wp-json\/wp\/v2\/types\/product"}],"replies":[{"embeddable":true,"href":"https:\/\/peach-pump.com\/en\/wp-json\/wp\/v2\/comments?post=34559"}],"version-history":[{"count":0,"href":"https:\/\/peach-pump.com\/en\/wp-json\/wp\/v2\/product\/34559\/revisions"}],"wp:featuredmedia":[{"embeddable":true,"href":"https:\/\/peach-pump.com\/en\/wp-json\/wp\/v2\/media\/30603"}],"wp:attachment":[{"href":"https:\/\/peach-pump.com\/en\/wp-json\/wp\/v2\/media?parent=34559"}],"wp:term":[{"taxonomy":"product_brand","embeddable":true,"href":"https:\/\/peach-pump.com\/en\/wp-json\/wp\/v2\/product_brand?post=34559"},{"taxonomy":"product_cat","embeddable":true,"href":"https:\/\/peach-pump.com\/en\/wp-json\/wp\/v2\/product_cat?post=34559"},{"taxonomy":"product_tag","embeddable":true,"href":"https:\/\/peach-pump.com\/en\/wp-json\/wp\/v2\/product_tag?post=34559"}],"curies":[{"name":"wp","href":"https:\/\/api.w.org\/{rel}","templated":true}]}}