{"id":34153,"date":"2022-09-19T16:34:44","date_gmt":"2022-09-19T16:34:44","guid":{"rendered":"https:\/\/peach-pump.com\/products\/dvodijelni-besavni-sportski-komplet-u-tamnoplavoj-boji\/"},"modified":"2026-03-23T16:29:43","modified_gmt":"2026-03-23T14:29:43","slug":"besavni-sportski-komplet-tamnoplave-boje","status":"publish","type":"product","link":"https:\/\/peach-pump.com\/hr\/products\/besavni-sportski-komplet-tamnoplave-boje\/","title":{"rendered":"Dvodijelni be\u0161avni sportski komplet u tamnoplavoj boji."},"content":{"rendered":"<p>\u017denski be\u0161avni dvodijelni sportski komplet s formiraju\u0107im i lifting efektom. Tajice su izra\u0111ene od be\u0161avne tkanine u tamnoplavoj boji, visokog struka i \u0161irokog rips pojasa koji nje\u017eno ste\u017ee i lijepo oblikuje struk. Sportski grudnjak ima podstavu,duboko izrezan stra\u017enji dio i \u010detverorazinsko kop\u010danje koje regulira opseg prsa. Ovaj set savr\u0161eno pristaje uz tijelo i oblikuje figuru, udoban je kako za aktivne sporta\u0161ice, tako i za le\u017eernije kardio vje\u017ebe i \u0161etnje. O sportskom grudnjaku: &#8211; <\/p>\n<ul>\n<li>Ugra\u0111ena podstava<\/li>\n<li>Push-up efekt<\/li>\n<li>Duboki rez na le\u0111ima<\/li>\n<li>Velika elasti\u010dnost<\/li>\n<li>\u010cetverorazinsko kop\u010danje<\/li>\n<li>Toplinski zape\u010da\u0107eni logo Peach Pump na bo\u010dnoj strani grudnjaka<\/li>\n<li>Tehnologija za odvo\u0111enje znoja<\/li>\n<\/ul>\n<p> O tajicama: <\/p>\n<ul>\n<li>Visok struk<\/li>\n<li>Tkanina bez \u0161avova<\/li>\n<li>Podi\u017eu, oblikuju, prikrivaju problemati\u010dna podru\u010dja<\/li>\n<li>Rips pojas koji omotava ki\u010dmu.<\/li>\n<li>Peachy efekt<\/li>\n<li>Bez \u0161avova sprijeda<\/li>\n<li>Toplinski zape\u010da\u0107eni logo Peach Pump na stra\u017enjoj strani tajice<\/li>\n<li>Tehnologija za odvo\u0111enje znoja<\/li>\n<\/ul>\n<p> Sastav: 80% poliester 20% elastan. Komplet se mo\u017ee prati na temperaturi do 30 stupnjeva, molimo ne mojte koristiti izbjeljiva\u010d \u200b\u200bniti kemijsko \u010di\u0161\u0107enje. Manekenka na fotografiji visoka je 178 cm, te\u0161ka 54 kg i pozira u sportskom grudnjaku veli\u010dine S\/M i tajicama veli\u010dine M. Koristite tablice za odabir to\u010dne veli\u010dine.<\/p>\n","protected":false},"excerpt":{"rendered":"<p>\u017denski be\u0161avni dvodijelni sportski komplet s formiraju\u0107im i lifting efektom. Tajice su izra\u0111ene od be\u0161avne tkanine u tamnoplavoj boji, visokog struka i \u0161irokog rips pojasa koji nje\u017eno ste\u017ee i lijepo oblikuje struk. Sportski grudnjak ima podstavu,duboko izrezan stra\u017enji dio i \u010detverorazinsko kop\u010danje koje regulira opseg prsa. Ovaj set savr\u0161eno pristaje uz tijelo i oblikuje figuru, [&hellip;]<\/p>\n","protected":false},"featured_media":20002,"comment_status":"open","ping_status":"closed","template":"","meta":[],"product_brand":[],"product_cat":[342,344],"product_tag":[],"class_list":{"0":"post-34153","1":"product","2":"type-product","3":"status-publish","4":"has-post-thumbnail","6":"product_cat-zenska-sportska-kombinacije","7":"product_cat-sportski-kompleti-tajica","8":"pa_razmer-l-hr","9":"pa_razmer-m-hr","10":"pa_razmer-s-hr-2","11":"inventories-uk","13":"first","14":"outofstock","15":"virtual","16":"taxable","17":"purchasable","18":"product-type-yith_bundle"},"_links":{"self":[{"href":"https:\/\/peach-pump.com\/en\/wp-json\/wp\/v2\/product\/34153","targetHints":{"allow":["GET"]}}],"collection":[{"href":"https:\/\/peach-pump.com\/en\/wp-json\/wp\/v2\/product"}],"about":[{"href":"https:\/\/peach-pump.com\/en\/wp-json\/wp\/v2\/types\/product"}],"replies":[{"embeddable":true,"href":"https:\/\/peach-pump.com\/en\/wp-json\/wp\/v2\/comments?post=34153"}],"version-history":[{"count":0,"href":"https:\/\/peach-pump.com\/en\/wp-json\/wp\/v2\/product\/34153\/revisions"}],"wp:featuredmedia":[{"embeddable":true,"href":"https:\/\/peach-pump.com\/en\/wp-json\/wp\/v2\/media\/20002"}],"wp:attachment":[{"href":"https:\/\/peach-pump.com\/en\/wp-json\/wp\/v2\/media?parent=34153"}],"wp:term":[{"taxonomy":"product_brand","embeddable":true,"href":"https:\/\/peach-pump.com\/en\/wp-json\/wp\/v2\/product_brand?post=34153"},{"taxonomy":"product_cat","embeddable":true,"href":"https:\/\/peach-pump.com\/en\/wp-json\/wp\/v2\/product_cat?post=34153"},{"taxonomy":"product_tag","embeddable":true,"href":"https:\/\/peach-pump.com\/en\/wp-json\/wp\/v2\/product_tag?post=34153"}],"curies":[{"name":"wp","href":"https:\/\/api.w.org\/{rel}","templated":true}]}}