{"id":27374,"date":"2022-06-15T14:42:46","date_gmt":"2022-06-15T12:42:46","guid":{"rendered":"https:\/\/peach-pump.com\/products\/elektricno-ruzicaste-besavne-tajice-s-efektom-oblikovanja-i-bijelim-prugama\/"},"modified":"2025-07-26T22:39:01","modified_gmt":"2025-07-26T20:39:01","slug":"ruzicaste-besavne-tajice-efekt-oblikovanja","status":"publish","type":"product","link":"https:\/\/peach-pump.com\/hr\/products\/ruzicaste-besavne-tajice-efekt-oblikovanja\/","title":{"rendered":"Elektri\u010dno ru\u017ei\u010daste be\u0161avne tajice s efektom oblikovanja i bijelim trakama"},"content":{"rendered":"<p>Ru\u017ei\u010daste be\u0161avne tajice sa spektakularnim bijelim trakama poput munje. Tajice su s formiraju\u0107im Peach efektom, laserski istanjenim elementima i rips pojasom koji lagano ste\u017ee struk tijekom vje\u017ebanja. Ovaj model tajica izra\u0111en je od u\u017eeg materijala i pogodan je za dame koje vole modele tajica koje dobro ste\u017eu tijelo. (Na\u0161 model pozira u veli\u010dini M, ali u stvarnosti ove tajice odgovaraju damama veli\u010dine S ili XS).<\/p>\n<ul>\n<li>Visok struk<\/li>\n<li>Tkanina bez \u0161avova<\/li>\n<li>Podi\u017eu, oblikuju, prikrivaju problemati\u010dna podru\u010dja<\/li>\n<li>Rips pojas koji omotava ki\u010dmu.<\/li>\n<li>Peachy efekt<\/li>\n<li>Bez \u0161avova sprijeda<\/li>\n<li>Toplinski zape\u010da\u0107eni logo Peach Pump na stra\u017enjoj strani tajice<\/li>\n<li>Tehnologija za odvo\u0111enje znoja<\/li>\n<\/ul>\n<p>Sastav: 80% poliester 20% elastan<\/p>\n<p>Proizvod se mo\u017ee prati na temperaturi do 30 stupnjeva, molimo nemojte koristiti izbjeljiva\u010d niti kemijsko \u010di\u0161\u0107enje.<\/p>\n<p>Manekenka na fotografiji je visoka 178 cm, te\u0161ka 54 kg i nosi veli\u010dinu M (Smanjemi model za dame sa S ili XS veli\u010dinom).<\/p>\n<p>Koristite tablice za odabir to\u010dne veli\u010dine.<\/p>\n","protected":false},"excerpt":{"rendered":"<p>Ru\u017ei\u010daste be\u0161avne tajice sa spektakularnim bijelim trakama poput munje. Tajice su s formiraju\u0107im Peach efektom, laserski istanjenim elementima i rips pojasom koji lagano ste\u017ee struk tijekom vje\u017ebanja. Ovaj model tajica izra\u0111en je od u\u017eeg materijala i pogodan je za dame koje vole modele tajica koje dobro ste\u017eu tijelo. (Na\u0161 model pozira u veli\u010dini M, ali [&hellip;]<\/p>\n","protected":false},"featured_media":17544,"comment_status":"open","ping_status":"closed","template":"","meta":[],"product_brand":[],"product_cat":[136,293],"product_tag":[],"class_list":{"0":"post-27374","1":"product","2":"type-product","3":"status-publish","4":"has-post-thumbnail","6":"product_cat-zenske-sportske-tajice","7":"product_cat-zenske-tajice-duge","8":"pa_cviat-ruzicasta","9":"pa_razmer-l-hr","10":"pa_razmer-m-hr","11":"pa_razmer-s-hr-2","12":"inventories-world","14":"first","15":"outofstock","16":"sale","17":"taxable","18":"shipping-taxable","19":"purchasable","20":"product-type-variable"},"_links":{"self":[{"href":"https:\/\/peach-pump.com\/en\/wp-json\/wp\/v2\/product\/27374","targetHints":{"allow":["GET"]}}],"collection":[{"href":"https:\/\/peach-pump.com\/en\/wp-json\/wp\/v2\/product"}],"about":[{"href":"https:\/\/peach-pump.com\/en\/wp-json\/wp\/v2\/types\/product"}],"replies":[{"embeddable":true,"href":"https:\/\/peach-pump.com\/en\/wp-json\/wp\/v2\/comments?post=27374"}],"version-history":[{"count":0,"href":"https:\/\/peach-pump.com\/en\/wp-json\/wp\/v2\/product\/27374\/revisions"}],"wp:featuredmedia":[{"embeddable":true,"href":"https:\/\/peach-pump.com\/en\/wp-json\/wp\/v2\/media\/17544"}],"wp:attachment":[{"href":"https:\/\/peach-pump.com\/en\/wp-json\/wp\/v2\/media?parent=27374"}],"wp:term":[{"taxonomy":"product_brand","embeddable":true,"href":"https:\/\/peach-pump.com\/en\/wp-json\/wp\/v2\/product_brand?post=27374"},{"taxonomy":"product_cat","embeddable":true,"href":"https:\/\/peach-pump.com\/en\/wp-json\/wp\/v2\/product_cat?post=27374"},{"taxonomy":"product_tag","embeddable":true,"href":"https:\/\/peach-pump.com\/en\/wp-json\/wp\/v2\/product_tag?post=27374"}],"curies":[{"name":"wp","href":"https:\/\/api.w.org\/{rel}","templated":true}]}}