{"id":27371,"date":"2022-06-15T14:51:03","date_gmt":"2022-06-15T12:51:03","guid":{"rendered":"https:\/\/peach-pump.com\/products\/crna-sportska-bluza-s-podstavom-i-prekrizenim-ledima\/"},"modified":"2024-09-05T09:20:42","modified_gmt":"2024-09-05T07:20:42","slug":"crna-sportska-bluza-podstava","status":"publish","type":"product","link":"https:\/\/peach-pump.com\/hr\/products\/crna-sportska-bluza-podstava\/","title":{"rendered":"Crna sportska bluza s podstavom i kri\u017enim elementima na le\u0111ima"},"content":{"rendered":"<p>Moderna crna sportska bluza od vrlo elasti\u010dnog materijala. Model ima spektakularne kri\u017ene elemente na le\u0111ima i \u010dvrste podstave poput grudnjaka koji savr\u0161eno dr\u017ei i oblikuje va\u0161e poprsje. U donjem dijelu le\u0111a pojas je dizajniran s pet horizontalnih traka, za dodatnu udobnost i moderan izgled. Ne ostavlja mrlje tijekom znojenja. Uz ovaj model osje\u0107at \u0107ete se ugodno i lijepo tijekom vje\u017ebanja, bilo da se radi o jogi, fitnesu ili sportovima na otvorenom.<\/p>\n<ul>\n<li>Ugra\u0111ena \u010dvrsta podstava s lifting efektom<\/li>\n<li>Prekri\u017eena, spektakularna le\u0111a<\/li>\n<li>Velika elasti\u010dnost<\/li>\n<li>Toplinski zape\u010da\u0107eno Peach Pump na ramenu<\/li>\n<li>Tehnologija za odvo\u0111enje znoja<\/li>\n<\/ul>\n<p>Sastav: 80% poliester 20% elastan<\/p>\n<p>Bluza se mo\u017ee prati na temperaturi do 30 stupnjeva, nemojte koristiti izbjeljiva\u010d niti kemijsko \u010di\u0161\u0107enje.<\/p>\n<p>Manekenka na fotografiji visoka je 178 cm, te\u0161ka 54 kg i nosi veli\u010dinu M.<\/p>\n<p>Koristite tablice za odabir to\u010dne veli\u010dine.<\/p>\n","protected":false},"excerpt":{"rendered":"<p>Moderna crna sportska bluza od vrlo elasti\u010dnog materijala. Model ima spektakularne kri\u017ene elemente na le\u0111ima i \u010dvrste podstave poput grudnjaka koji savr\u0161eno dr\u017ei i oblikuje va\u0161e poprsje. U donjem dijelu le\u0111a pojas je dizajniran s pet horizontalnih traka, za dodatnu udobnost i moderan izgled. Ne ostavlja mrlje tijekom znojenja. Uz ovaj model osje\u0107at \u0107ete se [&hellip;]<\/p>\n","protected":false},"featured_media":18460,"comment_status":"open","ping_status":"closed","template":"","meta":[],"product_brand":[],"product_cat":[340],"product_tag":[],"class_list":{"0":"post-27371","1":"product","2":"type-product","3":"status-publish","4":"has-post-thumbnail","6":"product_cat-zenske-bluze-sportske","7":"pa_cviat-crno","8":"pa_razmer-l-hr","9":"pa_razmer-m-hr","10":"pa_razmer-s-hr-2","11":"inventories-world","13":"first","14":"instock","15":"taxable","16":"shipping-taxable","17":"purchasable","18":"product-type-variable"},"_links":{"self":[{"href":"https:\/\/peach-pump.com\/en\/wp-json\/wp\/v2\/product\/27371","targetHints":{"allow":["GET"]}}],"collection":[{"href":"https:\/\/peach-pump.com\/en\/wp-json\/wp\/v2\/product"}],"about":[{"href":"https:\/\/peach-pump.com\/en\/wp-json\/wp\/v2\/types\/product"}],"replies":[{"embeddable":true,"href":"https:\/\/peach-pump.com\/en\/wp-json\/wp\/v2\/comments?post=27371"}],"version-history":[{"count":0,"href":"https:\/\/peach-pump.com\/en\/wp-json\/wp\/v2\/product\/27371\/revisions"}],"wp:featuredmedia":[{"embeddable":true,"href":"https:\/\/peach-pump.com\/en\/wp-json\/wp\/v2\/media\/18460"}],"wp:attachment":[{"href":"https:\/\/peach-pump.com\/en\/wp-json\/wp\/v2\/media?parent=27371"}],"wp:term":[{"taxonomy":"product_brand","embeddable":true,"href":"https:\/\/peach-pump.com\/en\/wp-json\/wp\/v2\/product_brand?post=27371"},{"taxonomy":"product_cat","embeddable":true,"href":"https:\/\/peach-pump.com\/en\/wp-json\/wp\/v2\/product_cat?post=27371"},{"taxonomy":"product_tag","embeddable":true,"href":"https:\/\/peach-pump.com\/en\/wp-json\/wp\/v2\/product_tag?post=27371"}],"curies":[{"name":"wp","href":"https:\/\/api.w.org\/{rel}","templated":true}]}}