{"id":16300,"date":"2022-06-11T21:50:04","date_gmt":"2022-06-11T19:50:04","guid":{"rendered":"https:\/\/peach-pump.com\/products\/svijetloplava-odjeca-za-oblikovanje\/"},"modified":"2025-06-21T12:41:05","modified_gmt":"2025-06-21T10:41:05","slug":"svijetloplavi-zenski-besavni-sport","status":"publish","type":"product","link":"https:\/\/peach-pump.com\/hr\/products\/svijetloplavi-zenski-besavni-sport\/","title":{"rendered":"Svijetloplave be\u0161avne tajice za oblikovanje za jogu i fitness"},"content":{"rendered":"<p>Plave \u017eenske tajice visokog struka bez \u0161avova sa \u0161irokim rips pojasom. Tajice imaju na\u0161 tako omiljeni Peachy efekt, podi\u017eu i oblikuju. Tkanina je mekana, \u010dvrsta, ali disajna, s laserski istanjenim ukrasima, \u0161to stvava tajice savr\u0161ene za vje\u017ebu, kako u hladnijim mjesecima tako i ljeti (Elasti\u010dni model).<\/p>\n<ul>\n<li>Visok struk<\/li>\n<li>Tkanina bez \u0161avova<\/li>\n<li>Peachy efekt<\/li>\n<li>Podi\u017eu, oblikuju, prikrivaju problemati\u010dna podru\u010dja<\/li>\n<li>Rips pojas koji omotava ki\u010dmu.<\/li>\n<li>Bez \u0161avova sprijeda<\/li>\n<li>Toplinski zape\u010da\u0107eni logo Peach Pump na stra\u017enjoj strani tajice<\/li>\n<li>Materijal za odvo\u0111enje znoja<\/li>\n<\/ul>\n<p>Sastav: 80% poliester 20% elastan<\/p>\n<p>Tajice se mogu prati na temperaturi do 30 stupnjeva, molimo nemojte koristiti izbjeljiva\u010d niti kemijsko \u010di\u0161\u0107enje<\/p>\n<p>Manekenka na fotografiji je visoka 178 cm, te\u0161ka 54 kg i nosi veli\u010dinu M (elasti\u010dni model).<\/p>\n<p>Koristite tablice za odabir to\u010dne veli\u010dine.<\/p>\n<p>&nbsp;<\/p>\n","protected":false},"excerpt":{"rendered":"<p>Plave \u017eenske tajice visokog struka bez \u0161avova sa \u0161irokim rips pojasom. Tajice imaju na\u0161 tako omiljeni Peachy efekt, podi\u017eu i oblikuju. Tkanina je mekana, \u010dvrsta, ali disajna, s laserski istanjenim ukrasima, \u0161to stvava tajice savr\u0161ene za vje\u017ebu, kako u hladnijim mjesecima tako i ljeti (Elasti\u010dni model). Visok struk Tkanina bez \u0161avova Peachy efekt Podi\u017eu, oblikuju, [&hellip;]<\/p>\n","protected":false},"featured_media":17026,"comment_status":"open","ping_status":"closed","template":"","meta":[],"product_brand":[],"product_cat":[136,293],"product_tag":[],"class_list":{"0":"post-16300","1":"product","2":"type-product","3":"status-publish","4":"has-post-thumbnail","6":"product_cat-zenske-sportske-tajice","7":"product_cat-zenske-tajice-duge","8":"pa_cviat-svijetlo-plava","9":"pa_razmer-l-hr","10":"pa_razmer-m-hr","11":"pa_razmer-s-hr-2","12":"inventories-world","13":"inventories-uk","15":"first","16":"instock","17":"taxable","18":"shipping-taxable","19":"purchasable","20":"product-type-variable"},"_links":{"self":[{"href":"https:\/\/peach-pump.com\/en\/wp-json\/wp\/v2\/product\/16300","targetHints":{"allow":["GET"]}}],"collection":[{"href":"https:\/\/peach-pump.com\/en\/wp-json\/wp\/v2\/product"}],"about":[{"href":"https:\/\/peach-pump.com\/en\/wp-json\/wp\/v2\/types\/product"}],"replies":[{"embeddable":true,"href":"https:\/\/peach-pump.com\/en\/wp-json\/wp\/v2\/comments?post=16300"}],"version-history":[{"count":0,"href":"https:\/\/peach-pump.com\/en\/wp-json\/wp\/v2\/product\/16300\/revisions"}],"wp:featuredmedia":[{"embeddable":true,"href":"https:\/\/peach-pump.com\/en\/wp-json\/wp\/v2\/media\/17026"}],"wp:attachment":[{"href":"https:\/\/peach-pump.com\/en\/wp-json\/wp\/v2\/media?parent=16300"}],"wp:term":[{"taxonomy":"product_brand","embeddable":true,"href":"https:\/\/peach-pump.com\/en\/wp-json\/wp\/v2\/product_brand?post=16300"},{"taxonomy":"product_cat","embeddable":true,"href":"https:\/\/peach-pump.com\/en\/wp-json\/wp\/v2\/product_cat?post=16300"},{"taxonomy":"product_tag","embeddable":true,"href":"https:\/\/peach-pump.com\/en\/wp-json\/wp\/v2\/product_tag?post=16300"}],"curies":[{"name":"wp","href":"https:\/\/api.w.org\/{rel}","templated":true}]}}