{"id":148253,"date":"2026-04-25T08:21:40","date_gmt":"2026-04-25T06:21:40","guid":{"rendered":"https:\/\/peach-pump.com\/products\/plavi-sportski-set-tajice-i-sportski-grudnjak\/"},"modified":"2026-04-30T14:32:59","modified_gmt":"2026-04-30T12:32:59","slug":"plavi-sportski-set-tajice-i-sportski-grudnjak","status":"publish","type":"product","link":"https:\/\/peach-pump.com\/hr\/products\/plavi-sportski-set-tajice-i-sportski-grudnjak\/","title":{"rendered":"Plavi \u017eenski sportski set od tajica i korzeta s 3D \u0161avovima"},"content":{"rendered":"<p class=\"p1\"><span class=\"s2\">\u017denski sportski set Peach Pump, koji se sastoji od sportski grudnjak i tajice u tamnoplavoj<\/span> <span class=\"s1\">boji<\/span><span class=\"s2\"> , savr\u0161en izbor za moderan sportski izgled u bilo kojem godi\u0161njem dobu. Set je izra\u0111en od mekane, elasti\u010dne i udobne tkanine koja ne zadr\u017eava vlagu u tijelu i pru\u017ea lako\u0107u, udobnost i slobodu kretanja.  <\/span><span class=\"s2\">Grudnjak ima<\/span> <span class=\"s1\">push-up podstava <\/span><span class=\"s2\">koja nagla\u0161ava poprsje i stvaraju lijepu siluetu, kao i<\/span> <span class=\"s1\">podesive naramenice.<\/span><span class=\"s2\"> za individualno pristajanje. Tajice s  <\/span><span class=\"s1\">visoki struk<\/span> <span class=\"s2\">koji prikuplja i oblikuje, stvaraju\u0107i osje\u0107aj uske i isklesane siluete.<\/span> <span class=\"s2\">Spektakularni<\/span> <span class=\"s1\">3D \u0161avovi<\/span> grudnjaka <span class=\"s2\">i tajica vizualno oblikuju tijelo, izdu\u017euju figuru i stvaraju opti\u010dku iluziju u\u017eeg struka i<\/span> figure <span class=\"s1\">pje\u0161\u010danog sata<\/span> <span class=\"s2\">.<\/span><\/p>\n<p class=\"p1\"><span class=\"s2\">Set je dostupan u nekoliko boja i pogodan je kako za vje\u017ebe , tako i za moderan svakodnevni izgled.<\/span><\/p>\n<p class=\"p1\"><span class=\"s2\">O sportskom grudnjaku: <\/span><\/p>\n<ul class=\"ul1\">\n<li class=\"li1\"><span class=\"s2\">Mekani materijal koji ne zadr\u017eava vlagu je tijelo  <\/span><\/li>\n<li class=\"li1\"><span class=\"s2\">Toplinski zape\u010da\u0107eni Peach Pump logo na prednjoj strani grudnjaka  <\/span><\/li>\n<li class=\"li1\"><span class=\"s2\">Podesive naramenice<\/span><\/li>\n<li class=\"li1\"><span class=\"s2\">Push-up podstava <\/span><\/li>\n<li class=\"li1\"><span class=\"s2\">Seksi, moderan dizajn  <\/span><\/li>\n<li class=\"li1\"><span class=\"s2\">3D \u0161avovi za oblikovanu siluetu.  <\/span><\/li>\n<\/ul>\n<p class=\"p1\"><span class=\"s2\">O tajicama: <\/span><\/p>\n<ul class=\"ul1\">\n<li class=\"li1\"><span class=\"s2\">Mekani materijal koji ne zadr\u017eava vlagu u tijelu.<\/span><\/li>\n<li class=\"li1\"><span class=\"s2\">Visoki struk za pripijenu i oblikovanu siluetu.<\/span><\/li>\n<li class=\"li1\"><span class=\"s2\">3D \u0161avovi koji vizualno izdu\u017euju figuru pje\u0161\u010danog sata<\/span><\/li>\n<li class=\"li1\"><span class=\"s2\">Toplinski zape\u010da\u0107eni Peach Pump logo na prednjoj strani<\/span><\/li>\n<li class=\"li1\"><span class=\"s2\">Elasti\u010dni i udobni kroj<\/span><\/li>\n<li class=\"li1\"><span class=\"s2\">Seksi, moderan dizajn<\/span><\/li>\n<li class=\"li1\"><span class=\"s2\">Mo\u017ee se kombinirati s korzetom u istoj boji<\/span><\/li>\n<\/ul>\n<p>Komplet se mo\u017ee prati na temperaturi do 30 stupnjeva, nemojte izbjeljivati \u200b\u200bniti koristiti kemijsko \u010di\u0161\u0107enje.<\/p>\n<p>Model na fotografiji je visok 170 cm i te\u017eak 53 kg. i pozira u veli\u010dini S za tajice i sportski grudnjak. <\/p>\n<p>Koristite tablice za odabir to\u010dne veli\u010dine.<\/p>\n<p>Sastav: 90% najlon 10% elastan<\/p>\n","protected":false},"excerpt":{"rendered":"<p>\u017denski sportski set Peach Pump, koji se sastoji od sportski grudnjak i tajice u tamnoplavoj boji , savr\u0161en izbor za moderan sportski izgled u bilo kojem godi\u0161njem dobu. Set je izra\u0111en od mekane, elasti\u010dne i udobne tkanine koja ne zadr\u017eava vlagu u tijelu i pru\u017ea lako\u0107u, udobnost i slobodu kretanja. Grudnjak ima push-up podstava koja [&hellip;]<\/p>\n","protected":false},"featured_media":147462,"comment_status":"open","ping_status":"closed","template":"","meta":[],"product_brand":[],"product_cat":[342,344],"product_tag":[],"class_list":{"0":"post-148253","1":"product","2":"type-product","3":"status-publish","4":"has-post-thumbnail","6":"product_cat-zenska-sportska-kombinacije","7":"product_cat-sportski-kompleti-tajica","8":"pa_cviat-plava","9":"inventories-world","11":"first","12":"instock","13":"taxable","14":"shipping-taxable","15":"purchasable","16":"product-type-yith_bundle"},"_links":{"self":[{"href":"https:\/\/peach-pump.com\/en\/wp-json\/wp\/v2\/product\/148253","targetHints":{"allow":["GET"]}}],"collection":[{"href":"https:\/\/peach-pump.com\/en\/wp-json\/wp\/v2\/product"}],"about":[{"href":"https:\/\/peach-pump.com\/en\/wp-json\/wp\/v2\/types\/product"}],"replies":[{"embeddable":true,"href":"https:\/\/peach-pump.com\/en\/wp-json\/wp\/v2\/comments?post=148253"}],"version-history":[{"count":0,"href":"https:\/\/peach-pump.com\/en\/wp-json\/wp\/v2\/product\/148253\/revisions"}],"wp:featuredmedia":[{"embeddable":true,"href":"https:\/\/peach-pump.com\/en\/wp-json\/wp\/v2\/media\/147462"}],"wp:attachment":[{"href":"https:\/\/peach-pump.com\/en\/wp-json\/wp\/v2\/media?parent=148253"}],"wp:term":[{"taxonomy":"product_brand","embeddable":true,"href":"https:\/\/peach-pump.com\/en\/wp-json\/wp\/v2\/product_brand?post=148253"},{"taxonomy":"product_cat","embeddable":true,"href":"https:\/\/peach-pump.com\/en\/wp-json\/wp\/v2\/product_cat?post=148253"},{"taxonomy":"product_tag","embeddable":true,"href":"https:\/\/peach-pump.com\/en\/wp-json\/wp\/v2\/product_tag?post=148253"}],"curies":[{"name":"wp","href":"https:\/\/api.w.org\/{rel}","templated":true}]}}