{"id":148236,"date":"2026-04-25T08:01:44","date_gmt":"2026-04-25T06:01:44","guid":{"rendered":"https:\/\/peach-pump.com\/products\/crni-sportski-grudnjak-push-up\/"},"modified":"2026-05-06T19:10:00","modified_gmt":"2026-05-06T17:10:00","slug":"crni-sportski-grudnjak-push-up","status":"publish","type":"product","link":"https:\/\/peach-pump.com\/hr\/products\/crni-sportski-grudnjak-push-up\/","title":{"rendered":"Crni sportski grudnjak s push-up efektom i 3D \u0161avom"},"content":{"rendered":"<p class=\"p1\"><span class=\"s2\">\u017denski srni sportski grudnjak, prikladan za svako godi\u0161nje doba. Izra\u0111en je od udobne tkanine koja ne zadr\u017eava vlagu u tijelu i pru\u017ea lako\u0107u i udobnost tijekom no\u0161enja. Grudnjak ima   <\/span><span class=\"s1\">push-up podstava <\/span><span class=\"s2\">koja nagla\u0161ava poprsje i oblikuju prekrasnu siluetu, kao i<\/span> <span class=\"s1\">podesive naramenice<\/span> <span class=\"s2\">za individualno prilago\u0111avanje.<\/span> <span class=\"s2\">U\u010dinkoviti<\/span> <span class=\"s1\">3D \u0161av<\/span> vizualno oblikuje tijelo i stvara opti\u010dku iluziju <span class=\"s2\">figure<\/span> <span class=\"s1\">pje\u0161\u010danog sata<\/span> <span class=\"s2\">.<\/span> <span class=\"s2\">Grudnjak je dostupan u nekoliko boja i mo\u017ee se kombinirati s tajicama u istoj boji za potpuni sportski Peach Pump izgled.<\/span><\/p>\n<p class=\"p1\"><span class=\"s2\">Pogodno i za sportski izgled i za modernu svakodnevnu kombinaciju.  <\/span><\/p>\n<ul class=\"ul1\">\n<li class=\"li1\"><span class=\"s2\">Mekani materijal koji ne zadr\u017eava vlagu je tijelo  <\/span><\/li>\n<li class=\"li1\"><span class=\"s2\">Toplinski zape\u010da\u0107eni Peach Pump logo na prednjoj strani grudnjaka  <\/span><\/li>\n<li class=\"li1\"><span class=\"s2\">Podesive naramenice<\/span><\/li>\n<li class=\"li1\"><span class=\"s2\">Push-up podsrava <\/span><\/li>\n<li class=\"li1\"><span class=\"s2\">Seksi, moderan dizajn  <\/span><\/li>\n<li class=\"li1\"><span class=\"s2\">3D \u0161avovi za oblikovanu siluetu.  <\/span><\/li>\n<\/ul>\n<p>Grudnjak se mo\u017ee prati na temperaturi do 30 stupnjeva, molimo vas da ne koristite izbjeljiva\u010d ili kemijsko \u010di\u0161\u0107enje.<\/p>\n<p>Model na fotografiji je visok 170 cm i te\u017eak 53 kg. i pozira s veli\u010dinom S.<\/p>\n<p>Koristite tablice za odabir to\u010dne veli\u010dine.<\/p>\n<p>Sastav: 90% najlon 10% elastan<\/p>\n","protected":false},"excerpt":{"rendered":"<p>\u017denski srni sportski grudnjak, prikladan za svako godi\u0161nje doba. Izra\u0111en je od udobne tkanine koja ne zadr\u017eava vlagu u tijelu i pru\u017ea lako\u0107u i udobnost tijekom no\u0161enja. Grudnjak ima push-up podstava koja nagla\u0161ava poprsje i oblikuju prekrasnu siluetu, kao i podesive naramenice za individualno prilago\u0111avanje. U\u010dinkoviti 3D \u0161av vizualno oblikuje tijelo i stvara opti\u010dku iluziju [&hellip;]<\/p>\n","protected":false},"featured_media":147101,"comment_status":"open","ping_status":"closed","template":"","meta":[],"product_brand":[],"product_cat":[341],"product_tag":[],"class_list":{"0":"post-148236","1":"product","2":"type-product","3":"status-publish","4":"has-post-thumbnail","6":"product_cat-sportski-grudnjaci","7":"pa_cviat-crvena","8":"pa_razmer-l-hr","9":"pa_razmer-m-hr","10":"pa_razmer-s-hr-2","11":"inventories-world","12":"inventories-pl","14":"first","15":"instock","16":"taxable","17":"shipping-taxable","18":"purchasable","19":"product-type-variable"},"_links":{"self":[{"href":"https:\/\/peach-pump.com\/en\/wp-json\/wp\/v2\/product\/148236","targetHints":{"allow":["GET"]}}],"collection":[{"href":"https:\/\/peach-pump.com\/en\/wp-json\/wp\/v2\/product"}],"about":[{"href":"https:\/\/peach-pump.com\/en\/wp-json\/wp\/v2\/types\/product"}],"replies":[{"embeddable":true,"href":"https:\/\/peach-pump.com\/en\/wp-json\/wp\/v2\/comments?post=148236"}],"version-history":[{"count":0,"href":"https:\/\/peach-pump.com\/en\/wp-json\/wp\/v2\/product\/148236\/revisions"}],"wp:featuredmedia":[{"embeddable":true,"href":"https:\/\/peach-pump.com\/en\/wp-json\/wp\/v2\/media\/147101"}],"wp:attachment":[{"href":"https:\/\/peach-pump.com\/en\/wp-json\/wp\/v2\/media?parent=148236"}],"wp:term":[{"taxonomy":"product_brand","embeddable":true,"href":"https:\/\/peach-pump.com\/en\/wp-json\/wp\/v2\/product_brand?post=148236"},{"taxonomy":"product_cat","embeddable":true,"href":"https:\/\/peach-pump.com\/en\/wp-json\/wp\/v2\/product_cat?post=148236"},{"taxonomy":"product_tag","embeddable":true,"href":"https:\/\/peach-pump.com\/en\/wp-json\/wp\/v2\/product_tag?post=148236"}],"curies":[{"name":"wp","href":"https:\/\/api.w.org\/{rel}","templated":true}]}}