{"id":140072,"date":"2025-12-07T20:20:54","date_gmt":"2025-12-07T18:20:54","guid":{"rendered":"https:\/\/peach-pump.com\/products\/bez-sportska-jakna-vez-na-ledima\/"},"modified":"2026-04-03T08:47:12","modified_gmt":"2026-04-03T06:47:12","slug":"bez-sportska-jakna-vez-na-ledima","status":"publish","type":"product","link":"https:\/\/peach-pump.com\/hr\/products\/bez-sportska-jakna-vez-na-ledima\/","title":{"rendered":"Kratka be\u017e sportska jakna s vezom na le\u0111ima"},"content":{"rendered":"<p class=\"p1\"><span class=\"s1\">Kratka be\u017e sportska jakna s vezom na le\u0111ima izra\u0111ena od<\/span> <span class=\"s2\">mekane i glatke tkanine<\/span><span class=\"s1\">, pru\u017eaju\u0107a udobnost tijekom sporta ili svakodnevnog no\u0161enja. Model je s  <\/span><span class=\"s2\">dvostrukim patentnim zatvara\u010dem s ugraviranim logom Peach Pump na prednjoj strani<\/span><span class=\"s1\">, \u0161to omogu\u0107uje razli\u010dite na\u010dine no\u0161enja &#8211; potpuno zakop\u010dano, poluotkop\u010dano ili kao naglasak u stilu. Jakna ima   <\/span><span class=\"s2\">dva bo\u010dna d\u017eepa koja se zatvaraju patentnim zatvara\u010dem, opet s ugraviranim patentnim zatvara\u010dima marke<\/span><span class=\"s1\">. Rukavi, ovratnik i donji rub su  <\/span><span class=\"s2\">elasti\u010dne rips man\u017eete<\/span><span class=\"s1\">, koji pru\u017eaju udobno pristajanje i nagla\u0161avaju sportsku siluetu. Poseban naglasak je   <\/span><span class=\"s2\">detaljni 2D i 3D vez na stra\u017enjoj strani<\/span><span class=\"s1\">. Na prednjoj strani nalazi se dodatni mali metalni logo Peach Pump. <\/span><\/p>\n<p class=\"p1\"><span class=\"s1\">Materijal je izuzetno mekan, nje\u017ean za ko\u017eu i izdr\u017eljiv tijekom vremena \u2013 ne gu\u017eva se lako i zadr\u017eava oblik \u010dak i uz \u010desto no\u0161enje. Zahvaljuju\u0107i modernom kratkom kroju, jakna lijepo pristaje tijelu, nagla\u0161avaju\u0107i siluetu bez ograni\u010davanja pokreta.   <\/span>Be\u017e jakna je univerzalno i elegantno rje\u0161enje, ide uz gotovo sve i daje \u010dist izgled.  <span class=\"s1\">Ovo je model koji kombinira stil, udobnost i visoku kvalitetu &#8211; idealan izbor za \u017eene koje tra\u017ee ne\u0161to druga\u010dije, moderno i impresivno u svojoj sportskoj garderobi.  <\/span><\/p>\n<p class=\"p1\"><span class=\"s1\">  \u2022 Mekana i ugodna tkanina na dodir<\/span><\/p>\n<p class=\"p3\"><span class=\"s1\"> \u2022 Dvostruki patentni zatvara\u010d sprijeda s ugraviranim logom Peach Pump.<\/span><\/p>\n<p class=\"p3\"><span class=\"s1\"> \u2022 Bo\u010dni d\u017eepovi koji se zatvaraju patentnim zatvara\u010dem, tako\u0111er s ugraviranim logom Peach Pump <\/span><\/p>\n<p class=\"p3\"><span class=\"s1\"> \u2022 Rips man\u017eete, ovratnik i rub<\/span><\/p>\n<p class=\"p3\"><span class=\"s1\">  \u2022 Visokokvalitetni 2D i 3D vez na stra\u017enjoj strani<\/span><\/p>\n<p class=\"p3\"><span class=\"s1\">  \u2022 Kratka moderna silueta<\/span><\/p>\n<p class=\"p3\"><span class=\"s1\">  \u2022 Pogodno za sport i svakodnevni izgled<\/span><\/p>\n<p>Sastav: 52% Modal \/ 43% Poliester \/ 5% Spandex<\/p>\n<p>Jakna se mo\u017ee prati na temperaturama do 30 stupnjeva, nemojte koristiti izbjeljiva\u010d ili kemijsko \u010di\u0161\u0107enje.<\/p>\n<p>Model na fotografiji je visok 170 cm, te\u017eak 52 kg i nosi veli\u010dinu S.<\/p>\n","protected":false},"excerpt":{"rendered":"<p>Kratka be\u017e sportska jakna s vezom na le\u0111ima izra\u0111ena od mekane i glatke tkanine, pru\u017eaju\u0107a udobnost tijekom sporta ili svakodnevnog no\u0161enja. Model je s dvostrukim patentnim zatvara\u010dem s ugraviranim logom Peach Pump na prednjoj strani, \u0161to omogu\u0107uje razli\u010dite na\u010dine no\u0161enja &#8211; potpuno zakop\u010dano, poluotkop\u010dano ili kao naglasak u stilu. Jakna ima dva bo\u010dna d\u017eepa koja [&hellip;]<\/p>\n","protected":false},"featured_media":138578,"comment_status":"open","ping_status":"closed","template":"","meta":[],"product_brand":[],"product_cat":[919,1119],"product_tag":[],"class_list":{"0":"post-140072","1":"product","2":"type-product","3":"status-publish","4":"has-post-thumbnail","6":"product_cat-zenske-jakne","7":"product_cat-zenske-majice-s-kapuljacom-hoodies","8":"pa_cviat-bez","9":"pa_razmer-l-hr","10":"pa_razmer-m-hr","11":"pa_razmer-s-hr-2","12":"inventories-world","13":"inventories-pl","15":"first","16":"instock","17":"taxable","18":"shipping-taxable","19":"purchasable","20":"product-type-variable"},"_links":{"self":[{"href":"https:\/\/peach-pump.com\/hr\/wp-json\/wp\/v2\/product\/140072","targetHints":{"allow":["GET"]}}],"collection":[{"href":"https:\/\/peach-pump.com\/hr\/wp-json\/wp\/v2\/product"}],"about":[{"href":"https:\/\/peach-pump.com\/hr\/wp-json\/wp\/v2\/types\/product"}],"replies":[{"embeddable":true,"href":"https:\/\/peach-pump.com\/hr\/wp-json\/wp\/v2\/comments?post=140072"}],"version-history":[{"count":0,"href":"https:\/\/peach-pump.com\/hr\/wp-json\/wp\/v2\/product\/140072\/revisions"}],"wp:featuredmedia":[{"embeddable":true,"href":"https:\/\/peach-pump.com\/hr\/wp-json\/wp\/v2\/media\/138578"}],"wp:attachment":[{"href":"https:\/\/peach-pump.com\/hr\/wp-json\/wp\/v2\/media?parent=140072"}],"wp:term":[{"taxonomy":"product_brand","embeddable":true,"href":"https:\/\/peach-pump.com\/hr\/wp-json\/wp\/v2\/product_brand?post=140072"},{"taxonomy":"product_cat","embeddable":true,"href":"https:\/\/peach-pump.com\/hr\/wp-json\/wp\/v2\/product_cat?post=140072"},{"taxonomy":"product_tag","embeddable":true,"href":"https:\/\/peach-pump.com\/hr\/wp-json\/wp\/v2\/product_tag?post=140072"}],"curies":[{"name":"wp","href":"https:\/\/api.w.org\/{rel}","templated":true}]}}