{"id":137952,"date":"2025-11-22T22:57:03","date_gmt":"2025-11-22T20:57:03","guid":{"rendered":"https:\/\/peach-pump.com\/products\/tajice-srednjeg-struka-smede\/"},"modified":"2026-04-03T13:13:37","modified_gmt":"2026-04-03T11:13:37","slug":"tajice-srednjeg-struka-smede","status":"publish","type":"product","link":"https:\/\/peach-pump.com\/hr\/products\/tajice-srednjeg-struka-smede\/","title":{"rendered":"Sme\u0111e sportske tajice &#8220;Cacao&#8221; sa srednjim strukom i mekim unutarnjim dijelom"},"content":{"rendered":"<p>Sme\u0111e sportske tajice &#8220;Cacao&#8221; sa srednjim strukom i mekim unutarnjim dijelom. Osjetite pravu udobnost dizajniranu da pru\u017ei maksimalnu meko\u0107u iznutra i savr\u0161eno pristajanje izvana. Izra\u0111ene od elasti\u010dne tkanine, bez efekta oblikovanja, sa srednjim strukom. Tajice prianjaju uz tijelo i nagla\u0161avaju prirodne oblike bez pritiskanja. Njihov unutarnji dio je mekan i nje\u017ean za ko\u017eu, \u0161to ih \u010dini idealnim i za trening i za svakodnevno no\u0161enje, \u0161etnju po hladnijem vremenu. Tkanina je \u010dvrsta i nema nikakvu prozirnost. Dostupne u nekoliko boja relevantnih za zimsku sezonu, koje se lako kombiniraju.      <\/p>\n<ul>\n<li>Srednji struk<\/li>\n<li>Elasti\u010dna tkanina (model na fotografijama nosi veli\u010dinu S, visok je 178 cm i te\u017eak 56 kg)<\/li>\n<li>Mekani unutarnji dio<\/li>\n<li>Logo i natpis Peach Pump<\/li>\n<li>\u010cvrsti materijal bez ikakve prozirnosti<\/li>\n<li>Disajni materijal<\/li>\n<li>Pogodno za sport, \u0161etnju i svakodnevno no\u0161enje<\/li>\n<\/ul>\n<p>Sastav: 80% poliester 20% elastan<\/p>\n<p>Proizvod se mo\u017ee prati na temperaturi do 30 stupnjeva, molimo nemojte koristiti izbjeljiva\u010d niti kemijsko \u010di\u0161\u0107enje.<\/p>\n<p>Manekenka na fotografiji visoka je 178 cm, te\u0161ka 56 kg i nosi veli\u010dinu S.<\/p>\n<p>Koristite tablice za odabir to\u010dne veli\u010dine.<\/p>\n","protected":false},"excerpt":{"rendered":"<p>Sme\u0111e sportske tajice &#8220;Cacao&#8221; sa srednjim strukom i mekim unutarnjim dijelom. Osjetite pravu udobnost dizajniranu da pru\u017ei maksimalnu meko\u0107u iznutra i savr\u0161eno pristajanje izvana. Izra\u0111ene od elasti\u010dne tkanine, bez efekta oblikovanja, sa srednjim strukom. Tajice prianjaju uz tijelo i nagla\u0161avaju prirodne oblike bez pritiskanja. Njihov unutarnji dio je mekan i nje\u017ean za ko\u017eu, \u0161to ih [&hellip;]<\/p>\n","protected":false},"featured_media":135771,"comment_status":"open","ping_status":"closed","template":"","meta":[],"product_brand":[],"product_cat":[136,293],"product_tag":[],"class_list":{"0":"post-137952","1":"product","2":"type-product","3":"status-publish","4":"has-post-thumbnail","6":"product_cat-zenske-sportske-tajice","7":"product_cat-zenske-tajice-duge","8":"pa_cviat-smede","9":"pa_razmer-l-hr","10":"pa_razmer-m-hr","11":"pa_razmer-s-hr-2","12":"inventories-world","13":"inventories-pl","15":"first","16":"instock","17":"taxable","18":"shipping-taxable","19":"purchasable","20":"product-type-variable"},"_links":{"self":[{"href":"https:\/\/peach-pump.com\/hr\/wp-json\/wp\/v2\/product\/137952","targetHints":{"allow":["GET"]}}],"collection":[{"href":"https:\/\/peach-pump.com\/hr\/wp-json\/wp\/v2\/product"}],"about":[{"href":"https:\/\/peach-pump.com\/hr\/wp-json\/wp\/v2\/types\/product"}],"replies":[{"embeddable":true,"href":"https:\/\/peach-pump.com\/hr\/wp-json\/wp\/v2\/comments?post=137952"}],"version-history":[{"count":0,"href":"https:\/\/peach-pump.com\/hr\/wp-json\/wp\/v2\/product\/137952\/revisions"}],"wp:featuredmedia":[{"embeddable":true,"href":"https:\/\/peach-pump.com\/hr\/wp-json\/wp\/v2\/media\/135771"}],"wp:attachment":[{"href":"https:\/\/peach-pump.com\/hr\/wp-json\/wp\/v2\/media?parent=137952"}],"wp:term":[{"taxonomy":"product_brand","embeddable":true,"href":"https:\/\/peach-pump.com\/hr\/wp-json\/wp\/v2\/product_brand?post=137952"},{"taxonomy":"product_cat","embeddable":true,"href":"https:\/\/peach-pump.com\/hr\/wp-json\/wp\/v2\/product_cat?post=137952"},{"taxonomy":"product_tag","embeddable":true,"href":"https:\/\/peach-pump.com\/hr\/wp-json\/wp\/v2\/product_tag?post=137952"}],"curies":[{"name":"wp","href":"https:\/\/api.w.org\/{rel}","templated":true}]}}