{"id":137936,"date":"2025-11-22T22:25:55","date_gmt":"2025-11-22T20:25:55","guid":{"rendered":"https:\/\/peach-pump.com\/products\/bez-besavne-tajice-srednjeg-struka\/"},"modified":"2026-04-30T13:59:51","modified_gmt":"2026-04-30T11:59:51","slug":"bez-besavne-tajice-srednjeg-struka","status":"publish","type":"product","link":"https:\/\/peach-pump.com\/hr\/products\/bez-besavne-tajice-srednjeg-struka\/","title":{"rendered":"Be\u017e be\u0161avne tajice srednjeg struka"},"content":{"rendered":"<p>Be\u017e be\u0161avne tajice izra\u0111ene od \u010dvrstog, elasti\u010dnog i mekog materijala na dodir. Ovaj model savr\u0161eno oblikuje tijelo, ima srednji struk, skriva problemati\u010dna podru\u010dja, odvodi vlagu s tijela i oblikuje stra\u017enjicu u obliku breskve, za lijepu i elegantnu siluetu.  Uz ovaj model osje\u0107at \u0107ete se udobno i samouvjereno. Dizajnirane kako bi naglasile prirodne obline i pru\u017eile maksimalnu udobnost tijekom cijelog dana. Tajice pristaju poput druge ko\u017ee i oblikuju siluetu bez zatezanja ili iritacije ko\u017ee. Dostupne u nekoliko sezonskih boja.  <\/p>\n<ul>\n<li>Srednji struk<\/li>\n<li>Tkanina bez \u0161avova<\/li>\n<li>Podi\u017eu, oblikuju, prikrivaju problemati\u010dna podru\u010dja<\/li>\n<li>Rips pojas koji omotava ki\u010dmu.<\/li>\n<li>Peachy efekt<\/li>\n<li>Bez \u0161avova sprijeda<\/li>\n<li>Toplinski zape\u010da\u0107eni logo Peach Pump na stra\u017enjoj strani tajice<\/li>\n<li>Peach Pump logo na bedru<\/li>\n<li>Tkanina koja odvodi vlagu s tijela<\/li>\n<\/ul>\n<p>Sastav: 80% poliester 20% elastan<\/p>\n<p>Proizvod se mo\u017ee prati na temperaturi do 30 stupnjeva, molimo nemojte koristiti izbjeljiva\u010d niti kemijsko \u010di\u0161\u0107enje.<\/p>\n<p>Manekenka na fotografiji visoka je 178 cm, te\u0161ka 56 kg i nosi veli\u010dinu S.<\/p>\n<p>Koristite tablice za odabir to\u010dne veli\u010dine.<\/p>\n","protected":false},"excerpt":{"rendered":"<p>Be\u017e be\u0161avne tajice izra\u0111ene od \u010dvrstog, elasti\u010dnog i mekog materijala na dodir. Ovaj model savr\u0161eno oblikuje tijelo, ima srednji struk, skriva problemati\u010dna podru\u010dja, odvodi vlagu s tijela i oblikuje stra\u017enjicu u obliku breskve, za lijepu i elegantnu siluetu. Uz ovaj model osje\u0107at \u0107ete se udobno i samouvjereno. Dizajnirane kako bi naglasile prirodne obline i pru\u017eile [&hellip;]<\/p>\n","protected":false},"featured_media":135504,"comment_status":"open","ping_status":"closed","template":"","meta":[],"product_brand":[],"product_cat":[136,293],"product_tag":[],"class_list":{"0":"post-137936","1":"product","2":"type-product","3":"status-publish","4":"has-post-thumbnail","6":"product_cat-zenske-sportske-tajice","7":"product_cat-zenske-tajice-duge","8":"pa_cviat-bez","9":"pa_razmer-l-hr","10":"pa_razmer-m-hr","11":"pa_razmer-s-hr-2","12":"inventories-world","13":"inventories-pl","15":"first","16":"instock","17":"taxable","18":"shipping-taxable","19":"purchasable","20":"product-type-variable"},"_links":{"self":[{"href":"https:\/\/peach-pump.com\/hr\/wp-json\/wp\/v2\/product\/137936","targetHints":{"allow":["GET"]}}],"collection":[{"href":"https:\/\/peach-pump.com\/hr\/wp-json\/wp\/v2\/product"}],"about":[{"href":"https:\/\/peach-pump.com\/hr\/wp-json\/wp\/v2\/types\/product"}],"replies":[{"embeddable":true,"href":"https:\/\/peach-pump.com\/hr\/wp-json\/wp\/v2\/comments?post=137936"}],"version-history":[{"count":0,"href":"https:\/\/peach-pump.com\/hr\/wp-json\/wp\/v2\/product\/137936\/revisions"}],"wp:featuredmedia":[{"embeddable":true,"href":"https:\/\/peach-pump.com\/hr\/wp-json\/wp\/v2\/media\/135504"}],"wp:attachment":[{"href":"https:\/\/peach-pump.com\/hr\/wp-json\/wp\/v2\/media?parent=137936"}],"wp:term":[{"taxonomy":"product_brand","embeddable":true,"href":"https:\/\/peach-pump.com\/hr\/wp-json\/wp\/v2\/product_brand?post=137936"},{"taxonomy":"product_cat","embeddable":true,"href":"https:\/\/peach-pump.com\/hr\/wp-json\/wp\/v2\/product_cat?post=137936"},{"taxonomy":"product_tag","embeddable":true,"href":"https:\/\/peach-pump.com\/hr\/wp-json\/wp\/v2\/product_tag?post=137936"}],"curies":[{"name":"wp","href":"https:\/\/api.w.org\/{rel}","templated":true}]}}