{"id":135920,"date":"2025-11-05T14:30:06","date_gmt":"2025-11-05T12:30:06","guid":{"rendered":"https:\/\/peach-pump.com\/products\/tajice-sirokih-nogavica-plave\/"},"modified":"2026-04-16T21:07:16","modified_gmt":"2026-04-16T19:07:16","slug":"tajice-sirokih-nogavica-plave","status":"publish","type":"product","link":"https:\/\/peach-pump.com\/hr\/products\/tajice-sirokih-nogavica-plave\/","title":{"rendered":"\u017denske plave sportske tajice \u0161irokih nogavica"},"content":{"rendered":"<p>Ove \u0161iroke, ravnog kroja sportske tajice u plavoj boji savr\u0161en su izbor za trening i svakodnevni \u017eivot. Izra\u0111ene su od mekane, elasti\u010dne i disajne tkanine koja pru\u017ea slobodu pokreta i savr\u0161eno prianjanje uz tijelo s krojem koji izdu\u017euje siluetu. Materijal je nje\u017ean za ko\u017eu i ne prozira se, \u010dak ni tijekom intenzivnijih vje\u017ebi. Pogodne za jogu, pilates, fitness ili hodanje &#8211; tajice \u0107e biti va\u0161 novi omiljeni izbor za udobnost i samopouzdanje svaki dan.   <\/p>\n<ul>\n<li>Ravan kroj koji izdu\u017euje siluetu<\/li>\n<li>Mekana, elasti\u010dna i disajna tkanina<\/li>\n<li>Plosnati \u0161avovi<\/li>\n<li>Bez \u0161avova sprijeda<\/li>\n<li>Toplinski zape\u010da\u0107eni 3D Peach Pump logo na struku i prednjoj lijevoj strani nogavice<\/li>\n<li>Materijal koji ne zadr\u017eava vlagu u tijelu<\/li>\n<\/ul>\n<p>Sastav: elastin i poliester<\/p>\n<p>Tajce se mogu prati na temperaturi do 30 stupnjeva, nemojte koristiti izbjeljiva\u010d, su\u0161iti u su\u0161ilici rublja ili kemijski \u010distiti.<\/p>\n<p>Duljina klina: S 107 cm; M 108 cm; D 110 cm.<\/p>\n<p>Model na fotografiji je visok 165 cm, te\u017eak 54 kg i nosi veli\u010dinu S.<\/p>\n<p>Koristite tablice za odabir to\u010dne veli\u010dine.<\/p>\n<p>&nbsp;<\/p>\n<p>&nbsp;<\/p>\n","protected":false},"excerpt":{"rendered":"<p>Ove \u0161iroke, ravnog kroja sportske tajice u plavoj boji savr\u0161en su izbor za trening i svakodnevni \u017eivot. Izra\u0111ene su od mekane, elasti\u010dne i disajne tkanine koja pru\u017ea slobodu pokreta i savr\u0161eno prianjanje uz tijelo s krojem koji izdu\u017euje siluetu. Materijal je nje\u017ean za ko\u017eu i ne prozira se, \u010dak ni tijekom intenzivnijih vje\u017ebi. Pogodne za [&hellip;]<\/p>\n","protected":false},"featured_media":134271,"comment_status":"open","ping_status":"closed","template":"","meta":[],"product_brand":[],"product_cat":[136,293],"product_tag":[],"class_list":{"0":"post-135920","1":"product","2":"type-product","3":"status-publish","4":"has-post-thumbnail","6":"product_cat-zenske-sportske-tajice","7":"product_cat-zenske-tajice-duge","8":"pa_cviat-plava","9":"pa_razmer-l-hr","10":"pa_razmer-m-hr","11":"pa_razmer-s-hr-2","12":"inventories-world","13":"inventories-pl","15":"first","16":"instock","17":"taxable","18":"shipping-taxable","19":"purchasable","20":"product-type-variable"},"_links":{"self":[{"href":"https:\/\/peach-pump.com\/hr\/wp-json\/wp\/v2\/product\/135920","targetHints":{"allow":["GET"]}}],"collection":[{"href":"https:\/\/peach-pump.com\/hr\/wp-json\/wp\/v2\/product"}],"about":[{"href":"https:\/\/peach-pump.com\/hr\/wp-json\/wp\/v2\/types\/product"}],"replies":[{"embeddable":true,"href":"https:\/\/peach-pump.com\/hr\/wp-json\/wp\/v2\/comments?post=135920"}],"version-history":[{"count":0,"href":"https:\/\/peach-pump.com\/hr\/wp-json\/wp\/v2\/product\/135920\/revisions"}],"wp:featuredmedia":[{"embeddable":true,"href":"https:\/\/peach-pump.com\/hr\/wp-json\/wp\/v2\/media\/134271"}],"wp:attachment":[{"href":"https:\/\/peach-pump.com\/hr\/wp-json\/wp\/v2\/media?parent=135920"}],"wp:term":[{"taxonomy":"product_brand","embeddable":true,"href":"https:\/\/peach-pump.com\/hr\/wp-json\/wp\/v2\/product_brand?post=135920"},{"taxonomy":"product_cat","embeddable":true,"href":"https:\/\/peach-pump.com\/hr\/wp-json\/wp\/v2\/product_cat?post=135920"},{"taxonomy":"product_tag","embeddable":true,"href":"https:\/\/peach-pump.com\/hr\/wp-json\/wp\/v2\/product_tag?post=135920"}],"curies":[{"name":"wp","href":"https:\/\/api.w.org\/{rel}","templated":true}]}}