{"id":132661,"date":"2025-09-09T21:56:51","date_gmt":"2025-09-09T19:56:51","guid":{"rendered":"https:\/\/peach-pump.com\/products\/bez-sportski-grudnjak-natpisi\/"},"modified":"2026-04-07T10:24:03","modified_gmt":"2026-04-07T08:24:03","slug":"bez-sportski-grudnjak-natpisi","status":"publish","type":"product","link":"https:\/\/peach-pump.com\/hr\/products\/bez-sportski-grudnjak-natpisi\/","title":{"rendered":"Be\u017e sportski grudnjak s natpisom Peach Pump"},"content":{"rendered":"<p>Be\u017e sportski grudnjak s prednjim bijelim naramenicama i be\u017e natpisima Peach Pump. Model ima podstavu s va\u0161im omiljenim super push-up efektom, stvoren za \u017eene koje se \u017eele osje\u0107ati samouvjereno, seksi i elegantno u teretani ili vani. Elasti\u010dna i disajna tkanina pru\u017ea udobnost, brzo odvodi vlagu s tijela i odr\u017eava vas svje\u017eima. Grudnjak ima zanimljiva, elasti\u010dna le\u0111a s vi\u0161erazinskim kop\u010danjem za bolju potporu grudima tijekom vje\u017ebanja. Pogodan je za fitness, jogu, kardio, aerobni trening ili svakodnevno no\u0161enje. Dostupan u nekoliko aktualnih i lako kombiniraju\u0107ih boja. Ovaj model grudnjaka Peach Pump novi je must-have koji biste trebali dodati u svoju garderobu.      <\/p>\n<ul>\n<li>Moderan dizajn<\/li>\n<li>Super push-up podstava koja se mo\u017ee skinuti<\/li>\n<li>Prednje naramenice s natpisom Peach Pump<\/li>\n<li>Ljetnje logo Peach Pump na prednjoj strani<\/li>\n<li>Elasti\u010dna kri\u017ena le\u0111a<\/li>\n<li>Podesivo kop\u010danje u nekoliko faza<\/li>\n<\/ul>\n<p>Sastav: 70% poliester 30% elastan<\/p>\n<p>Grudnjak se mo\u017ee prati na temperaturi do 30 stupnjeva, molimo nemojte koristiti izbjeljiva\u010d niti kemijsko \u010di\u0161\u0107enje.<\/p>\n<p>Model na fotografiji je visok 170 cm i te\u017eak 50 kg. i pozira u veli\u010dini S.<\/p>\n<p>Koristite tablice za odabir to\u010dne veli\u010dine.<\/p>\n","protected":false},"excerpt":{"rendered":"<p>Be\u017e sportski grudnjak s prednjim bijelim naramenicama i be\u017e natpisima Peach Pump. Model ima podstavu s va\u0161im omiljenim super push-up efektom, stvoren za \u017eene koje se \u017eele osje\u0107ati samouvjereno, seksi i elegantno u teretani ili vani. Elasti\u010dna i disajna tkanina pru\u017ea udobnost, brzo odvodi vlagu s tijela i odr\u017eava vas svje\u017eima. Grudnjak ima zanimljiva, elasti\u010dna [&hellip;]<\/p>\n","protected":false},"featured_media":128961,"comment_status":"open","ping_status":"closed","template":"","meta":[],"product_brand":[],"product_cat":[341],"product_tag":[],"class_list":{"0":"post-132661","1":"product","2":"type-product","3":"status-publish","4":"has-post-thumbnail","6":"product_cat-sportski-grudnjaci","7":"pa_cviat-bez","8":"pa_razmer-l-hr","9":"pa_razmer-m-hr","10":"pa_razmer-s-hr-2","11":"inventories-world","12":"inventories-pl","14":"first","15":"instock","16":"taxable","17":"shipping-taxable","18":"purchasable","19":"product-type-variable"},"_links":{"self":[{"href":"https:\/\/peach-pump.com\/en\/wp-json\/wp\/v2\/product\/132661","targetHints":{"allow":["GET"]}}],"collection":[{"href":"https:\/\/peach-pump.com\/en\/wp-json\/wp\/v2\/product"}],"about":[{"href":"https:\/\/peach-pump.com\/en\/wp-json\/wp\/v2\/types\/product"}],"replies":[{"embeddable":true,"href":"https:\/\/peach-pump.com\/en\/wp-json\/wp\/v2\/comments?post=132661"}],"version-history":[{"count":0,"href":"https:\/\/peach-pump.com\/en\/wp-json\/wp\/v2\/product\/132661\/revisions"}],"wp:featuredmedia":[{"embeddable":true,"href":"https:\/\/peach-pump.com\/en\/wp-json\/wp\/v2\/media\/128961"}],"wp:attachment":[{"href":"https:\/\/peach-pump.com\/en\/wp-json\/wp\/v2\/media?parent=132661"}],"wp:term":[{"taxonomy":"product_brand","embeddable":true,"href":"https:\/\/peach-pump.com\/en\/wp-json\/wp\/v2\/product_brand?post=132661"},{"taxonomy":"product_cat","embeddable":true,"href":"https:\/\/peach-pump.com\/en\/wp-json\/wp\/v2\/product_cat?post=132661"},{"taxonomy":"product_tag","embeddable":true,"href":"https:\/\/peach-pump.com\/en\/wp-json\/wp\/v2\/product_tag?post=132661"}],"curies":[{"name":"wp","href":"https:\/\/api.w.org\/{rel}","templated":true}]}}