{"id":132650,"date":"2025-10-04T20:42:09","date_gmt":"2025-10-04T18:42:09","guid":{"rendered":"https:\/\/peach-pump.com\/products\/zimska-jakna-s-kapuljacom-zelena-debela\/"},"modified":"2026-03-17T21:38:20","modified_gmt":"2026-03-17T19:38:20","slug":"zimska-jakna-s-kapuljacom-zelena-debela","status":"publish","type":"product","link":"https:\/\/peach-pump.com\/hr\/products\/zimska-jakna-s-kapuljacom-zelena-debela\/","title":{"rendered":"Zelena, debela zimska jakna s kapulja\u010dom &#8211; Peach Pump"},"content":{"rendered":"<p>Zelena, debela zimska jakna s kapulja\u010dom i vezom sprijeda &#8211; Peach Pump. Model ima gusto pamu\u010dno punjenje, kroj ispod struka ima podesivi porub s elasti\u010dnim vezicama, rukave s man\u017eetama i otvorima za pal\u010deve, dva bo\u010dna kosa d\u017eepa koja se zatvaraju patentnim zatvara\u010dem za ve\u0107u prakti\u010dnost. Tu je prednji skriveni patentni zatvara\u010d s preklopom koji se zatvara magnetima i izvezeni logo &#8220;Peach Pump&#8221; sprijeda, izvezeni logo &#8220;Peach Pump&#8221; na ramenu.  <\/p>\n<p>Jakna ima visoki ovratnik i podesivu kapulja\u010du za maksimalnu za\u0161titu od vjetra, te mekanu zelenu podstavu. Uz ovaj model bit \u0107e Vam toplo, a istovremeno \u0107ete se osje\u0107ati lijepi, samouvjereni i seksi. Jakna je prikladna i za svakodnevni i za sportski izgled, lako se kombinira.<\/p>\n<p>Stil i toplina u jednom, stvoreno s ljubavlju za Vas!<\/p>\n<ul>\n<li>Zelena topla zimska jakna s debelim punjenjem od 100% pamuka<\/li>\n<li>Visoka kvaliteta<\/li>\n<li>Podesiva kapulja\u010da za za\u0161titu od vjetra<\/li>\n<li>Visoki ovratnik<\/li>\n<li>Prednji patentni zatvara\u010d s preklopom koji se zatvara magnetima<\/li>\n<li>Bo\u010dni d\u017eepovi s patentnim zatvara\u010dem<\/li>\n<li>3D izvezeni logo &#8220;Peach Pump&#8221; na prednjoj strani i ramenu<\/li>\n<li>Mekana podstava<\/li>\n<li>Elasti\u010dne man\u017eete rukava s otvorima za pal\u010deve<\/li>\n<li>Podesivi porub s elasti\u010dnim vezicama koje se ste\u017eu u struku<\/li>\n<\/ul>\n<p>Vanjski materijal: 100% poliester Punjenje: 100% pamuk<\/p>\n<p>Manekenka na fotografiji je visoka 180 cm i te\u0161ka 58 kg. i pozira u veli\u010dini S.<\/p>\n<p>Molimo slijedite upute na etiketi za pravilno odr\u017eavanje artikla.<\/p>\n","protected":false},"excerpt":{"rendered":"<p>Zelena, debela zimska jakna s kapulja\u010dom i vezom sprijeda &#8211; Peach Pump. Model ima gusto pamu\u010dno punjenje, kroj ispod struka ima podesivi porub s elasti\u010dnim vezicama, rukave s man\u017eetama i otvorima za pal\u010deve, dva bo\u010dna kosa d\u017eepa koja se zatvaraju patentnim zatvara\u010dem za ve\u0107u prakti\u010dnost. Tu je prednji skriveni patentni zatvara\u010d s preklopom koji se [&hellip;]<\/p>\n","protected":false},"featured_media":130977,"comment_status":"open","ping_status":"closed","template":"","meta":[],"product_brand":[],"product_cat":[919],"product_tag":[],"class_list":{"0":"post-132650","1":"product","2":"type-product","3":"status-publish","4":"has-post-thumbnail","6":"product_cat-zenske-jakne","7":"pa_cviat-zelena","8":"pa_razmer-m-hr","9":"pa_razmer-s-hr-2","10":"inventories-world","11":"inventories-pl","13":"first","14":"instock","15":"taxable","16":"shipping-taxable","17":"purchasable","18":"product-type-variable"},"_links":{"self":[{"href":"https:\/\/peach-pump.com\/en\/wp-json\/wp\/v2\/product\/132650","targetHints":{"allow":["GET"]}}],"collection":[{"href":"https:\/\/peach-pump.com\/en\/wp-json\/wp\/v2\/product"}],"about":[{"href":"https:\/\/peach-pump.com\/en\/wp-json\/wp\/v2\/types\/product"}],"replies":[{"embeddable":true,"href":"https:\/\/peach-pump.com\/en\/wp-json\/wp\/v2\/comments?post=132650"}],"version-history":[{"count":0,"href":"https:\/\/peach-pump.com\/en\/wp-json\/wp\/v2\/product\/132650\/revisions"}],"wp:featuredmedia":[{"embeddable":true,"href":"https:\/\/peach-pump.com\/en\/wp-json\/wp\/v2\/media\/130977"}],"wp:attachment":[{"href":"https:\/\/peach-pump.com\/en\/wp-json\/wp\/v2\/media?parent=132650"}],"wp:term":[{"taxonomy":"product_brand","embeddable":true,"href":"https:\/\/peach-pump.com\/en\/wp-json\/wp\/v2\/product_brand?post=132650"},{"taxonomy":"product_cat","embeddable":true,"href":"https:\/\/peach-pump.com\/en\/wp-json\/wp\/v2\/product_cat?post=132650"},{"taxonomy":"product_tag","embeddable":true,"href":"https:\/\/peach-pump.com\/en\/wp-json\/wp\/v2\/product_tag?post=132650"}],"curies":[{"name":"wp","href":"https:\/\/api.w.org\/{rel}","templated":true}]}}