{"id":128435,"date":"2025-08-31T15:07:54","date_gmt":"2025-08-31T13:07:54","guid":{"rendered":"https:\/\/peach-pump.com\/products\/zelena-majica-s-patentnim-zatvaracem-i-kapuljacom-kratka\/"},"modified":"2026-04-03T16:59:02","modified_gmt":"2026-04-03T14:59:02","slug":"zelena-majica-s-patentnim-zatvaracem-i-kapuljacom-kratka","status":"publish","type":"product","link":"https:\/\/peach-pump.com\/hr\/products\/zelena-majica-s-patentnim-zatvaracem-i-kapuljacom-kratka\/","title":{"rendered":"Kratka zelena majica s kapulja\u010dom (\u0441ropped fit) i patentnim zatvara\u010dem"},"content":{"rendered":"<p>Kratka zelena majica &#8220;Milk and mint&#8221; s patentnim zatvara\u010dem i kapulja\u010dom. Ovaj model ima skra\u0107eni kroj, nagla\u0161ava struk, ima izrezane detalje i daje izuzetno \u017eenstven i elegantan izgled. Majica ima zanimljiv detalj &#8211; mre\u017eastu tkaninu sa strane, koja daje sportski izgled i omogu\u0107uje ko\u017ei da di\u0161e. Ima prednji patentni zatvara\u010d s ugraviranim logotipom, \u0161iroku kapulja\u010du i vezice s natpisima &#8220;Peach Pump&#8221; po duljini i metalne krajeve. Zelena boja &#8220;Milk and mint&#8221; je nje\u017ena, svje\u017ea i svestrana &#8211; lako se kombinira s tamnom ili svijetlom odje\u0107om.    <\/p>\n<p>Majica je izra\u0111ena od mekane, disajne tkanine koja pru\u017ea udobnost tijekom cijelog dana. Prikladna je za sportske treninge, \u0161etnje i izlete, kao i za svakodnevnije urbane izglede. S ovom majicom izgledat \u0107ete svje\u017ee, moderno i istovremeno s osje\u0107ajem udobnosti, dostupna je u nekoliko boja koje su aktualne za sezonu.  <\/p>\n<ul>\n<li>Moderan dizajn s naglaskom na detalje<\/li>\n<li>Skra\u0107eni kroj koji nagla\u0161ava struk<\/li>\n<li>Patentni zatvara\u010d s ugraviranim logom<\/li>\n<li>Velika kapulja\u010da s vezicama i natpisom &#8220;Peach Pump&#8221; po cijeloj duljini<\/li>\n<li>Mre\u017easta tkanina sa strane koja omogu\u0107uje ko\u017ei da di\u0161e<\/li>\n<li>Vezeni logo na ramenu<\/li>\n<li>Izrezani detalji u podru\u010dju struka<\/li>\n<\/ul>\n<p>Sastav: 71% pamuk \/ 29% poliester<\/p>\n<p>Majica se mo\u017ee prati na temperaturi do 30 stupnjeva, molimo vas da ne koristite izbjeljiva\u010d ili kemijsko \u010di\u0161\u0107enje.<\/p>\n<p>Model na fotografiji je visok 179 cm, te\u017eak 57 kg i nosi veli\u010dinu S.<\/p>\n","protected":false},"excerpt":{"rendered":"<p>Kratka zelena majica &#8220;Milk and mint&#8221; s patentnim zatvara\u010dem i kapulja\u010dom. Ovaj model ima skra\u0107eni kroj, nagla\u0161ava struk, ima izrezane detalje i daje izuzetno \u017eenstven i elegantan izgled. Majica ima zanimljiv detalj &#8211; mre\u017eastu tkaninu sa strane, koja daje sportski izgled i omogu\u0107uje ko\u017ei da di\u0161e. Ima prednji patentni zatvara\u010d s ugraviranim logotipom, \u0161iroku kapulja\u010du [&hellip;]<\/p>\n","protected":false},"featured_media":127710,"comment_status":"open","ping_status":"closed","template":"","meta":[],"product_brand":[],"product_cat":[919,1119],"product_tag":[],"class_list":{"0":"post-128435","1":"product","2":"type-product","3":"status-publish","4":"has-post-thumbnail","6":"product_cat-zenske-jakne","7":"product_cat-zenske-majice-s-kapuljacom-hoodies","8":"pa_cviat-zelena","9":"pa_razmer-m-hr","10":"pa_razmer-s-hr-2","11":"inventories-world","12":"inventories-pl","14":"first","15":"instock","16":"taxable","17":"shipping-taxable","18":"purchasable","19":"product-type-variable"},"_links":{"self":[{"href":"https:\/\/peach-pump.com\/en\/wp-json\/wp\/v2\/product\/128435","targetHints":{"allow":["GET"]}}],"collection":[{"href":"https:\/\/peach-pump.com\/en\/wp-json\/wp\/v2\/product"}],"about":[{"href":"https:\/\/peach-pump.com\/en\/wp-json\/wp\/v2\/types\/product"}],"replies":[{"embeddable":true,"href":"https:\/\/peach-pump.com\/en\/wp-json\/wp\/v2\/comments?post=128435"}],"version-history":[{"count":0,"href":"https:\/\/peach-pump.com\/en\/wp-json\/wp\/v2\/product\/128435\/revisions"}],"wp:featuredmedia":[{"embeddable":true,"href":"https:\/\/peach-pump.com\/en\/wp-json\/wp\/v2\/media\/127710"}],"wp:attachment":[{"href":"https:\/\/peach-pump.com\/en\/wp-json\/wp\/v2\/media?parent=128435"}],"wp:term":[{"taxonomy":"product_brand","embeddable":true,"href":"https:\/\/peach-pump.com\/en\/wp-json\/wp\/v2\/product_brand?post=128435"},{"taxonomy":"product_cat","embeddable":true,"href":"https:\/\/peach-pump.com\/en\/wp-json\/wp\/v2\/product_cat?post=128435"},{"taxonomy":"product_tag","embeddable":true,"href":"https:\/\/peach-pump.com\/en\/wp-json\/wp\/v2\/product_tag?post=128435"}],"curies":[{"name":"wp","href":"https:\/\/api.w.org\/{rel}","templated":true}]}}