{"id":126934,"date":"2025-07-29T12:40:47","date_gmt":"2025-07-29T10:40:47","guid":{"rendered":"https:\/\/peach-pump.com\/products\/bijela-sportska-suknja-set-2\/"},"modified":"2026-02-08T20:07:45","modified_gmt":"2026-02-08T18:07:45","slug":"bijela-sportska-suknja-set-2","status":"publish","type":"product","link":"https:\/\/peach-pump.com\/hr\/products\/bijela-sportska-suknja-set-2\/","title":{"rendered":"Set bijela sportska suknja s plavim obrubom i grudnjakom"},"content":{"rendered":"<p>Set bijele sportske suknje s prorezom i donjim tajicama s bo\u010dnim d\u017eepovima. Suknja ima diskretan plavi obrub uz karajeve i elastiku koja ste\u017ee struk, natpis \u201ePeach Pump\u201c na stra\u017enjoj strani i toplinski zape\u010da\u0107eni logo na prednjoj lijevoj strani. Model ima struk iznad pupka, oblikuje siluetu, a donje tajice ispod suknje daju potpunu slobodu kretanja dok vje\u017ebate svoj omiljeni sport. D\u017eepovi tajica su duboki i lako mo\u017eete staviti telefon.   <\/p>\n<p>Grudnjak je bijeli i ima V-dekoltee, koje se mo\u017ee skupiti, za provokativniji izgled. Model ima super push-up podstavu koja se mo\u017ee ukloniti. Materijal grudnjaka je izuzetno nje\u017ean i elasti\u010dan te ne zadr\u017eava vlagu u tijelu, pogodan je za tr\u010danje, fitness, jogu, tenis ili bilo koju drugu vrstu sporta. Ispod poprsja nalazi se \u0161iroka elastika koja pru\u017ea udobnost i slobodu pokreta. Na prednjoj i stra\u017enjoj strani grudnjaka nalazi se termi\u010dki zape\u010da\u0107eni sivi logo.    <\/p>\n<p>O sportskom grudnjaku:<\/p>\n<ul>\n<li>Zanimljiv dizajn<\/li>\n<li>Duboki V-dekolte<\/li>\n<li>Super push-up podstava koja se mo\u017ee skinuti<\/li>\n<li>\u0160iroka elastika ispod poprsja<\/li>\n<li>Toplinski zape\u010da\u0107eni logo &#8220;Peach Pump&#8221; na prednjoj i stra\u017enjoj strani grudnjaka<\/li>\n<li>Materijal koji ne zadr\u017eava vlagu u tijelu<\/li>\n<\/ul>\n<p>O suknji:<\/p>\n<ul>\n<li>Visok struk<\/li>\n<li>Diskretni prorez<\/li>\n<li>Donje tajice s bo\u010dnim d\u017eepovima<\/li>\n<li>Natpis &#8220;Peach Pump&#8221; na stra\u017enjoj strani elasti\u010dne trake<\/li>\n<li>Toplinski zape\u010da\u0107eni logo &#8220;Peach Pump&#8221; na prednjoj strani suknje<\/li>\n<li>Materijal koji ne zadr\u017eava vlagu u tijelu<\/li>\n<\/ul>\n<p>Sastav: 70% najlon 30% spandex<\/p>\n<p>Suknja i grudnjak se mogu prati na temperaturi do 30 stupnjeva, molimo vas da ne koristite izbjeljiva\u010d ili kemijsko \u010di\u0161\u0107enje.<\/p>\n<p>Model na fotografiji je visok 168 cm, te\u017eak 54 kg i pozira u suknji veli\u010dine S i grudnjak veli\u010dine S.<\/p>\n","protected":false},"excerpt":{"rendered":"<p>Set bijele sportske suknje s prorezom i donjim tajicama s bo\u010dnim d\u017eepovima. Suknja ima diskretan plavi obrub uz karajeve i elastiku koja ste\u017ee struk, natpis \u201ePeach Pump\u201c na stra\u017enjoj strani i toplinski zape\u010da\u0107eni logo na prednjoj lijevoj strani. Model ima struk iznad pupka, oblikuje siluetu, a donje tajice ispod suknje daju potpunu slobodu kretanja dok [&hellip;]<\/p>\n","protected":false},"featured_media":133293,"comment_status":"open","ping_status":"closed","template":"","meta":[],"product_brand":[],"product_cat":[1174,342,343],"product_tag":[],"class_list":{"0":"post-126934","1":"product","2":"type-product","3":"status-publish","4":"has-post-thumbnail","6":"product_cat-sportske-haljine-i-suknje","7":"product_cat-zenska-sportska-kombinacije","8":"product_cat-kratke-sportske-kombinacije","9":"pa_cviat-bijel","10":"inventories-world","12":"first","13":"instock","14":"taxable","15":"shipping-taxable","16":"purchasable","17":"product-type-yith_bundle"},"_links":{"self":[{"href":"https:\/\/peach-pump.com\/en\/wp-json\/wp\/v2\/product\/126934","targetHints":{"allow":["GET"]}}],"collection":[{"href":"https:\/\/peach-pump.com\/en\/wp-json\/wp\/v2\/product"}],"about":[{"href":"https:\/\/peach-pump.com\/en\/wp-json\/wp\/v2\/types\/product"}],"replies":[{"embeddable":true,"href":"https:\/\/peach-pump.com\/en\/wp-json\/wp\/v2\/comments?post=126934"}],"version-history":[{"count":2,"href":"https:\/\/peach-pump.com\/en\/wp-json\/wp\/v2\/product\/126934\/revisions"}],"predecessor-version":[{"id":133476,"href":"https:\/\/peach-pump.com\/en\/wp-json\/wp\/v2\/product\/126934\/revisions\/133476"}],"wp:featuredmedia":[{"embeddable":true,"href":"https:\/\/peach-pump.com\/en\/wp-json\/wp\/v2\/media\/133293"}],"wp:attachment":[{"href":"https:\/\/peach-pump.com\/en\/wp-json\/wp\/v2\/media?parent=126934"}],"wp:term":[{"taxonomy":"product_brand","embeddable":true,"href":"https:\/\/peach-pump.com\/en\/wp-json\/wp\/v2\/product_brand?post=126934"},{"taxonomy":"product_cat","embeddable":true,"href":"https:\/\/peach-pump.com\/en\/wp-json\/wp\/v2\/product_cat?post=126934"},{"taxonomy":"product_tag","embeddable":true,"href":"https:\/\/peach-pump.com\/en\/wp-json\/wp\/v2\/product_tag?post=126934"}],"curies":[{"name":"wp","href":"https:\/\/api.w.org\/{rel}","templated":true}]}}