{"id":126897,"date":"2025-07-29T12:16:29","date_gmt":"2025-07-29T10:16:29","guid":{"rendered":"https:\/\/peach-pump.com\/products\/set-bijela-sportska-suknja-prorez\/"},"modified":"2026-02-14T19:40:39","modified_gmt":"2026-02-14T17:40:39","slug":"set-bijela-sportska-suknja-prorez","status":"publish","type":"product","link":"https:\/\/peach-pump.com\/hr\/products\/set-bijela-sportska-suknja-prorez\/","title":{"rendered":"Bijela sportska suknja s malim prorezom i grudnjakom"},"content":{"rendered":"<p>Bijela sportska suknja s prorezom i donjim tajicama s bo\u010dnim d\u017eepovima. Suknja ima svijetlo sivi diskretan obrub na krajevima i elastiku koja ste\u017ee struk, ima natpis \u201ePeach Pump\u201c na stra\u017enjoj strani i toplinski zape\u010da\u0107eni logo na prednjoj lijevoj strani. Model ima struk iznad pupka, oblikuje siluetu, a tajice ispod suknje daje potpunu slobodu kretanja dok vje\u017ebate svoj omiljeni sport. D\u017eepovi klina su duboki i lako mo\u017eete staviti telefon.   <\/p>\n<p>Grudnjak ima V-dekolte i sivi obrub koji se mo\u017ee skupiti za provokativniji izgled. Model ima super push-up podstavu koja se mo\u017ee ukloniti. Materijal grudnjaka je izuzetno mekan i elasti\u010dan te ne zadr\u017eava vlagu u tijelu, pogodan je za tr\u010danje, fitness, jogu, tenis ili druge sportove. Ispod poprsja nalazi se \u0161iroka elasti\u010dna traka koja pru\u017ea udobnost i slobodu pokreta. Na prednjoj i stra\u017enjoj strani grudnjaka nalazi se termi\u010dki zape\u010da\u0107eni sivi logo. Set je prikladan za \u0161etnju parkom, fitness, tenis ili odbojku.     <\/p>\n<p>O sportskom grudnjaku:<\/p>\n<ul>\n<li>Zanimljiv dizajn<\/li>\n<li>Duboki V-dekolte<\/li>\n<li>Super push-up podstava koja se mo\u017ee skinuti<\/li>\n<li>\u0160iroka elastika ispod poprsja<\/li>\n<li>Toplinski zape\u010da\u0107eni logo &#8220;Peach Pump&#8221; na prednjoj i stra\u017enjoj strani grudnjaka<\/li>\n<li>Materijal koji ne zadr\u017eava vlagu u tijelu<\/li>\n<\/ul>\n<p>O suknji:<\/p>\n<ul>\n<li>Visok struk<\/li>\n<li>Diskretni prorez<\/li>\n<li>Donje tajice s bo\u010dnim d\u017eepovima<\/li>\n<li>Natpis &#8220;Peach Pump&#8221; na stra\u017enjoj strani elasti\u010dne trake<\/li>\n<li>Toplinski zape\u010da\u0107eni logo &#8220;Peach Pump&#8221; na prednjoj strani suknje<\/li>\n<li>Materijal koji ne zadr\u017eava vlagu u tijelu<\/li>\n<\/ul>\n<p>Sastav: 70% najlon 30% spandex<\/p>\n<p>Suknja i grudnjak se mogu prati na temperaturi do 30 stupnjeva, molimo vas da ne koristite izbjeljiva\u010d ili kemijsko \u010di\u0161\u0107enje.<\/p>\n<p>Model na fotografiji je visok 168 cm, te\u017eak 54 kg i pozira u suknji veli\u010dine S i grudnjak veli\u010dine S.<\/p>\n","protected":false},"excerpt":{"rendered":"<p>Bijela sportska suknja s prorezom i donjim tajicama s bo\u010dnim d\u017eepovima. Suknja ima svijetlo sivi diskretan obrub na krajevima i elastiku koja ste\u017ee struk, ima natpis \u201ePeach Pump\u201c na stra\u017enjoj strani i toplinski zape\u010da\u0107eni logo na prednjoj lijevoj strani. Model ima struk iznad pupka, oblikuje siluetu, a tajice ispod suknje daje potpunu slobodu kretanja dok [&hellip;]<\/p>\n","protected":false},"featured_media":125589,"comment_status":"open","ping_status":"closed","template":"","meta":[],"product_brand":[],"product_cat":[343,342],"product_tag":[],"class_list":{"0":"post-126897","1":"product","2":"type-product","3":"status-publish","4":"has-post-thumbnail","6":"product_cat-kratke-sportske-kombinacije","7":"product_cat-zenska-sportska-kombinacije","8":"pa_cviat-bijel","9":"inventories-world","11":"first","12":"instock","13":"taxable","14":"shipping-taxable","15":"purchasable","16":"product-type-yith_bundle"},"_links":{"self":[{"href":"https:\/\/peach-pump.com\/en\/wp-json\/wp\/v2\/product\/126897","targetHints":{"allow":["GET"]}}],"collection":[{"href":"https:\/\/peach-pump.com\/en\/wp-json\/wp\/v2\/product"}],"about":[{"href":"https:\/\/peach-pump.com\/en\/wp-json\/wp\/v2\/types\/product"}],"replies":[{"embeddable":true,"href":"https:\/\/peach-pump.com\/en\/wp-json\/wp\/v2\/comments?post=126897"}],"version-history":[{"count":1,"href":"https:\/\/peach-pump.com\/en\/wp-json\/wp\/v2\/product\/126897\/revisions"}],"predecessor-version":[{"id":142378,"href":"https:\/\/peach-pump.com\/en\/wp-json\/wp\/v2\/product\/126897\/revisions\/142378"}],"wp:featuredmedia":[{"embeddable":true,"href":"https:\/\/peach-pump.com\/en\/wp-json\/wp\/v2\/media\/125589"}],"wp:attachment":[{"href":"https:\/\/peach-pump.com\/en\/wp-json\/wp\/v2\/media?parent=126897"}],"wp:term":[{"taxonomy":"product_brand","embeddable":true,"href":"https:\/\/peach-pump.com\/en\/wp-json\/wp\/v2\/product_brand?post=126897"},{"taxonomy":"product_cat","embeddable":true,"href":"https:\/\/peach-pump.com\/en\/wp-json\/wp\/v2\/product_cat?post=126897"},{"taxonomy":"product_tag","embeddable":true,"href":"https:\/\/peach-pump.com\/en\/wp-json\/wp\/v2\/product_tag?post=126897"}],"curies":[{"name":"wp","href":"https:\/\/api.w.org\/{rel}","templated":true}]}}