{"id":124291,"date":"2025-07-03T15:28:25","date_gmt":"2025-07-03T13:28:25","guid":{"rendered":"https:\/\/peach-pump.com\/products\/bijeli-sportski-grudnjak-sivi-obrub\/"},"modified":"2026-03-15T11:45:47","modified_gmt":"2026-03-15T09:45:47","slug":"bijeli-sportski-grudnjak-sivi-obrub","status":"publish","type":"product","link":"https:\/\/peach-pump.com\/hr\/products\/bijeli-sportski-grudnjak-sivi-obrub\/","title":{"rendered":"Bijeli sportski grudnjak sa sivim obrubom ispod poprsja"},"content":{"rendered":"<p>Bijeli sportski grudnjak sa sivim obrubom ispod poprsja i podesivim naramenicama. Model ima super push-up podstava koja se mo\u017ee skinuti. Materijal grudnjaka je izuzetno mekan i elasti\u010dan te ne zadr\u017eava vlagu u tijelu, pogodan je za tr\u010danje, fitness, jogu, tenis ili druge sportove. Dizajn modela je vrlo aktualan i mo\u017ee se kombinirati s kratkom suknjom ili tajicama. Na prednjoj i stra\u017enjoj strani grudnjaka nalazi se termi\u010dki zape\u010da\u0107eni sivi logo.    <\/p>\n<ul>\n<li>Zanimljiv dizajn<\/li>\n<li>Podesive naramenice<\/li>\n<li>Super push-up podstava koja se mo\u017ee skinuti<\/li>\n<li>Toplinski zape\u010da\u0107eni logo &#8220;Peach Pump&#8221; na prednjoj i stra\u017enjoj strani grudnjaka<\/li>\n<li>Materijal koji ne zadr\u017eava vlagu u tijelu<\/li>\n<\/ul>\n<p>Sastav: 70% poliester 30% elastan<\/p>\n<p>Grudnjak se mo\u017ee prati na temperaturi do 30 stupnjeva, molimo nemojte koristiti izbjeljiva\u010d niti kemijsko \u010di\u0161\u0107enje.<\/p>\n<p>Model na fotografiji je visok 179 cm, te\u017eak 58 kg i nosi veli\u010dinu M.<\/p>\n<p>Koristite tablice za odabir to\u010dne veli\u010dine.<\/p>\n<p>&nbsp;<\/p>\n","protected":false},"excerpt":{"rendered":"<p>Bijeli sportski grudnjak sa sivim obrubom ispod poprsja i podesivim naramenicama. Model ima super push-up podstava koja se mo\u017ee skinuti. Materijal grudnjaka je izuzetno mekan i elasti\u010dan te ne zadr\u017eava vlagu u tijelu, pogodan je za tr\u010danje, fitness, jogu, tenis ili druge sportove. Dizajn modela je vrlo aktualan i mo\u017ee se kombinirati s kratkom suknjom [&hellip;]<\/p>\n","protected":false},"featured_media":122779,"comment_status":"open","ping_status":"closed","template":"","meta":[],"product_brand":[],"product_cat":[341],"product_tag":[],"class_list":{"0":"post-124291","1":"product","2":"type-product","3":"status-publish","4":"has-post-thumbnail","6":"product_cat-sportski-grudnjaci","7":"pa_cviat-bijel","8":"pa_razmer-l-hr","9":"pa_razmer-m-hr","10":"pa_razmer-s-hr-2","11":"inventories-world","12":"inventories-pl","14":"first","15":"instock","16":"taxable","17":"shipping-taxable","18":"purchasable","19":"product-type-variable"},"_links":{"self":[{"href":"https:\/\/peach-pump.com\/en\/wp-json\/wp\/v2\/product\/124291","targetHints":{"allow":["GET"]}}],"collection":[{"href":"https:\/\/peach-pump.com\/en\/wp-json\/wp\/v2\/product"}],"about":[{"href":"https:\/\/peach-pump.com\/en\/wp-json\/wp\/v2\/types\/product"}],"replies":[{"embeddable":true,"href":"https:\/\/peach-pump.com\/en\/wp-json\/wp\/v2\/comments?post=124291"}],"version-history":[{"count":0,"href":"https:\/\/peach-pump.com\/en\/wp-json\/wp\/v2\/product\/124291\/revisions"}],"wp:featuredmedia":[{"embeddable":true,"href":"https:\/\/peach-pump.com\/en\/wp-json\/wp\/v2\/media\/122779"}],"wp:attachment":[{"href":"https:\/\/peach-pump.com\/en\/wp-json\/wp\/v2\/media?parent=124291"}],"wp:term":[{"taxonomy":"product_brand","embeddable":true,"href":"https:\/\/peach-pump.com\/en\/wp-json\/wp\/v2\/product_brand?post=124291"},{"taxonomy":"product_cat","embeddable":true,"href":"https:\/\/peach-pump.com\/en\/wp-json\/wp\/v2\/product_cat?post=124291"},{"taxonomy":"product_tag","embeddable":true,"href":"https:\/\/peach-pump.com\/en\/wp-json\/wp\/v2\/product_tag?post=124291"}],"curies":[{"name":"wp","href":"https:\/\/api.w.org\/{rel}","templated":true}]}}