{"id":124276,"date":"2025-07-04T12:14:27","date_gmt":"2025-07-04T10:14:27","guid":{"rendered":"https:\/\/peach-pump.com\/products\/crna-sportska-suknja-mali-prorez\/"},"modified":"2026-04-03T00:05:03","modified_gmt":"2026-04-02T22:05:03","slug":"crna-sportska-suknja-mali-prorez","status":"publish","type":"product","link":"https:\/\/peach-pump.com\/hr\/products\/crna-sportska-suknja-mali-prorez\/","title":{"rendered":"Crna sportska suknja s malim prorezom i bijelim obrubom"},"content":{"rendered":"<p>Crna sportska suknja s malim prorezom, bijelim obrubom i donje tajice s bo\u010dnim d\u017eepovima. Suknja ima bijeli diskretan obrub na rubovima i elastiku koja ste\u017ee struk, natpis \u201ePeach Pump\u201c na stra\u017enjoj strani i toplinski zape\u010da\u0107eni logo na prednjoj lijevoj strani. Model ima struk iznad pupka, oblikuje siluetu, a tajice ispod suknje daje potpunu slobodu kretanja dok vje\u017ebate svoj omiljeni sport. D\u017eepovi na umetku su duboki i lako mo\u017eete spremiti telefon. Suknja je prikladna za \u0161etnju parkom, fitness, tenis ili odbojku. Model mo\u017eete kombinirati sa sportskim grudnjakom iz na\u0161e kolekcije u istom dezena.     <\/p>\n<ul>\n<li>Visok struk<\/li>\n<li>Diskretni prorez<\/li>\n<li>Donje tajice s bo\u010dnim d\u017eepovima<\/li>\n<li>Natpis &#8220;Peach Pump&#8221; na stra\u017enjoj strani elasti\u010dne trake<\/li>\n<li>Toplinski zape\u010da\u0107eni logo &#8220;Peach Pump&#8221; na prednjoj strani suknje<\/li>\n<li>Materijal koji ne zadr\u017eava vlagu u tijelu<\/li>\n<\/ul>\n<p>Sastav: 70% najlon 30% spandex<\/p>\n<p>Suknja se mo\u017ee prati na temperaturi do 30 stupnjeva, molimo vas da ne koristite izbjeljiva\u010d ili kemijsko \u010di\u0161\u0107enje.<\/p>\n<p>Model na fotografiji je visok 179 cm, te\u017eak 58 kg i nosi veli\u010dinu M.<\/p>\n","protected":false},"excerpt":{"rendered":"<p>Crna sportska suknja s malim prorezom, bijelim obrubom i donje tajice s bo\u010dnim d\u017eepovima. Suknja ima bijeli diskretan obrub na rubovima i elastiku koja ste\u017ee struk, natpis \u201ePeach Pump\u201c na stra\u017enjoj strani i toplinski zape\u010da\u0107eni logo na prednjoj lijevoj strani. Model ima struk iznad pupka, oblikuje siluetu, a tajice ispod suknje daje potpunu slobodu kretanja [&hellip;]<\/p>\n","protected":false},"featured_media":122941,"comment_status":"open","ping_status":"closed","template":"","meta":[],"product_brand":[],"product_cat":[1174,196,195],"product_tag":[],"class_list":{"0":"post-124276","1":"product","2":"type-product","3":"status-publish","4":"has-post-thumbnail","6":"product_cat-sportske-haljine-i-suknje","7":"product_cat-kratke-tajice","8":"product_cat-tajice-s-dzepovima","9":"pa_cviat-crno","10":"pa_razmer-l-hr","11":"pa_razmer-m-hr","12":"pa_razmer-s-hr-2","13":"inventories-world","14":"inventories-pl","16":"first","17":"instock","18":"taxable","19":"shipping-taxable","20":"purchasable","21":"product-type-variable"},"_links":{"self":[{"href":"https:\/\/peach-pump.com\/en\/wp-json\/wp\/v2\/product\/124276","targetHints":{"allow":["GET"]}}],"collection":[{"href":"https:\/\/peach-pump.com\/en\/wp-json\/wp\/v2\/product"}],"about":[{"href":"https:\/\/peach-pump.com\/en\/wp-json\/wp\/v2\/types\/product"}],"replies":[{"embeddable":true,"href":"https:\/\/peach-pump.com\/en\/wp-json\/wp\/v2\/comments?post=124276"}],"version-history":[{"count":1,"href":"https:\/\/peach-pump.com\/en\/wp-json\/wp\/v2\/product\/124276\/revisions"}],"predecessor-version":[{"id":124616,"href":"https:\/\/peach-pump.com\/en\/wp-json\/wp\/v2\/product\/124276\/revisions\/124616"}],"wp:featuredmedia":[{"embeddable":true,"href":"https:\/\/peach-pump.com\/en\/wp-json\/wp\/v2\/media\/122941"}],"wp:attachment":[{"href":"https:\/\/peach-pump.com\/en\/wp-json\/wp\/v2\/media?parent=124276"}],"wp:term":[{"taxonomy":"product_brand","embeddable":true,"href":"https:\/\/peach-pump.com\/en\/wp-json\/wp\/v2\/product_brand?post=124276"},{"taxonomy":"product_cat","embeddable":true,"href":"https:\/\/peach-pump.com\/en\/wp-json\/wp\/v2\/product_cat?post=124276"},{"taxonomy":"product_tag","embeddable":true,"href":"https:\/\/peach-pump.com\/en\/wp-json\/wp\/v2\/product_tag?post=124276"}],"curies":[{"name":"wp","href":"https:\/\/api.w.org\/{rel}","templated":true}]}}