{"id":120830,"date":"2025-06-18T18:23:32","date_gmt":"2025-06-18T16:23:32","guid":{"rendered":"https:\/\/peach-pump.com\/products\/svijetloplave-sportske-tajice-charleston\/"},"modified":"2026-04-04T11:22:07","modified_gmt":"2026-04-04T09:22:07","slug":"svijetloplave-sportske-tajice-charleston","status":"publish","type":"product","link":"https:\/\/peach-pump.com\/hr\/products\/svijetloplave-sportske-tajice-charleston\/","title":{"rendered":"Svijetloplave sportske Charleston tajice s V strukom"},"content":{"rendered":"<p>Svijetloplave sportske Charleston tajice s V strukom, bez efektom blikovanja. Model nema \u0161av sprijeda, \u0161to ve\u0107ina \u017eena preferira, a ima oja\u010dani \u0161av straga. Elasti\u010dna tkanina koja oblikuje tijelo i \u0161iroki V pojas koji nagla\u0161ava i oblikuje struk. Na prednjoj lijevoj i stra\u017enjoj strani tajica nalazi se 3D logo. \u0160avovi tajica su plosnati i ne uzrokuju iritaciju. Pogodne za trening snage ili aerobni trening, ne zadr\u017eavaju vlagu u tijelu. \u0160iroke nogavice su novi hit u sportskoj odje\u0107i.      <\/p>\n<ul>\n<li>Elasti\u010dna tkanina<\/li>\n<li>\u0160iroka nogavica<\/li>\n<li>Plosnati \u0161avovi<\/li>\n<li>Bez \u0161avova sprijeda<\/li>\n<li>Poja\u010dani \u0161av na stra\u017enjoj strani tajica<\/li>\n<li>\u0160iroki V-pojas koji oblikuje struk<\/li>\n<li>3D logo \u201ePeach Pump\u201d na stra\u017enjoj i prednjoj lijevoj strani tajica<\/li>\n<li>Materijal koji ne zadr\u017eava vlagu u tijelu<\/li>\n<\/ul>\n<p>Sastav: elastin i poliester<\/p>\n<p>Tajice se mogu prati na temperaturi do 30 stupnjeva, nemojte koristiti izbjeljiva\u010d, su\u0161iti u su\u0161ilici rublja ili kemijski \u010distiti.<\/p>\n<p>Model na fotografiji je visok 166 cm, te\u017eak 52 kg i nosi veli\u010dinu S.<\/p>\n<p>Koristite tablice za odabir to\u010dne veli\u010dine.<\/p>\n","protected":false},"excerpt":{"rendered":"<p>Svijetloplave sportske Charleston tajice s V strukom, bez efektom blikovanja. Model nema \u0161av sprijeda, \u0161to ve\u0107ina \u017eena preferira, a ima oja\u010dani \u0161av straga. Elasti\u010dna tkanina koja oblikuje tijelo i \u0161iroki V pojas koji nagla\u0161ava i oblikuje struk. Na prednjoj lijevoj i stra\u017enjoj strani tajica nalazi se 3D logo. \u0160avovi tajica su plosnati i ne uzrokuju [&hellip;]<\/p>\n","protected":false},"featured_media":119980,"comment_status":"open","ping_status":"closed","template":"","meta":[],"product_brand":[],"product_cat":[136,293],"product_tag":[],"class_list":{"0":"post-120830","1":"product","2":"type-product","3":"status-publish","4":"has-post-thumbnail","6":"product_cat-zenske-sportske-tajice","7":"product_cat-zenske-tajice-duge","8":"pa_cviat-svijetlo-plava","9":"pa_razmer-l-hr","10":"pa_razmer-m-hr","11":"pa_razmer-s-hr-2","12":"inventories-world","14":"first","15":"instock","16":"taxable","17":"shipping-taxable","18":"purchasable","19":"product-type-variable"},"_links":{"self":[{"href":"https:\/\/peach-pump.com\/en\/wp-json\/wp\/v2\/product\/120830","targetHints":{"allow":["GET"]}}],"collection":[{"href":"https:\/\/peach-pump.com\/en\/wp-json\/wp\/v2\/product"}],"about":[{"href":"https:\/\/peach-pump.com\/en\/wp-json\/wp\/v2\/types\/product"}],"replies":[{"embeddable":true,"href":"https:\/\/peach-pump.com\/en\/wp-json\/wp\/v2\/comments?post=120830"}],"version-history":[{"count":0,"href":"https:\/\/peach-pump.com\/en\/wp-json\/wp\/v2\/product\/120830\/revisions"}],"wp:featuredmedia":[{"embeddable":true,"href":"https:\/\/peach-pump.com\/en\/wp-json\/wp\/v2\/media\/119980"}],"wp:attachment":[{"href":"https:\/\/peach-pump.com\/en\/wp-json\/wp\/v2\/media?parent=120830"}],"wp:term":[{"taxonomy":"product_brand","embeddable":true,"href":"https:\/\/peach-pump.com\/en\/wp-json\/wp\/v2\/product_brand?post=120830"},{"taxonomy":"product_cat","embeddable":true,"href":"https:\/\/peach-pump.com\/en\/wp-json\/wp\/v2\/product_cat?post=120830"},{"taxonomy":"product_tag","embeddable":true,"href":"https:\/\/peach-pump.com\/en\/wp-json\/wp\/v2\/product_tag?post=120830"}],"curies":[{"name":"wp","href":"https:\/\/api.w.org\/{rel}","templated":true}]}}