{"id":120819,"date":"2025-06-18T18:02:45","date_gmt":"2025-06-18T16:02:45","guid":{"rendered":"https:\/\/peach-pump.com\/products\/sportski-grudnjak-bez-naramenica-crni\/"},"modified":"2026-04-05T12:45:31","modified_gmt":"2026-04-05T10:45:31","slug":"sportski-grudnjak-bez-naramenica-crni","status":"publish","type":"product","link":"https:\/\/peach-pump.com\/hr\/products\/sportski-grudnjak-bez-naramenica-crni\/","title":{"rendered":"Crni sportski grudnjak bez naramenica"},"content":{"rendered":"<p>Sportski grudnjak bez naramenica u cenom, s podstavom s lifting efektom koje se mogu uklanjati. Model je prikladan za ljeto, mo\u017eete dobiti ten za vreme tr\u010danja, jer ne\u0107e biti razlika od naramenica. Grudnjak ima elastiku na donjem dijelu, tako da je poprsje stabilno i imate potpunu slobodu kretanja. Mo\u017ee se kombinirati s kratkim ili dugim tajicama u istoj boji, za savr\u0161en zavr\u0161etak Vea\u0161eg ljetneg, sportskog izgleda.   <\/p>\n<ul>\n<li>Podstava s lifting efektom<\/li>\n<li>Elastika na donjem dijelu<\/li>\n<li>Toplinski zape\u010da\u0107eni logo \u201ePeach Pump\u201d na lijevoj strani sportskog grudnjaka<\/li>\n<li>Tkanina koja ne zadr\u017eava vlagu u tijelu<\/li>\n<\/ul>\n<p>Grudnjak se mo\u017ee prati na temperaturi do 30 stupnjeva, nemojte koristiti izbjeljiva\u010d, su\u0161iti u su\u0161ilici rublja ili kemijski \u010distiti.<\/p>\n<p>Model na fotografiji je visok 167 cm, te\u017eak 52 kg i nosi veli\u010dinu M.<\/p>\n<p>Koristite tablice za odabir to\u010dne veli\u010dine<\/p>\n","protected":false},"excerpt":{"rendered":"<p>Sportski grudnjak bez naramenica u cenom, s podstavom s lifting efektom koje se mogu uklanjati. Model je prikladan za ljeto, mo\u017eete dobiti ten za vreme tr\u010danja, jer ne\u0107e biti razlika od naramenica. Grudnjak ima elastiku na donjem dijelu, tako da je poprsje stabilno i imate potpunu slobodu kretanja. Mo\u017ee se kombinirati s kratkim ili dugim [&hellip;]<\/p>\n","protected":false},"featured_media":119887,"comment_status":"open","ping_status":"closed","template":"","meta":[],"product_brand":[],"product_cat":[341],"product_tag":[],"class_list":{"0":"post-120819","1":"product","2":"type-product","3":"status-publish","4":"has-post-thumbnail","6":"product_cat-sportski-grudnjaci","7":"pa_cviat-crno","8":"pa_razmer-l-hr","9":"pa_razmer-m-hr","10":"pa_razmer-s-hr-2","11":"inventories-world","13":"first","14":"instock","15":"sale","16":"taxable","17":"shipping-taxable","18":"purchasable","19":"product-type-variable"},"_links":{"self":[{"href":"https:\/\/peach-pump.com\/hr\/wp-json\/wp\/v2\/product\/120819","targetHints":{"allow":["GET"]}}],"collection":[{"href":"https:\/\/peach-pump.com\/hr\/wp-json\/wp\/v2\/product"}],"about":[{"href":"https:\/\/peach-pump.com\/hr\/wp-json\/wp\/v2\/types\/product"}],"replies":[{"embeddable":true,"href":"https:\/\/peach-pump.com\/hr\/wp-json\/wp\/v2\/comments?post=120819"}],"version-history":[{"count":0,"href":"https:\/\/peach-pump.com\/hr\/wp-json\/wp\/v2\/product\/120819\/revisions"}],"wp:featuredmedia":[{"embeddable":true,"href":"https:\/\/peach-pump.com\/hr\/wp-json\/wp\/v2\/media\/119887"}],"wp:attachment":[{"href":"https:\/\/peach-pump.com\/hr\/wp-json\/wp\/v2\/media?parent=120819"}],"wp:term":[{"taxonomy":"product_brand","embeddable":true,"href":"https:\/\/peach-pump.com\/hr\/wp-json\/wp\/v2\/product_brand?post=120819"},{"taxonomy":"product_cat","embeddable":true,"href":"https:\/\/peach-pump.com\/hr\/wp-json\/wp\/v2\/product_cat?post=120819"},{"taxonomy":"product_tag","embeddable":true,"href":"https:\/\/peach-pump.com\/hr\/wp-json\/wp\/v2\/product_tag?post=120819"}],"curies":[{"name":"wp","href":"https:\/\/api.w.org\/{rel}","templated":true}]}}