{"id":120761,"date":"2025-06-15T22:34:43","date_gmt":"2025-06-15T20:34:43","guid":{"rendered":"https:\/\/peach-pump.com\/products\/svijetloplave-zenske-tajice-2\/"},"modified":"2025-11-09T16:08:46","modified_gmt":"2025-11-09T14:08:46","slug":"svijetloplave-zenske-tajice-2","status":"publish","type":"product","link":"https:\/\/peach-pump.com\/hr\/products\/svijetloplave-zenske-tajice-2\/","title":{"rendered":"Svijetloplave \u017eenske tajice \u010distog dizajna"},"content":{"rendered":"<p>Svijetloplave sportske \u017eenske tajice \u010distog dizajna, bez efektom oblikovanja. Model nema \u0161av sprijeda, \u0161to ve\u0107ina \u017eena preferira, a \u0161av se nalazi na stra\u017enjoj strani tajica. Elasti\u010dna ljetna tkanina koja oblikuje tijelo i \u0161iroki pojas koji nagla\u0161ava struk. Na prednjoj i stra\u017enjoj strani tajica nalazi se 3D logo. \u0160avovi modela su ravni i ne izazivaju iritaciju. Pogodne su za trening snage ili aerobika, ne zadr\u017eavaju vlagu u tijelu. Mogu se kombinirati s kratkom bluzom u kompletu, izra\u0111ene od iste tkanine.      <\/p>\n<p>Lagana elasti\u010dna ljetna tkanina<br \/>\nPlosnati \u0161avovi<br \/>\nNema \u0161ava sprijeda<br \/>\n\u0160av na stra\u017enjoj strani tajica<br \/>\n\u0160iroki pojas koji nagla\u0161ava struk<br \/>\n3D logo \u201ePeach Pump\u201d na stra\u017enjoj i prednjoj strani tajica<br \/>\nMaterijal koji ne zadr\u017eava vlagu u tijelu<\/p>\n<p>Sastav: elastin i poliester<\/p>\n<p>Tajice se mogu prati na temperaturi do 30 stupnjeva, nemojte koristiti izbjeljiva\u010d, su\u0161iti u su\u0161ilici rublja ili kemijski \u010distiti.<\/p>\n<p>Model na fotografiji je visok 178 cm, te\u017eak 57 kg i nosi veli\u010dinu M.<\/p>\n<p>Koristite tablice za odabir to\u010dne veli\u010dine<\/p>\n","protected":false},"excerpt":{"rendered":"<p>Svijetloplave sportske \u017eenske tajice \u010distog dizajna, bez efektom oblikovanja. Model nema \u0161av sprijeda, \u0161to ve\u0107ina \u017eena preferira, a \u0161av se nalazi na stra\u017enjoj strani tajica. Elasti\u010dna ljetna tkanina koja oblikuje tijelo i \u0161iroki pojas koji nagla\u0161ava struk. Na prednjoj i stra\u017enjoj strani tajica nalazi se 3D logo. \u0160avovi modela su ravni i ne izazivaju iritaciju. [&hellip;]<\/p>\n","protected":false},"featured_media":119003,"comment_status":"open","ping_status":"closed","template":"","meta":[],"product_brand":[],"product_cat":[136,293],"product_tag":[],"class_list":{"0":"post-120761","1":"product","2":"type-product","3":"status-publish","4":"has-post-thumbnail","6":"product_cat-zenske-sportske-tajice","7":"product_cat-zenske-tajice-duge","8":"pa_cviat-svijetlo-plava","9":"pa_razmer-l-hr","10":"pa_razmer-m-hr","11":"pa_razmer-s-hr-2","12":"inventories-world","14":"first","15":"instock","16":"taxable","17":"shipping-taxable","18":"purchasable","19":"product-type-variable"},"_links":{"self":[{"href":"https:\/\/peach-pump.com\/hr\/wp-json\/wp\/v2\/product\/120761","targetHints":{"allow":["GET"]}}],"collection":[{"href":"https:\/\/peach-pump.com\/hr\/wp-json\/wp\/v2\/product"}],"about":[{"href":"https:\/\/peach-pump.com\/hr\/wp-json\/wp\/v2\/types\/product"}],"replies":[{"embeddable":true,"href":"https:\/\/peach-pump.com\/hr\/wp-json\/wp\/v2\/comments?post=120761"}],"version-history":[{"count":0,"href":"https:\/\/peach-pump.com\/hr\/wp-json\/wp\/v2\/product\/120761\/revisions"}],"wp:featuredmedia":[{"embeddable":true,"href":"https:\/\/peach-pump.com\/hr\/wp-json\/wp\/v2\/media\/119003"}],"wp:attachment":[{"href":"https:\/\/peach-pump.com\/hr\/wp-json\/wp\/v2\/media?parent=120761"}],"wp:term":[{"taxonomy":"product_brand","embeddable":true,"href":"https:\/\/peach-pump.com\/hr\/wp-json\/wp\/v2\/product_brand?post=120761"},{"taxonomy":"product_cat","embeddable":true,"href":"https:\/\/peach-pump.com\/hr\/wp-json\/wp\/v2\/product_cat?post=120761"},{"taxonomy":"product_tag","embeddable":true,"href":"https:\/\/peach-pump.com\/hr\/wp-json\/wp\/v2\/product_tag?post=120761"}],"curies":[{"name":"wp","href":"https:\/\/api.w.org\/{rel}","templated":true}]}}