{"id":120741,"date":"2025-06-16T19:55:15","date_gmt":"2025-06-16T17:55:15","guid":{"rendered":"https:\/\/peach-pump.com\/products\/sportski-set-kratki-rukav-crni\/"},"modified":"2025-11-01T15:56:41","modified_gmt":"2025-11-01T13:56:41","slug":"sportski-set-kratki-rukav-crni","status":"publish","type":"product","link":"https:\/\/peach-pump.com\/hr\/products\/sportski-set-kratki-rukav-crni\/","title":{"rendered":"Crni sportski set kratkih rukava"},"content":{"rendered":"<p>\u017denski crni sportski set tajica \u010distog dizajna, bez efektom oblikovanja i bluzu kratkih rukava. Bluza ima uklonjivu podstavu, pogodna je za fitness, tr\u010danje, aerobne vje\u017ebe ili \u0161etnju parkom, ima skrivenu gumicu na donjem dijelu i tkaninu koja ne zadr\u017eava vlagu u tijelu. Tajice nemaju \u0161av sprijeda, \u0161to ve\u0107ina \u017eena preferira, a na stra\u017enjoj strani tajica nalazi se \u0161av. Elasti\u010dni ljetni materijal koji oblikuje tijelo i \u0161iroki pojas koji nagla\u0161ava struk. Na prednjoj i stra\u017enjoj strani tajica nalazi se 3D logo. \u0160avovi modela su plosnati i ne izazivaju iritaciju. Pogodan je za vje\u017ebanje snage ili aerobni trening, ne zadr\u017eava vlagu u tijelu. Set je dostupan u nekoliko boja.       <\/p>\n<p>O bluzi:<\/p>\n<ul>\n<li>Podstava koja se mo\u017ee ukloniti<\/li>\n<li>Skrivenu gumicu na donjem dijelu<\/li>\n<li>Savr\u0161eno pristaje uz tijelo<\/li>\n<li>Toplinski zape\u010da\u0107en logotip &#8220;Peach Pump&#8221; na ramenu<\/li>\n<li>Materijal koji ne zadr\u017eava vlagu u tijelu<\/li>\n<\/ul>\n<p>O tajicama:<\/p>\n<ul>\n<li>Lagana elasti\u010dna ljetna tkanina<\/li>\n<li>Plosnati \u0161avovi<\/li>\n<li>Bez \u0161avova sprijeda<\/li>\n<li>\u0160av na stra\u017enjoj strani tajica<\/li>\n<li>\u0160iroki pojas oko struka<\/li>\n<li>3D logo \u201ePeach Pump\u201d na stra\u017enjoj i prednjoj strani tajca<\/li>\n<li>Materijal koji ne zadr\u017eava vlagu u tijelu<\/li>\n<\/ul>\n<p>Sastav: elastin i poliester<\/p>\n<p>Set se mo\u017ee prati na temperaturi do 30 stupnjeva, nemojte koristiti izbjeljiva\u010d, su\u0161iti u su\u0161ilici rublja ili kemijski \u010distiti.<\/p>\n<p>Model na fotografiji je visok 178 cm, te\u017eak 57 kg i pozira u bluzi i tajicama veli\u010dine M.<\/p>\n<p>Koristite tablice za odabir to\u010dne veli\u010dine<\/p>\n","protected":false},"excerpt":{"rendered":"<p>\u017denski crni sportski set tajica \u010distog dizajna, bez efektom oblikovanja i bluzu kratkih rukava. Bluza ima uklonjivu podstavu, pogodna je za fitness, tr\u010danje, aerobne vje\u017ebe ili \u0161etnju parkom, ima skrivenu gumicu na donjem dijelu i tkaninu koja ne zadr\u017eava vlagu u tijelu. Tajice nemaju \u0161av sprijeda, \u0161to ve\u0107ina \u017eena preferira, a na stra\u017enjoj strani tajica [&hellip;]<\/p>\n","protected":false},"featured_media":119116,"comment_status":"open","ping_status":"closed","template":"","meta":[],"product_brand":[],"product_cat":[342,344],"product_tag":[],"class_list":{"0":"post-120741","1":"product","2":"type-product","3":"status-publish","4":"has-post-thumbnail","6":"product_cat-zenska-sportska-kombinacije","7":"product_cat-sportski-kompleti-tajica","8":"pa_cviat-crno","9":"inventories-world","11":"first","12":"instock","13":"taxable","14":"shipping-taxable","15":"purchasable","16":"product-type-yith_bundle"},"_links":{"self":[{"href":"https:\/\/peach-pump.com\/en\/wp-json\/wp\/v2\/product\/120741","targetHints":{"allow":["GET"]}}],"collection":[{"href":"https:\/\/peach-pump.com\/en\/wp-json\/wp\/v2\/product"}],"about":[{"href":"https:\/\/peach-pump.com\/en\/wp-json\/wp\/v2\/types\/product"}],"replies":[{"embeddable":true,"href":"https:\/\/peach-pump.com\/en\/wp-json\/wp\/v2\/comments?post=120741"}],"version-history":[{"count":1,"href":"https:\/\/peach-pump.com\/en\/wp-json\/wp\/v2\/product\/120741\/revisions"}],"predecessor-version":[{"id":133570,"href":"https:\/\/peach-pump.com\/en\/wp-json\/wp\/v2\/product\/120741\/revisions\/133570"}],"wp:featuredmedia":[{"embeddable":true,"href":"https:\/\/peach-pump.com\/en\/wp-json\/wp\/v2\/media\/119116"}],"wp:attachment":[{"href":"https:\/\/peach-pump.com\/en\/wp-json\/wp\/v2\/media?parent=120741"}],"wp:term":[{"taxonomy":"product_brand","embeddable":true,"href":"https:\/\/peach-pump.com\/en\/wp-json\/wp\/v2\/product_brand?post=120741"},{"taxonomy":"product_cat","embeddable":true,"href":"https:\/\/peach-pump.com\/en\/wp-json\/wp\/v2\/product_cat?post=120741"},{"taxonomy":"product_tag","embeddable":true,"href":"https:\/\/peach-pump.com\/en\/wp-json\/wp\/v2\/product_tag?post=120741"}],"curies":[{"name":"wp","href":"https:\/\/api.w.org\/{rel}","templated":true}]}}