{"id":117361,"date":"2025-05-28T14:29:45","date_gmt":"2025-05-28T12:29:45","guid":{"rendered":"https:\/\/peach-pump.com\/products\/kapa-sa-siltom-crna\/"},"modified":"2026-04-04T08:20:09","modified_gmt":"2026-04-04T06:20:09","slug":"kapa-sa-siltom-crna","status":"publish","type":"product","link":"https:\/\/peach-pump.com\/hr\/products\/kapa-sa-siltom-crna\/","title":{"rendered":"Crna kapa sa \u0161iltom s crnim Peach Pump logom"},"content":{"rendered":"<p>Uparite svoje omiljene tajice i sportske grudnjake s crnim \u0161e\u0161irom sa \u0161iltom i logom Peach Pump. U vru\u0107im ljetnim mjesecima bit \u0107e savr\u0161en dodatak va\u0161em izgledu, a ujedno \u0107e za\u0161tititi lice od jakog sunca. Kapa ima spektakularan izvezeni trodimenzionalni dizajn s crnim logom s crnim obrubom i motivacijskim crnim natpisom: \u201eBlack is my happy colour\u201d. Kapa se pode\u0161ava metalnom kop\u010dom, a vizir je zakrivljen. Budite moderni i druga\u010diji s ovim savr\u0161enim zavr\u0161etkom svoje sportske odje\u0107e.<\/p>\n","protected":false},"excerpt":{"rendered":"<p>Uparite svoje omiljene tajice i sportske grudnjake s crnim \u0161e\u0161irom sa \u0161iltom i logom Peach Pump. U vru\u0107im ljetnim mjesecima bit \u0107e savr\u0161en dodatak va\u0161em izgledu, a ujedno \u0107e za\u0161tititi lice od jakog sunca. Kapa ima spektakularan izvezeni trodimenzionalni dizajn s crnim logom s crnim obrubom i motivacijskim crnim natpisom: \u201eBlack is my happy colour\u201d. [&hellip;]<\/p>\n","protected":false},"featured_media":116288,"comment_status":"open","ping_status":"closed","template":"","meta":[],"product_brand":[],"product_cat":[787],"product_tag":[],"class_list":{"0":"post-117361","1":"product","2":"type-product","3":"status-publish","4":"has-post-thumbnail","6":"product_cat-pribor","7":"pa_cviat-crno","8":"pa_razmer-jedna-velicina","9":"inventories-world","10":"inventories-pl","12":"first","13":"instock","14":"taxable","15":"shipping-taxable","16":"purchasable","17":"product-type-variable"},"_links":{"self":[{"href":"https:\/\/peach-pump.com\/hr\/wp-json\/wp\/v2\/product\/117361","targetHints":{"allow":["GET"]}}],"collection":[{"href":"https:\/\/peach-pump.com\/hr\/wp-json\/wp\/v2\/product"}],"about":[{"href":"https:\/\/peach-pump.com\/hr\/wp-json\/wp\/v2\/types\/product"}],"replies":[{"embeddable":true,"href":"https:\/\/peach-pump.com\/hr\/wp-json\/wp\/v2\/comments?post=117361"}],"version-history":[{"count":0,"href":"https:\/\/peach-pump.com\/hr\/wp-json\/wp\/v2\/product\/117361\/revisions"}],"wp:featuredmedia":[{"embeddable":true,"href":"https:\/\/peach-pump.com\/hr\/wp-json\/wp\/v2\/media\/116288"}],"wp:attachment":[{"href":"https:\/\/peach-pump.com\/hr\/wp-json\/wp\/v2\/media?parent=117361"}],"wp:term":[{"taxonomy":"product_brand","embeddable":true,"href":"https:\/\/peach-pump.com\/hr\/wp-json\/wp\/v2\/product_brand?post=117361"},{"taxonomy":"product_cat","embeddable":true,"href":"https:\/\/peach-pump.com\/hr\/wp-json\/wp\/v2\/product_cat?post=117361"},{"taxonomy":"product_tag","embeddable":true,"href":"https:\/\/peach-pump.com\/hr\/wp-json\/wp\/v2\/product_tag?post=117361"}],"curies":[{"name":"wp","href":"https:\/\/api.w.org\/{rel}","templated":true}]}}