{"id":115554,"date":"2025-05-13T19:07:34","date_gmt":"2025-05-13T17:07:34","guid":{"rendered":"https:\/\/peach-pump.com\/products\/ruzicaste-tajice-s-dzepovima-oblikovanje\/"},"modified":"2026-04-17T20:11:38","modified_gmt":"2026-04-17T18:11:38","slug":"ruzicaste-tajice-s-dzepovima-oblikovanje","status":"publish","type":"product","link":"https:\/\/peach-pump.com\/hr\/products\/ruzicaste-tajice-s-dzepovima-oblikovanje\/","title":{"rendered":"Ru\u017ei\u010daste tajice s d\u017eepovima i efektom oblikovanja"},"content":{"rendered":"<p>\u017denske be\u0161avne ru\u017ei\u010daste tajice s d\u017eepovima i efektom oblikovanja. Ovaj model \u017eenskih tajica izra\u0111en je od elasti\u010dnog, mekog materijala na dodir koji savr\u0161eno ste\u017ee i oblikuje tijelo, ima dva bo\u010dna d\u017eepa, pogodan za telefon ili fitness karticu te pru\u017ea udobnost tijekom vje\u017ebanja. Tajice su izra\u0111ene od be\u0161avnog materijala, izuzetno izdr\u017eljive, ne zadr\u017eavaju vlagu u tijelu, podi\u017eu, oblikuju i zate\u017eu. \u0160iroki pojas nje\u017eno zate\u017ee struk i oblikuje siluetu. Zajam\u010deno najudobniji model tajica. Dostupan u nekoliko boja, savr\u0161eno se sla\u017ee sa sportskim grudnjakom iste boje ili s na\u0161im drugim bluzama i jaknama.     <\/p>\n<ul>\n<li>Visok struk<\/li>\n<li>Dva bo\u010dna d\u017eepa<\/li>\n<li>Tkanina bez \u0161avova<\/li>\n<li>Podi\u017ee, oblikuje i zate\u017ee<\/li>\n<li>Skriva problemati\u010dna podru\u010dja<\/li>\n<li>Peachy efekt<\/li>\n<li>Toplinski zape\u010da\u0107eni logo Peach Pump na stra\u017enjoj strani tajice<\/li>\n<li>Toplinski zape\u010da\u0107eni logo Peach Pump na prednjem dijelu d\u017eepa tajica<\/li>\n<li>Be\u0161avni materijal koji ne zadr\u017eava vlagu u tijelu<\/li>\n<\/ul>\n<p>Sastav: 80% poliester 20% elastan<\/p>\n<p>Tajice se mogu prati na temperaturi do 30 stupnjeva, nemojte koristiti izbjeljiva\u010d \u200b\u200bniti kemijsko \u010di\u0161\u0107enje.<\/p>\n<p>Model na fotografiji je visok 165 cm i te\u017eak 53 kg. i pozira u veli\u010dini S.<\/p>\n<p>Koristite tablice za odabir to\u010dne veli\u010dine.<\/p>\n","protected":false},"excerpt":{"rendered":"<p>\u017denske be\u0161avne ru\u017ei\u010daste tajice s d\u017eepovima i efektom oblikovanja. Ovaj model \u017eenskih tajica izra\u0111en je od elasti\u010dnog, mekog materijala na dodir koji savr\u0161eno ste\u017ee i oblikuje tijelo, ima dva bo\u010dna d\u017eepa, pogodan za telefon ili fitness karticu te pru\u017ea udobnost tijekom vje\u017ebanja. Tajice su izra\u0111ene od be\u0161avnog materijala, izuzetno izdr\u017eljive, ne zadr\u017eavaju vlagu u tijelu, [&hellip;]<\/p>\n","protected":false},"featured_media":116728,"comment_status":"open","ping_status":"closed","template":"","meta":[],"product_brand":[],"product_cat":[136,293,195],"product_tag":[],"class_list":{"0":"post-115554","1":"product","2":"type-product","3":"status-publish","4":"has-post-thumbnail","6":"product_cat-zenske-sportske-tajice","7":"product_cat-zenske-tajice-duge","8":"product_cat-tajice-s-dzepovima","9":"pa_cviat-ruzicasta","10":"pa_razmer-m-hr","11":"pa_razmer-s-hr-2","12":"inventories-world","13":"inventories-pl","15":"first","16":"instock","17":"taxable","18":"shipping-taxable","19":"purchasable","20":"product-type-variable"},"_links":{"self":[{"href":"https:\/\/peach-pump.com\/hr\/wp-json\/wp\/v2\/product\/115554","targetHints":{"allow":["GET"]}}],"collection":[{"href":"https:\/\/peach-pump.com\/hr\/wp-json\/wp\/v2\/product"}],"about":[{"href":"https:\/\/peach-pump.com\/hr\/wp-json\/wp\/v2\/types\/product"}],"replies":[{"embeddable":true,"href":"https:\/\/peach-pump.com\/hr\/wp-json\/wp\/v2\/comments?post=115554"}],"version-history":[{"count":0,"href":"https:\/\/peach-pump.com\/hr\/wp-json\/wp\/v2\/product\/115554\/revisions"}],"wp:featuredmedia":[{"embeddable":true,"href":"https:\/\/peach-pump.com\/hr\/wp-json\/wp\/v2\/media\/116728"}],"wp:attachment":[{"href":"https:\/\/peach-pump.com\/hr\/wp-json\/wp\/v2\/media?parent=115554"}],"wp:term":[{"taxonomy":"product_brand","embeddable":true,"href":"https:\/\/peach-pump.com\/hr\/wp-json\/wp\/v2\/product_brand?post=115554"},{"taxonomy":"product_cat","embeddable":true,"href":"https:\/\/peach-pump.com\/hr\/wp-json\/wp\/v2\/product_cat?post=115554"},{"taxonomy":"product_tag","embeddable":true,"href":"https:\/\/peach-pump.com\/hr\/wp-json\/wp\/v2\/product_tag?post=115554"}],"curies":[{"name":"wp","href":"https:\/\/api.w.org\/{rel}","templated":true}]}}