{"id":115549,"date":"2025-05-09T14:14:04","date_gmt":"2025-05-09T12:14:04","guid":{"rendered":"https:\/\/peach-pump.com\/products\/bijela-kratka-sportska-haljina-crni-obrub\/"},"modified":"2026-04-05T22:25:18","modified_gmt":"2026-04-05T20:25:18","slug":"bijela-kratka-sportska-haljina-crni-obrub","status":"publish","type":"product","link":"https:\/\/peach-pump.com\/hr\/products\/bijela-kratka-sportska-haljina-crni-obrub\/","title":{"rendered":"Bijela kratka sportska haljina s tajicama i crnim obrubom"},"content":{"rendered":"<p>Bijela kratka sportska haljina s tajicama i crnim obrubom na krajevima. Model ima podstavu s efektom podizanja koja se mo\u017ee ukloniti. Haljina ima izrezane detalje u podru\u010dju struka, \u0161to je opti\u010dki smanjuje i daje joj siluetu &#8220;pje\u0161\u010danog sata&#8221;. Haljina je kra\u0107i model, ali ima tajice na donjem dijelu, \u0161to \u0107e Vam dati potpunu slobodu pokreta. Model je prikladan za tenis, vje\u017ebanje ili \u0161etnju parkom, a s njim ne mo\u017eete pro\u0107i nezapa\u017eeno.    <\/p>\n<ul>\n<li>Kratki model<\/li>\n<li>Donje tajice<\/li>\n<li>Podstava s lifting efektom<\/li>\n<li>Crni rub<\/li>\n<li>Elasti\u010dna tkanina<\/li>\n<li>Toplinski zape\u010da\u0107eni logo &#8220;Peach Pump&#8221; na stra\u017enjoj strani<\/li>\n<li>Termi\u010dki zape\u010da\u0107eni logo &#8220;Peach Pump&#8221; na prednjoj strani haljine ispod poprsja<\/li>\n<li>Otvori na struku<\/li>\n<li>Materijal koji odvodi vlagu od tijela<\/li>\n<\/ul>\n<p>Sastav: 92% najlon; 8% spandeksa<\/p>\n<p>Haljina se mo\u017ee prati na temperaturi do 30 stupnjeva, molimo vas da ne koristite izbjeljiva\u010d ili kemijsko \u010di\u0161\u0107enje.<\/p>\n<p>Model na fotografiji je visok 168 cm, te\u017eak 51 kg i nosi veli\u010dinu S.<\/p>\n<p>Koristite tablice za odabir to\u010dne veli\u010dine<\/p>\n","protected":false},"excerpt":{"rendered":"<p>Bijela kratka sportska haljina s tajicama i crnim obrubom na krajevima. Model ima podstavu s efektom podizanja koja se mo\u017ee ukloniti. Haljina ima izrezane detalje u podru\u010dju struka, \u0161to je opti\u010dki smanjuje i daje joj siluetu &#8220;pje\u0161\u010danog sata&#8221;. Haljina je kra\u0107i model, ali ima tajice na donjem dijelu, \u0161to \u0107e Vam dati potpunu slobodu pokreta. [&hellip;]<\/p>\n","protected":false},"featured_media":114761,"comment_status":"open","ping_status":"closed","template":"","meta":[],"product_brand":[],"product_cat":[1174,1126,342,343],"product_tag":[],"class_list":{"0":"post-115549","1":"product","2":"type-product","3":"status-publish","4":"has-post-thumbnail","6":"product_cat-sportske-haljine-i-suknje","7":"product_cat-sportski-kombinezoni","8":"product_cat-zenska-sportska-kombinacije","9":"product_cat-kratke-sportske-kombinacije","10":"pa_cviat-bijelo-crno","11":"pa_razmer-m-hr","12":"pa_razmer-s-hr-2","13":"inventories-world","14":"inventories-pl","16":"first","17":"instock","18":"taxable","19":"shipping-taxable","20":"purchasable","21":"product-type-variable"},"_links":{"self":[{"href":"https:\/\/peach-pump.com\/en\/wp-json\/wp\/v2\/product\/115549","targetHints":{"allow":["GET"]}}],"collection":[{"href":"https:\/\/peach-pump.com\/en\/wp-json\/wp\/v2\/product"}],"about":[{"href":"https:\/\/peach-pump.com\/en\/wp-json\/wp\/v2\/types\/product"}],"replies":[{"embeddable":true,"href":"https:\/\/peach-pump.com\/en\/wp-json\/wp\/v2\/comments?post=115549"}],"version-history":[{"count":4,"href":"https:\/\/peach-pump.com\/en\/wp-json\/wp\/v2\/product\/115549\/revisions"}],"predecessor-version":[{"id":133497,"href":"https:\/\/peach-pump.com\/en\/wp-json\/wp\/v2\/product\/115549\/revisions\/133497"}],"wp:featuredmedia":[{"embeddable":true,"href":"https:\/\/peach-pump.com\/en\/wp-json\/wp\/v2\/media\/114761"}],"wp:attachment":[{"href":"https:\/\/peach-pump.com\/en\/wp-json\/wp\/v2\/media?parent=115549"}],"wp:term":[{"taxonomy":"product_brand","embeddable":true,"href":"https:\/\/peach-pump.com\/en\/wp-json\/wp\/v2\/product_brand?post=115549"},{"taxonomy":"product_cat","embeddable":true,"href":"https:\/\/peach-pump.com\/en\/wp-json\/wp\/v2\/product_cat?post=115549"},{"taxonomy":"product_tag","embeddable":true,"href":"https:\/\/peach-pump.com\/en\/wp-json\/wp\/v2\/product_tag?post=115549"}],"curies":[{"name":"wp","href":"https:\/\/api.w.org\/{rel}","templated":true}]}}