{"id":115546,"date":"2025-05-09T13:56:33","date_gmt":"2025-05-09T11:56:33","guid":{"rendered":"https:\/\/peach-pump.com\/products\/ruzicasti-set-kratke-tajice-s-dzepovima-i-sportskim-grudnjakom\/"},"modified":"2026-01-05T14:27:51","modified_gmt":"2026-01-05T12:27:51","slug":"ruzicasti-set-kratke-tajice-s-dzepovima-i-sportskim-grudnjakom","status":"publish","type":"product","link":"https:\/\/peach-pump.com\/hr\/products\/ruzicasti-set-kratke-tajice-s-dzepovima-i-sportskim-grudnjakom\/","title":{"rendered":"Ru\u017ei\u010daste kratke tajice s d\u017eepovima i sportskim grudnjakom"},"content":{"rendered":"<p>Ru\u017ei\u010dasti set, kratke tajice s d\u017eepovima i sportskim grudnjakom s podstavom. Tajice su izra\u0111ene od materijala mekog na dodir, imaju elasti\u010dni \u0161av straga, tipa &#8220;invisible scrunch&#8221;, koji savr\u0161eno oblikuje tijelo, imaju dva bo\u010dna d\u017eepa, pogodne za telefon ili fitness karticu i pru\u017eaju udobnost tijekom vje\u017ebanja. \u0160iroki pojas nje\u017eno zate\u017ee struk i oblikuje siluetu. Sportski grudnjak ima podesive naramenice i podstavu koja se po \u017eelji mo\u017ee skinuti. Sportski set mo\u017ee se kombinirati s dodatkom &#8211; kapom, \u010darapama ili jaknom na\u0161eg brenda, za savr\u0161en zavr\u0161etak va\u0161eg Peach Pump izgleda.    <\/p>\n<p>O sportskom grudnjaku :<\/p>\n<ul>\n<li> Podstava koja se mo\u017ee ukloniti<\/li>\n<li> Push-up efekt<\/li>\n<li> Podesive naramenice<\/li>\n<li> Velika elasti\u010dnost<\/li>\n<li> Toplinski zape\u010da\u0107eni logo Peach Pump na bo\u010dnoj strani grudnjaka<\/li>\n<li> Tkanina koja odvodi vlagu od tijela<\/li>\n<\/ul>\n<p>O tajicama:<\/p>\n<ul>\n<li>Visok struk<\/li>\n<li>Dva bo\u010dna d\u017eepa<\/li>\n<li>Tkanina bez \u0161avova<\/li>\n<li>Podi\u017ee, oblikuje i zate\u017ee<\/li>\n<li>Skriva problemati\u010dna podru\u010dja<\/li>\n<li>Peachy efekt tipa &#8220;invisible scrunch&#8221;<\/li>\n<li>Toplinski zape\u010da\u0107eni logo Peach Pump na stra\u017enjoj strani tajice<\/li>\n<li>Toplinski zape\u010da\u0107eni logo Peach Pump na prednjem dijelu d\u017eepa tajica<\/li>\n<li>Be\u0161avni materijal koji ne zadr\u017eava vlagu u tijelu<\/li>\n<\/ul>\n<p>Sastav: 92% najlon; 8% spandeksa<\/p>\n<p>Komplet se mo\u017ee prati na temperaturi do 30 stupnjeva, nemojte izbjeljivati \u200b\u200bniti \u010distiti na kemijsko pranje.<\/p>\n<p>Manekenka na slici je visoka 168 cm, te\u0161ka 51 kg, a na sebi ima tajice veli\u010dine S i sportski grudnjak veli\u010dine S.<\/p>\n","protected":false},"excerpt":{"rendered":"<p>Ru\u017ei\u010dasti set, kratke tajice s d\u017eepovima i sportskim grudnjakom s podstavom. Tajice su izra\u0111ene od materijala mekog na dodir, imaju elasti\u010dni \u0161av straga, tipa &#8220;invisible scrunch&#8221;, koji savr\u0161eno oblikuje tijelo, imaju dva bo\u010dna d\u017eepa, pogodne za telefon ili fitness karticu i pru\u017eaju udobnost tijekom vje\u017ebanja. \u0160iroki pojas nje\u017eno zate\u017ee struk i oblikuje siluetu. Sportski grudnjak [&hellip;]<\/p>\n","protected":false},"featured_media":114626,"comment_status":"open","ping_status":"closed","template":"","meta":[],"product_brand":[],"product_cat":[342,343],"product_tag":[],"class_list":{"0":"post-115546","1":"product","2":"type-product","3":"status-publish","4":"has-post-thumbnail","6":"product_cat-zenska-sportska-kombinacije","7":"product_cat-kratke-sportske-kombinacije","8":"pa_cviat-ruzicasta","9":"inventories-world","11":"first","12":"instock","13":"virtual","14":"taxable","15":"purchasable","16":"product-type-yith_bundle"},"_links":{"self":[{"href":"https:\/\/peach-pump.com\/hr\/wp-json\/wp\/v2\/product\/115546","targetHints":{"allow":["GET"]}}],"collection":[{"href":"https:\/\/peach-pump.com\/hr\/wp-json\/wp\/v2\/product"}],"about":[{"href":"https:\/\/peach-pump.com\/hr\/wp-json\/wp\/v2\/types\/product"}],"replies":[{"embeddable":true,"href":"https:\/\/peach-pump.com\/hr\/wp-json\/wp\/v2\/comments?post=115546"}],"version-history":[{"count":0,"href":"https:\/\/peach-pump.com\/hr\/wp-json\/wp\/v2\/product\/115546\/revisions"}],"wp:featuredmedia":[{"embeddable":true,"href":"https:\/\/peach-pump.com\/hr\/wp-json\/wp\/v2\/media\/114626"}],"wp:attachment":[{"href":"https:\/\/peach-pump.com\/hr\/wp-json\/wp\/v2\/media?parent=115546"}],"wp:term":[{"taxonomy":"product_brand","embeddable":true,"href":"https:\/\/peach-pump.com\/hr\/wp-json\/wp\/v2\/product_brand?post=115546"},{"taxonomy":"product_cat","embeddable":true,"href":"https:\/\/peach-pump.com\/hr\/wp-json\/wp\/v2\/product_cat?post=115546"},{"taxonomy":"product_tag","embeddable":true,"href":"https:\/\/peach-pump.com\/hr\/wp-json\/wp\/v2\/product_tag?post=115546"}],"curies":[{"name":"wp","href":"https:\/\/api.w.org\/{rel}","templated":true}]}}