{"id":113586,"date":"2025-04-21T12:20:34","date_gmt":"2025-04-21T10:20:34","guid":{"rendered":"https:\/\/peach-pump.com\/products\/ruzicaste-kratke-hlace-s-tajicama\/"},"modified":"2026-03-23T15:37:17","modified_gmt":"2026-03-23T13:37:17","slug":"ruzicaste-kratke-hlace-s-tajicama","status":"publish","type":"product","link":"https:\/\/peach-pump.com\/hr\/products\/ruzicaste-kratke-hlace-s-tajicama\/","title":{"rendered":"Ru\u017ei\u010daste kratke hla\u010de s tajicama i d\u017eepovima"},"content":{"rendered":"<p>\u017denske ru\u017ei\u010daste kratke hla\u010de s tajicama i bo\u010dnim d\u017eepovima. Model je izra\u0111en od mekane tkanine, slobodnog kroja sa \u0161irokim pojasom i unutarnjim tajicama, \u0161to \u0107e Vam pru\u017eiti udobnost i potpunu slobodu kretanja. Kratke hla\u010de su savr\u0161ene za vru\u0107e ljetne dane, tr\u010danje, teretanu ili \u0161etnju parkom. Srednji struk, novo na pupku, bo\u010dni prorezi koji daju seksi izgled. Dostupno u nekoliko boja, relevantnih za sezonu.    <\/p>\n<ul>\n<li>Tkanina mekana na dodir<\/li>\n<li>\u0160iroka elasti\u010dna gumica<\/li>\n<li>Unutarnje tajice<\/li>\n<li>Dva bo\u010dna d\u017eepa<\/li>\n<li>Termi\u010dki zape\u010da\u0107eni logo &#8220;Peach Pump&#8221; na kratkim hla\u010dama<\/li>\n<li>Toplinski zape\u010da\u0107eni natpis &#8220;Peach Pump&#8221; na unutarnjim tajicama<\/li>\n<\/ul>\n<p>Sastav: 80% poliester 20% elastan<\/p>\n<p>Kratke hla\u010de se mogu prati na temperaturi do 30 stupnjeva, molimo vas da ne koristite izbjeljiva\u010d ili kemijsko \u010di\u0161\u0107enje.<\/p>\n<p>Model na fotografiji je visok 169 cm, te\u017eak 50 kg i nosi veli\u010dinu S.<\/p>\n<p>Koristite tablice za odabir to\u010dne veli\u010dine.<\/p>\n","protected":false},"excerpt":{"rendered":"<p>\u017denske ru\u017ei\u010daste kratke hla\u010de s tajicama i bo\u010dnim d\u017eepovima. Model je izra\u0111en od mekane tkanine, slobodnog kroja sa \u0161irokim pojasom i unutarnjim tajicama, \u0161to \u0107e Vam pru\u017eiti udobnost i potpunu slobodu kretanja. Kratke hla\u010de su savr\u0161ene za vru\u0107e ljetne dane, tr\u010danje, teretanu ili \u0161etnju parkom. Srednji struk, novo na pupku, bo\u010dni prorezi koji daju seksi [&hellip;]<\/p>\n","protected":false},"featured_media":112961,"comment_status":"open","ping_status":"closed","template":"","meta":[],"product_brand":[],"product_cat":[196,136],"product_tag":[],"class_list":{"0":"post-113586","1":"product","2":"type-product","3":"status-publish","4":"has-post-thumbnail","6":"product_cat-kratke-tajice","7":"product_cat-zenske-sportske-tajice","8":"pa_cviat-ruzicasta","9":"pa_razmer-m-hr","10":"pa_razmer-s-hr-2","11":"inventories-world","13":"first","14":"instock","15":"taxable","16":"shipping-taxable","17":"purchasable","18":"product-type-variable"},"_links":{"self":[{"href":"https:\/\/peach-pump.com\/hr\/wp-json\/wp\/v2\/product\/113586","targetHints":{"allow":["GET"]}}],"collection":[{"href":"https:\/\/peach-pump.com\/hr\/wp-json\/wp\/v2\/product"}],"about":[{"href":"https:\/\/peach-pump.com\/hr\/wp-json\/wp\/v2\/types\/product"}],"replies":[{"embeddable":true,"href":"https:\/\/peach-pump.com\/hr\/wp-json\/wp\/v2\/comments?post=113586"}],"version-history":[{"count":0,"href":"https:\/\/peach-pump.com\/hr\/wp-json\/wp\/v2\/product\/113586\/revisions"}],"wp:featuredmedia":[{"embeddable":true,"href":"https:\/\/peach-pump.com\/hr\/wp-json\/wp\/v2\/media\/112961"}],"wp:attachment":[{"href":"https:\/\/peach-pump.com\/hr\/wp-json\/wp\/v2\/media?parent=113586"}],"wp:term":[{"taxonomy":"product_brand","embeddable":true,"href":"https:\/\/peach-pump.com\/hr\/wp-json\/wp\/v2\/product_brand?post=113586"},{"taxonomy":"product_cat","embeddable":true,"href":"https:\/\/peach-pump.com\/hr\/wp-json\/wp\/v2\/product_cat?post=113586"},{"taxonomy":"product_tag","embeddable":true,"href":"https:\/\/peach-pump.com\/hr\/wp-json\/wp\/v2\/product_tag?post=113586"}],"curies":[{"name":"wp","href":"https:\/\/api.w.org\/{rel}","templated":true}]}}