{"id":110632,"date":"2025-03-29T12:00:54","date_gmt":"2025-03-29T10:00:54","guid":{"rendered":"https:\/\/peach-pump.com\/products\/crna-majica-s-patentnim-zatvaracem-i-natpisom-peach-pump\/"},"modified":"2026-04-04T23:51:00","modified_gmt":"2026-04-04T21:51:00","slug":"crna-majica-s-patentnim-zatvaracem-i-natpisom-peach-pump","status":"publish","type":"product","link":"https:\/\/peach-pump.com\/hr\/products\/crna-majica-s-patentnim-zatvaracem-i-natpisom-peach-pump\/","title":{"rendered":"Crna majica s patentnim zatvara\u010dem i natpisom Peach Pump"},"content":{"rendered":"<p>Crna majica s patentnim zatvara\u010dem i natpisom &#8220;Peach Pump&#8221; po cijeloj du\u017eini. Model ima visoki ovratnik, rukave s otvorima za pal\u010deve, prednji klokanski d\u017eep i probu\u0161eni 3D logo &#8220;Peach Pump&#8221; na ramenu. Kroj mu je \u0161irok, ima elasti\u010dan pojas. Majica je izra\u0111ena od prozra\u010dnog materijala koji ne zadr\u017eava vlagu u tijelu, pogodna za tr\u010danje, trening snage i anaerobni trening za hodanje ili park. Mo\u017ee se upariti s tajicama i \u0161iljastom kapom za savr\u0161en zavr\u0161etak va\u0161e Peach Pump odjevne kombinacije.    <\/p>\n<ul>\n<li>Visoki ovratnik s patentnim zatvara\u010dem i natpisom &#8220;Peach Pump&#8221; po du\u017eini<\/li>\n<li>Slobodan kroj<\/li>\n<li>Elasti\u010dna gumica za pritezanje struka<\/li>\n<li>Prednji d\u017eep<\/li>\n<li>Rukavi s otvorima za pal\u010deve<\/li>\n<li>3D izvezen logo &#8220;Peach Pump&#8221; na ramenu<\/li>\n<li>Materijal koji ne zadr\u017eava vlagu u tijelu<\/li>\n<\/ul>\n<p>Sastav: 74% pamuk \/ 20% poliester \/ 6% spandex<\/p>\n<p>&nbsp;<\/p>\n<p>Majica se mo\u017ee prati na temperaturi do 30 stupnjeva, molimo vas da ne koristite izbjeljiva\u010d ili kemijsko \u010di\u0161\u0107enje.<\/p>\n<p>Manekenka na fotografiji je visoka 170 cm, te\u0161ka 49 kg i nosi veli\u010dinu S.<\/p>\n","protected":false},"excerpt":{"rendered":"<p>Crna majica s patentnim zatvara\u010dem i natpisom &#8220;Peach Pump&#8221; po cijeloj du\u017eini. Model ima visoki ovratnik, rukave s otvorima za pal\u010deve, prednji klokanski d\u017eep i probu\u0161eni 3D logo &#8220;Peach Pump&#8221; na ramenu. Kroj mu je \u0161irok, ima elasti\u010dan pojas. Majica je izra\u0111ena od prozra\u010dnog materijala koji ne zadr\u017eava vlagu u tijelu, pogodna za tr\u010danje, trening [&hellip;]<\/p>\n","protected":false},"featured_media":110427,"comment_status":"open","ping_status":"closed","template":"","meta":[],"product_brand":[],"product_cat":[1119,340],"product_tag":[],"class_list":{"0":"post-110632","1":"product","2":"type-product","3":"status-publish","4":"has-post-thumbnail","6":"product_cat-zenske-majice-s-kapuljacom-hoodies","7":"product_cat-zenske-bluze-sportske","8":"pa_cviat-crno","9":"pa_razmer-l-hr","10":"pa_razmer-m-hr","11":"pa_razmer-s-hr-2","12":"inventories-world","13":"inventories-pl","14":"inventories-uk","16":"first","17":"instock","18":"taxable","19":"shipping-taxable","20":"purchasable","21":"product-type-variable"},"_links":{"self":[{"href":"https:\/\/peach-pump.com\/en\/wp-json\/wp\/v2\/product\/110632","targetHints":{"allow":["GET"]}}],"collection":[{"href":"https:\/\/peach-pump.com\/en\/wp-json\/wp\/v2\/product"}],"about":[{"href":"https:\/\/peach-pump.com\/en\/wp-json\/wp\/v2\/types\/product"}],"replies":[{"embeddable":true,"href":"https:\/\/peach-pump.com\/en\/wp-json\/wp\/v2\/comments?post=110632"}],"version-history":[{"count":2,"href":"https:\/\/peach-pump.com\/en\/wp-json\/wp\/v2\/product\/110632\/revisions"}],"predecessor-version":[{"id":113512,"href":"https:\/\/peach-pump.com\/en\/wp-json\/wp\/v2\/product\/110632\/revisions\/113512"}],"wp:featuredmedia":[{"embeddable":true,"href":"https:\/\/peach-pump.com\/en\/wp-json\/wp\/v2\/media\/110427"}],"wp:attachment":[{"href":"https:\/\/peach-pump.com\/en\/wp-json\/wp\/v2\/media?parent=110632"}],"wp:term":[{"taxonomy":"product_brand","embeddable":true,"href":"https:\/\/peach-pump.com\/en\/wp-json\/wp\/v2\/product_brand?post=110632"},{"taxonomy":"product_cat","embeddable":true,"href":"https:\/\/peach-pump.com\/en\/wp-json\/wp\/v2\/product_cat?post=110632"},{"taxonomy":"product_tag","embeddable":true,"href":"https:\/\/peach-pump.com\/en\/wp-json\/wp\/v2\/product_tag?post=110632"}],"curies":[{"name":"wp","href":"https:\/\/api.w.org\/{rel}","templated":true}]}}