{"id":100537,"date":"2024-12-02T22:25:28","date_gmt":"2024-12-02T20:25:28","guid":{"rendered":"https:\/\/peach-pump.com\/?post_type=product&#038;p=100537"},"modified":"2026-01-23T15:57:51","modified_gmt":"2026-01-23T13:57:51","slug":"svijetloplavi-komplet-tajice-i-sportski-grudnjak","status":"publish","type":"product","link":"https:\/\/peach-pump.com\/hr\/products\/svijetloplavi-komplet-tajice-i-sportski-grudnjak\/","title":{"rendered":"Svijetloplavi komplet tajice i sportski grudnjak s podstavom"},"content":{"rendered":"<p>Svijetloplavi komplet tajice i sportski grudnjak, izra\u0111en od be\u0161avne, rastezljive i meke tkanine na dodir. Ovaj model savr\u0161eno oblikuje tijelo, tajice imaju \u0161iroki rips pojas s ugraviranim natpisom &#8220;Peach Pump&#8221; koji nje\u017eno ste\u017ee struk. Tkanina tajica prikriva problemati\u010dna podru\u010dja, odvodi vlagu od tijela i ima elemente koji oblikuju stra\u017enjicu vrstu breskve, za lijepu i gracioznu siluetu. Grudnjak ima podesive naramenice, podstava koja se po \u017eelji skida, mo\u017ee se nositi ispod odje\u0107e jer je neprimjetnog dizajna, a osje\u0107at \u0107ete udobnost i slobodu kretanja. Sportski set mo\u017eete kombinirati s dodatkom &#8211; kapom i jaknom brenda, za savr\u0161enu zavr\u0161nicu va\u0161eg Peach Pump izgleda.<\/p>\n<p>O sportskom grudnjaku :<\/p>\n<ul>\n<li> Podstava koja se mo\u017ee ukloniti<\/li>\n<li> Push-up efekt<\/li>\n<li> Podesive naramenice<\/li>\n<li> Velika elasti\u010dnost<\/li>\n<li> Toplinski zape\u010da\u0107eni logo Peach Pump na bo\u010dnoj strani grudnjaka<\/li>\n<li> Tehnologija za odvo\u0111enje vlage iz tijela<\/li>\n<\/ul>\n<p>O tajicama:<\/p>\n<ul>\n<li>Visok struk<\/li>\n<li>Tkanina bez \u0161avova<\/li>\n<li>Podi\u017eu, oblikuju, prikrivaju problemati\u010dna podru\u010dja<\/li>\n<li>Rips pojas koji omotava ki\u010dmu.<\/li>\n<li>Peachy efekt<\/li>\n<li>Bez \u0161avova sprijeda<\/li>\n<li>Toplinski zape\u010da\u0107eni logo Peach Pump na stra\u017enjoj strani tajice<\/li>\n<li>Ugravirano Peach Pump na pojasu<\/li>\n<li>Tkanina koja odvodi vlagu s tijela<\/li>\n<\/ul>\n<p>Sastav: 80% poliester 20% elastan<\/p>\n<p>Komplet se mo\u017ee prati na temperaturi do 30 stupnjeva, nemojte izbjeljivati \u200b\u200bniti \u010distiti na kemijsko pranje.<\/p>\n<p>Manekenka na fotografiji visoka je 178 cm, te\u0161ka 54 kg, a na sebi ima tajice veli\u010dine M i sportski grudnjak veli\u010dine S.<\/p>\n<p>Koristite tablice za odabir to\u010dne veli\u010dine.<\/p>\n<p>&nbsp;<\/p>\n<p>&nbsp;<\/p>\n","protected":false},"excerpt":{"rendered":"<p>Svijetloplavi komplet tajice i sportski grudnjak, izra\u0111en od be\u0161avne, rastezljive i meke tkanine na dodir. Ovaj model savr\u0161eno oblikuje tijelo, tajice imaju \u0161iroki rips pojas s ugraviranim natpisom &#8220;Peach Pump&#8221; koji nje\u017eno ste\u017ee struk. Tkanina tajica prikriva problemati\u010dna podru\u010dja, odvodi vlagu od tijela i ima elemente koji oblikuju stra\u017enjicu vrstu breskve, za lijepu i gracioznu [&hellip;]<\/p>\n","protected":false},"featured_media":111083,"comment_status":"open","ping_status":"closed","template":"","meta":[],"product_brand":[],"product_cat":[342,344],"product_tag":[],"class_list":{"0":"post-100537","1":"product","2":"type-product","3":"status-publish","4":"has-post-thumbnail","6":"product_cat-zenska-sportska-kombinacije","7":"product_cat-sportski-kompleti-tajica","9":"first","10":"outofstock","11":"taxable","12":"shipping-taxable","13":"purchasable","14":"product-type-yith_bundle"},"_links":{"self":[{"href":"https:\/\/peach-pump.com\/en\/wp-json\/wp\/v2\/product\/100537","targetHints":{"allow":["GET"]}}],"collection":[{"href":"https:\/\/peach-pump.com\/en\/wp-json\/wp\/v2\/product"}],"about":[{"href":"https:\/\/peach-pump.com\/en\/wp-json\/wp\/v2\/types\/product"}],"replies":[{"embeddable":true,"href":"https:\/\/peach-pump.com\/en\/wp-json\/wp\/v2\/comments?post=100537"}],"version-history":[{"count":1,"href":"https:\/\/peach-pump.com\/en\/wp-json\/wp\/v2\/product\/100537\/revisions"}],"predecessor-version":[{"id":105109,"href":"https:\/\/peach-pump.com\/en\/wp-json\/wp\/v2\/product\/100537\/revisions\/105109"}],"wp:featuredmedia":[{"embeddable":true,"href":"https:\/\/peach-pump.com\/en\/wp-json\/wp\/v2\/media\/111083"}],"wp:attachment":[{"href":"https:\/\/peach-pump.com\/en\/wp-json\/wp\/v2\/media?parent=100537"}],"wp:term":[{"taxonomy":"product_brand","embeddable":true,"href":"https:\/\/peach-pump.com\/en\/wp-json\/wp\/v2\/product_brand?post=100537"},{"taxonomy":"product_cat","embeddable":true,"href":"https:\/\/peach-pump.com\/en\/wp-json\/wp\/v2\/product_cat?post=100537"},{"taxonomy":"product_tag","embeddable":true,"href":"https:\/\/peach-pump.com\/en\/wp-json\/wp\/v2\/product_tag?post=100537"}],"curies":[{"name":"wp","href":"https:\/\/api.w.org\/{rel}","templated":true}]}}