{"id":100526,"date":"2024-12-10T18:22:05","date_gmt":"2024-12-10T16:22:05","guid":{"rendered":"https:\/\/peach-pump.com\/products\/tamnoplava-zimska-kapa\/"},"modified":"2026-03-15T12:46:32","modified_gmt":"2026-03-15T10:46:32","slug":"tamnoplava-zimska-kapa","status":"publish","type":"product","link":"https:\/\/peach-pump.com\/hr\/products\/tamnoplava-zimska-kapa\/","title":{"rendered":"Tamnoplava zimska kapa tipa Beanie s izvezenim logom"},"content":{"rendered":"<p>Tamnoplava zimska beanie kapa iz kolekcije &#8220;Peach Pump&#8221; s izvezenim 3D logom sprijeda. Kapa je elasti\u010dnog dizajna, izuzetno je mekan i ugodan na dodir. Preklop na donjem dijelu dodatno \u0161titi od hla\u0111enja. Kapa je dostupna u raznim aktualnim bojama sezone. Ovaj model \u0107e biti savr\u0161en zavr\u0161etak Va\u0161eg outfita u hladnim danima.    <\/p>\n<ul>\n<li>Elasti\u010dan materijal mekan na dodir<\/li>\n<li>Izvezeni 3D logo sprijeda<\/li>\n<li>Moderan dizajn<\/li>\n<li>Pletivo srednje debljine<\/li>\n<\/ul>\n","protected":false},"excerpt":{"rendered":"<p>Tamnoplava zimska beanie kapa iz kolekcije &#8220;Peach Pump&#8221; s izvezenim 3D logom sprijeda. Kapa je elasti\u010dnog dizajna, izuzetno je mekan i ugodan na dodir. Preklop na donjem dijelu dodatno \u0161titi od hla\u0111enja. Kapa je dostupna u raznim aktualnim bojama sezone. Ovaj model \u0107e biti savr\u0161en zavr\u0161etak Va\u0161eg outfita u hladnim danima. Elasti\u010dan materijal mekan na [&hellip;]<\/p>\n","protected":false},"featured_media":98931,"comment_status":"open","ping_status":"closed","template":"","meta":[],"product_brand":[],"product_cat":[787],"product_tag":[],"class_list":{"0":"post-100526","1":"product","2":"type-product","3":"status-publish","4":"has-post-thumbnail","6":"product_cat-pribor","7":"pa_cviat-tamno-plava","8":"pa_razmer-jedna-velicina","9":"inventories-world","10":"inventories-pl","11":"inventories-uk","13":"first","14":"instock","15":"taxable","16":"shipping-taxable","17":"purchasable","18":"product-type-variable"},"_links":{"self":[{"href":"https:\/\/peach-pump.com\/en\/wp-json\/wp\/v2\/product\/100526","targetHints":{"allow":["GET"]}}],"collection":[{"href":"https:\/\/peach-pump.com\/en\/wp-json\/wp\/v2\/product"}],"about":[{"href":"https:\/\/peach-pump.com\/en\/wp-json\/wp\/v2\/types\/product"}],"replies":[{"embeddable":true,"href":"https:\/\/peach-pump.com\/en\/wp-json\/wp\/v2\/comments?post=100526"}],"version-history":[{"count":1,"href":"https:\/\/peach-pump.com\/en\/wp-json\/wp\/v2\/product\/100526\/revisions"}],"predecessor-version":[{"id":133578,"href":"https:\/\/peach-pump.com\/en\/wp-json\/wp\/v2\/product\/100526\/revisions\/133578"}],"wp:featuredmedia":[{"embeddable":true,"href":"https:\/\/peach-pump.com\/en\/wp-json\/wp\/v2\/media\/98931"}],"wp:attachment":[{"href":"https:\/\/peach-pump.com\/en\/wp-json\/wp\/v2\/media?parent=100526"}],"wp:term":[{"taxonomy":"product_brand","embeddable":true,"href":"https:\/\/peach-pump.com\/en\/wp-json\/wp\/v2\/product_brand?post=100526"},{"taxonomy":"product_cat","embeddable":true,"href":"https:\/\/peach-pump.com\/en\/wp-json\/wp\/v2\/product_cat?post=100526"},{"taxonomy":"product_tag","embeddable":true,"href":"https:\/\/peach-pump.com\/en\/wp-json\/wp\/v2\/product_tag?post=100526"}],"curies":[{"name":"wp","href":"https:\/\/api.w.org\/{rel}","templated":true}]}}