{"id":36393,"date":"2022-09-21T07:39:42","date_gmt":"2022-09-21T05:39:42","guid":{"rendered":"https:\/\/peach-pump.com\/zamjena-i-povratak\/"},"modified":"2025-09-02T16:59:22","modified_gmt":"2025-09-02T14:59:22","slug":"zamjena-i-povrat","status":"publish","type":"page","link":"https:\/\/peach-pump.com\/hr\/zamjena-i-povrat\/","title":{"rendered":"ZAMJENA I POVRATAK"},"content":{"rendered":"\t\t<div data-elementor-type=\"wp-page\" data-elementor-id=\"36393\" class=\"elementor elementor-36393 elementor-20392\" data-elementor-post-type=\"page\">\n\t\t\t\t<div class=\"elementor-element elementor-element-0bdd6ac e-con-full e-flex e-con e-parent\" data-id=\"0bdd6ac\" data-element_type=\"container\">\n\t\t\t\t<div class=\"elementor-element elementor-element-3551429 elementor-widget elementor-widget-text-editor\" data-id=\"3551429\" data-element_type=\"widget\" data-widget_type=\"text-editor.default\">\n\t\t\t\t<div class=\"elementor-widget-container\">\n\t\t\t\t\t\t\t\t\t<h2 class=\"wp-block-heading\"><strong>ZAMJENA I POVRATAK<br> <br><\/strong><\/h2>\t\t\t\t\t\t\t\t<\/div>\n\t\t\t\t<\/div>\n\t\t\t\t<div class=\"elementor-element elementor-element-d330f9d elementor-widget__width-initial elementor-widget elementor-widget-shortcode\" data-id=\"d330f9d\" data-element_type=\"widget\" data-widget_type=\"shortcode.default\">\n\t\t\t\t<div class=\"elementor-widget-container\">\n\t\t\t\t\t\t\t<div class=\"elementor-shortcode\"><p class=\"wpcf7-contact-form-not-found\"><strong>Gre\u0161ka:<\/strong> Kontakt obrazac nije prona\u0111en.<\/p><\/div>\n\t\t\t\t\t\t<\/div>\n\t\t\t\t<\/div>\n\t\t\t\t<\/div>\n\t\t<div class=\"elementor-element elementor-element-734bd85 e-con-full e-flex e-con e-parent\" data-id=\"734bd85\" data-element_type=\"container\">\n\t\t\t\t<div class=\"elementor-element elementor-element-0402aea elementor-widget__width-initial elementor-widget elementor-widget-text-editor\" data-id=\"0402aea\" data-element_type=\"widget\" data-widget_type=\"text-editor.default\">\n\t\t\t\t<div class=\"elementor-widget-container\">\n\t\t\t\t\t\t\t\t\t<h2 data-start=\"87\" data-end=\"120\">Politika povrata i zamjene<\/h2><p data-start=\"122\" data-end=\"294\">Na\u0161im je klijentima zadovoljstvo najva\u017enije.<br data-start=\"202\" data-end=\"205\">Imate pravo vratiti ili zamijeniti artikl u roku od <strong data-start=\"262\" data-end=\"272\">30 dana<\/strong> od primitka.<\/p><h3 data-start=\"296\" data-end=\"338\">Kako vratiti ili zamijeniti proizvod:<\/h3><ul data-start=\"339\" data-end=\"705\"><li data-start=\"339\" data-end=\"437\"><p data-start=\"341\" data-end=\"437\">Molimo kontaktirajte nas putem platforme, a na\u0161 \u0107e vam kolega dati potpune informacije o koracima.<\/p><\/li><li data-start=\"438\" data-end=\"550\"><p data-start=\"440\" data-end=\"550\">Potreban je <strong data-start=\"452\" data-end=\"476\">broj narud\u017ebe<\/strong> \u2013 6-znamenkasti kod poslan na va\u0161 e-mail (provjerite i mapu &#8220;Spam&#8221;).<br>Ovisno o slu\u010daju, poslat \u0107emo vam kurira koji \u0107e preuzeti po\u0161iljku ili \u0107ete dobiti etiketu za povrat, koju \u0107ete koristiti prilikom slanja.<\/p><\/li><li data-start=\"551\" data-end=\"705\"><p data-start=\"553\" data-end=\"705\"><span style=\"color: #222222; font-size: 24px; font-weight: 600; letter-spacing: 0px; text-wrap-mode: initial;\">Uvjeti povrata:<\/span><\/p><\/li><\/ul><ul data-start=\"733\" data-end=\"1105\"><li data-start=\"733\" data-end=\"820\"><p data-start=\"735\" data-end=\"820\">Proizvod mora biti u originalnom stanju, bez tragova no\u0161enja, pranja ili uporabe.<\/p><\/li><li data-start=\"821\" data-end=\"904\"><p data-start=\"823\" data-end=\"904\">Sve etikete i ambala\u017ea moraju biti sa\u010duvane i vra\u0107ene zajedno s artiklom.<\/p><\/li><li data-start=\"905\" data-end=\"995\"><p data-start=\"907\" data-end=\"995\">Ne prihva\u0107amo proizvode koji su namjerno o\u0161te\u0107eni ili s tragovima nepravilne uporabe.<\/p><\/li><li data-start=\"996\" data-end=\"1105\"><p data-start=\"998\" data-end=\"1105\">Prihva\u0107amo povrate kako neispravnih, tako i ispravnih proizvoda, uz po\u0161tivanje uvjeta povrata.<\/p><\/li><\/ul><h3 data-start=\"1107\" data-end=\"1120\">Zamjena:<\/h3><ul data-start=\"1121\" data-end=\"1307\"><li data-start=\"1121\" data-end=\"1206\"><p data-start=\"1123\" data-end=\"1206\">Proizvod mo\u017eete zamijeniti za isti model u drugoj veli\u010dini ili boji, ako je dostupan.<\/p><\/li><li data-start=\"1207\" data-end=\"1307\"><p data-start=\"1209\" data-end=\"1307\">Ako \u017eelite zamjenu za drugi artikl \u2013 ako postoji razlika u cijeni, ona se nadopla\u0107uje ili vra\u0107a.<\/p><\/li><\/ul><h3 data-start=\"1309\" data-end=\"1338\">Povrat sredstava:<\/h3><ul data-start=\"1339\" data-end=\"1529\"><li data-start=\"1339\" data-end=\"1463\"><p data-start=\"1341\" data-end=\"1463\">Nakon primitka i odobrenja vra\u0107enog proizvoda, iznos \u0107e biti vra\u0107en u roku od najvi\u0161e <strong data-start=\"1428\" data-end=\"1460\">14 radnih dana<\/strong> putem bankovnog prijenosa.<\/p><\/li><li data-start=\"1464\" data-end=\"1529\"><p data-start=\"1466\" data-end=\"1529\">U ve\u0107ini slu\u010dajeva povrat se izvr\u0161i znatno br\u017ee.<\/p><\/li><\/ul><p> <\/p><p data-start=\"1531\" data-end=\"1628\">Na\u0161 je tim uvijek na raspolaganju za va\u0161a pitanja i rado \u0107e vam pomo\u0107i. \u2764\ufe0f<\/p>\t\t\t\t\t\t\t\t<\/div>\n\t\t\t\t<\/div>\n\t\t\t\t<\/div>\n\t\t\t\t<\/div>\n\t\t","protected":false},"excerpt":{"rendered":"<p>ZAMJENA I POVRATAK Politika povrata i zamjene Na\u0161im je klijentima zadovoljstvo najva\u017enije.Imate pravo vratiti ili zamijeniti artikl u roku od 30 dana od primitka. Kako vratiti ili zamijeniti proizvod: Molimo kontaktirajte nas putem platforme, a na\u0161 \u0107e vam kolega dati potpune informacije o koracima. Potreban je broj narud\u017ebe \u2013 6-znamenkasti kod poslan na va\u0161 e-mail [&hellip;]<\/p>\n","protected":false},"author":1,"featured_media":0,"parent":0,"menu_order":0,"comment_status":"closed","ping_status":"closed","template":"","meta":{"footnotes":""},"class_list":["post-36393","page","type-page","status-publish","hentry"],"_links":{"self":[{"href":"https:\/\/peach-pump.com\/hr\/wp-json\/wp\/v2\/pages\/36393","targetHints":{"allow":["GET"]}}],"collection":[{"href":"https:\/\/peach-pump.com\/hr\/wp-json\/wp\/v2\/pages"}],"about":[{"href":"https:\/\/peach-pump.com\/hr\/wp-json\/wp\/v2\/types\/page"}],"author":[{"embeddable":true,"href":"https:\/\/peach-pump.com\/hr\/wp-json\/wp\/v2\/users\/1"}],"replies":[{"embeddable":true,"href":"https:\/\/peach-pump.com\/hr\/wp-json\/wp\/v2\/comments?post=36393"}],"version-history":[{"count":19,"href":"https:\/\/peach-pump.com\/hr\/wp-json\/wp\/v2\/pages\/36393\/revisions"}],"predecessor-version":[{"id":128295,"href":"https:\/\/peach-pump.com\/hr\/wp-json\/wp\/v2\/pages\/36393\/revisions\/128295"}],"wp:attachment":[{"href":"https:\/\/peach-pump.com\/hr\/wp-json\/wp\/v2\/media?parent=36393"}],"curies":[{"name":"wp","href":"https:\/\/api.w.org\/{rel}","templated":true}]}}