{"id":149153,"date":"2026-04-25T08:35:08","date_gmt":"2026-04-25T06:35:08","guid":{"rendered":"https:\/\/peach-pump.com\/products\/%d1%81%d0%b8%d0%b2-%d0%b4%d0%b0%d0%bc%d1%81%d0%ba%d0%b8-%d0%ba%d0%bb%d0%b8%d0%bd-%d1%81-%d0%b5%d1%84%d0%b5%d0%ba%d1%82%d0%bd%d0%b8-%d0%b1%d0%b5%d0%bb%d0%b8-%d1%88%d0%b5%d0%b2%d0%be%d0%b2%d0%b5\/"},"modified":"2026-05-06T19:07:41","modified_gmt":"2026-05-06T17:07:41","slug":"%d1%81%d0%b8%d0%b2-%d0%b4%d0%b0%d0%bc%d1%81%d0%ba%d0%b8-%d0%ba%d0%bb%d0%b8%d0%bd-%d1%81-%d0%b5%d1%84%d0%b5%d0%ba%d1%82%d0%bd%d0%b8-%d0%b1%d0%b5%d0%bb%d0%b8-%d1%88%d0%b5%d0%b2%d0%be%d0%b2%d0%b5","status":"publish","type":"product","link":"https:\/\/peach-pump.com\/de\/products\/%d1%81%d0%b8%d0%b2-%d0%b4%d0%b0%d0%bc%d1%81%d0%ba%d0%b8-%d0%ba%d0%bb%d0%b8%d0%bd-%d1%81-%d0%b5%d1%84%d0%b5%d0%ba%d1%82%d0%bd%d0%b8-%d0%b1%d0%b5%d0%bb%d0%b8-%d1%88%d0%b5%d0%b2%d0%be%d0%b2%d0%b5\/","title":{"rendered":"Graue Damen-Leggings mit auff\u00e4lligen N\u00e4hten, die den Kurven des K\u00f6rpers folgen."},"content":{"rendered":"<p class=\"p1\"><span class=\"s2\">Graue Damen-Leggings mit auff\u00e4lligen N\u00e4hten, die den Kurven des K\u00f6rpers folgen \u2013 ein Modell, mit dem Sie garantiert nicht unbemerkt bleiben. Die Leggings wurde entworfen, um die Figur zu betonen, die Silhouette zu formen und maximalen Komfort sowohl beim Training als auch im Alltag zu bieten.  <\/span><span class=\"s2\">Die auff\u00e4lligen N\u00e4hte folgen den nat\u00fcrlichen Linien und Kurven des K\u00f6rpers, wodurch die Figur optisch verl\u00e4ngert und die Silhouette betont wird. <\/span><\/p>\n<p class=\"p1\">Das Modell hat einen formenden Effekt im Ges\u00e4\u00dfbereich mit einem \u201einvisible scrunch\u201c, der den Po auf nat\u00fcrliche Weise hebt und formt, ohne eine sichtbare geraffte Au\u00dfennaht. <span class=\"s2\">Sie ist aus einem robusten und komprimierenden Material gefertigt, das keine Feuchtigkeit am K\u00f6rper h\u00e4lt und ein Gef\u00fchl von Stabilit\u00e4t sowie Bewegungsfreiheit bietet. In der Taille befindet sich eine versteckte Tasche \u2013 ein praktisches Detail, in dem w\u00e4hrend des Laufens ein Handy, eine Fitnesskarte oder Schl\u00fcssel verstaut werden k\u00f6nnen. <\/span><\/p>\n<p class=\"p1\"><span class=\"s2\">Die Leggings ist mit einem gestickten Peach Pump-Logo auf der Vorder- und R\u00fcckseite versehen. Sie wirkt besonders wirkungsvoll und eignet sich sowohl f\u00fcr den Sport als auch f\u00fcr den modernen Alltag. <\/span><\/p>\n<ul class=\"ul1\">\n<li class=\"li1\"><span class=\"s2\">Ein Material, das keine Feuchtigkeit am K\u00f6rper zur\u00fcckh\u00e4lt<\/span><\/li>\n<li class=\"li1\"><span class=\"s2\">Versteckte H\u00fcfttasche f\u00fcr Telefon, Karte oder Schl\u00fcssel<\/span><\/li>\n<li class=\"li1\"><span class=\"s2\">N\u00e4hte, die den Kurven und Linien des K\u00f6rpers folgen.<\/span><\/li>\n<li class=\"li1\"><span class=\"s2\">Po-Formung mit unsichtbarem scrunch<\/span><\/li>\n<li class=\"li1\"><span class=\"s2\">Gesticktes Peach Pump Logo auf Vorder- und R\u00fcckseite<\/span><\/li>\n<li class=\"li1\"><span class=\"s2\">L\u00e4sst die Figur optisch l\u00e4nger wirken.<\/span><\/li>\n<li class=\"li1\"><span class=\"s2\">Auch f\u00fcr gr\u00f6\u00dfere Figuren geeignet<\/span><\/li>\n<\/ul>\n<p>Die Leggings kann bei Temperaturen bis zu 30 \u00b0C gewaschen werden. Bitte verwenden Sie kein Bleichmittel oder chemische Reinigung.<\/p>\n<p>Das Model auf dem Bild ist 170 cm gro\u00df, wiegt 53 kg und tr\u00e4gt Gr\u00f6\u00dfe S. <\/p>\n<p>Bitte verwenden Sie die Gr\u00f6\u00dfentabelle, um die passende Gr\u00f6\u00dfe auszuw\u00e4hlen.<\/p>\n<p>Material: 73% Polyester 27% Elasthan<\/p>\n","protected":false},"excerpt":{"rendered":"<p>Graue Damen-Leggings mit auff\u00e4lligen N\u00e4hten, die den Kurven des K\u00f6rpers folgen \u2013 ein Modell, mit dem Sie garantiert nicht unbemerkt bleiben. Die Leggings wurde entworfen, um die Figur zu betonen, die Silhouette zu formen und maximalen Komfort sowohl beim Training als auch im Alltag zu bieten. Die auff\u00e4lligen N\u00e4hte folgen den nat\u00fcrlichen Linien und Kurven [&hellip;]<\/p>\n","protected":false},"featured_media":147815,"comment_status":"open","ping_status":"closed","template":"","meta":[],"product_brand":[],"product_cat":[1242,1244,1235],"product_tag":[],"class_list":{"0":"post-149153","1":"product","2":"type-product","3":"status-publish","4":"has-post-thumbnail","6":"product_cat-leggings-damen","7":"product_cat-leggings-mit-taschen","8":"product_cat-sportleggings-damen","9":"pa_cviat-grau","10":"pa_razmer-l","11":"pa_razmer-m","12":"pa_razmer-s","13":"inventories-world","14":"inventories-pl","15":"inventories-uk","17":"first","18":"instock","19":"taxable","20":"shipping-taxable","21":"purchasable","22":"product-type-variable"},"_links":{"self":[{"href":"https:\/\/peach-pump.com\/en\/wp-json\/wp\/v2\/product\/149153","targetHints":{"allow":["GET"]}}],"collection":[{"href":"https:\/\/peach-pump.com\/en\/wp-json\/wp\/v2\/product"}],"about":[{"href":"https:\/\/peach-pump.com\/en\/wp-json\/wp\/v2\/types\/product"}],"replies":[{"embeddable":true,"href":"https:\/\/peach-pump.com\/en\/wp-json\/wp\/v2\/comments?post=149153"}],"version-history":[{"count":0,"href":"https:\/\/peach-pump.com\/en\/wp-json\/wp\/v2\/product\/149153\/revisions"}],"wp:featuredmedia":[{"embeddable":true,"href":"https:\/\/peach-pump.com\/en\/wp-json\/wp\/v2\/media\/147815"}],"wp:attachment":[{"href":"https:\/\/peach-pump.com\/en\/wp-json\/wp\/v2\/media?parent=149153"}],"wp:term":[{"taxonomy":"product_brand","embeddable":true,"href":"https:\/\/peach-pump.com\/en\/wp-json\/wp\/v2\/product_brand?post=149153"},{"taxonomy":"product_cat","embeddable":true,"href":"https:\/\/peach-pump.com\/en\/wp-json\/wp\/v2\/product_cat?post=149153"},{"taxonomy":"product_tag","embeddable":true,"href":"https:\/\/peach-pump.com\/en\/wp-json\/wp\/v2\/product_tag?post=149153"}],"curies":[{"name":"wp","href":"https:\/\/api.w.org\/{rel}","templated":true}]}}