{"id":149126,"date":"2026-04-25T07:49:46","date_gmt":"2026-04-25T05:49:46","guid":{"rendered":"https:\/\/peach-pump.com\/products\/%d1%81%d0%b8%d0%bd-%d1%81%d0%bf%d0%be%d1%80%d1%82%d0%b5%d0%bd-%d0%ba%d0%bb%d0%b8%d0%bd-peach-pump-%d1%81-3d-%d1%88%d0%b5%d0%b2\/"},"modified":"2026-05-06T20:47:55","modified_gmt":"2026-05-06T18:47:55","slug":"%d1%81%d0%b8%d0%bd-%d1%81%d0%bf%d0%be%d1%80%d1%82%d0%b5%d0%bd-%d0%ba%d0%bb%d0%b8%d0%bd-peach-pump-%d1%81-3d-%d1%88%d0%b5%d0%b2","status":"publish","type":"product","link":"https:\/\/peach-pump.com\/de\/products\/%d1%81%d0%b8%d0%bd-%d1%81%d0%bf%d0%be%d1%80%d1%82%d0%b5%d0%bd-%d0%ba%d0%bb%d0%b8%d0%bd-peach-pump-%d1%81-3d-%d1%88%d0%b5%d0%b2\/","title":{"rendered":"Blauer Sport-Leggings Peach Pump mit formenden 3D-N\u00e4hten"},"content":{"rendered":"<p class=\"p1\"><span class=\"s2\">Damen-Sportleggings in kr\u00e4ftigem Blau, geeignet f\u00fcr jede Jahreszeit. Das Modell ist aus einem weichen und elastischen Material gefertigt, das keine Feuchtigkeit am K\u00f6rper speichert und Komfort, Leichtigkeit sowie Bewegungsfreiheit bietet.  <\/span><span class=\"s2\">Die Leggings haben eine mittelhohe bis hohe Taille, die formt und modelliert und ein Gef\u00fchl von Straffheit sowie eine schlanke Silhouette erzeugt. Die markanten  <\/span>Die Leggings hat einen mittelhohen Bund, der formt und modelliert und so f\u00fcr eine straffe, geformte Silhouette sorgt. Die effektvollen 3D-N\u00e4hte strecken optisch die Figur, betonen die Kurven und erzeugen eine optische Illusion einer schmaleren Taille sowie einer Sanduhrfigur. Die Leggings ist in mehreren Farbvarianten erh\u00e4ltlich und kann mit einem Bustier in derselben Farbe f\u00fcr einen vollst\u00e4ndigen Peach Pump Sport-Look kombiniert werden.<\/p>\n<p class=\"p1\"><span class=\"s2\">Geeignet sowohl f\u00fcr das Training als auch f\u00fcr einen modernen Alltagslook \u2013 entwickelt, um die Weiblichkeit zu betonen, die Silhouette zu formen und schon auf den ersten Blick Aufmerksamkeit zu erregen. <\/span><\/p>\n<ul class=\"ul1\">\n<li class=\"li1\"><span class=\"s2\">Weiches Material, das keine Feuchtigkeit zur\u00fcckh\u00e4lt<\/span><\/li>\n<li class=\"li1\"><span class=\"s2\">Hoher Bund f\u00fcr eine formende und modellierende Silhouette.<\/span><\/li>\n<li class=\"li1\"><span class=\"s2\">3D-N\u00e4hte, die die Figur optisch strecken und eine Sanduhrform erzeugen.<\/span><\/li>\n<li class=\"li1\"><span class=\"s2\">Thermisch versiegeltes Peach Pump-Logo auf der Vorderseite<\/span><\/li>\n<li class=\"li1\"><span class=\"s2\">Elastischer und bequemer Schnitt<\/span><\/li>\n<li class=\"li1\"><span class=\"s2\">Sexy, modernes Design<\/span><\/li>\n<li class=\"li1\"><span class=\"s2\">Kann mit Bustiers in derselben Farbe kombiniert werden<\/span><\/li>\n<\/ul>\n<p>Die Leggings kann bei Temperaturen bis zu 30 \u00b0C gewaschen werden. Bitte verwenden Sie kein Bleichmittel oder chemische Reinigung.<\/p>\n<p>Das Model auf dem Bild ist 170 cm gro\u00df, wiegt 53 kg und tr\u00e4gt Gr\u00f6\u00dfe S. <\/p>\n<p>Bitte verwenden Sie die Gr\u00f6\u00dfentabelle, um die passende Gr\u00f6\u00dfe auszuw\u00e4hlen.<\/p>\n<p>Material: 90 % Nylon, 10 % Elasthan<\/p>\n","protected":false},"excerpt":{"rendered":"<p>Damen-Sportleggings in kr\u00e4ftigem Blau, geeignet f\u00fcr jede Jahreszeit. Das Modell ist aus einem weichen und elastischen Material gefertigt, das keine Feuchtigkeit am K\u00f6rper speichert und Komfort, Leichtigkeit sowie Bewegungsfreiheit bietet. Die Leggings haben eine mittelhohe bis hohe Taille, die formt und modelliert und ein Gef\u00fchl von Straffheit sowie eine schlanke Silhouette erzeugt. Die markanten Die [&hellip;]<\/p>\n","protected":false},"featured_media":146893,"comment_status":"open","ping_status":"closed","template":"","meta":[],"product_brand":[],"product_cat":[1242,1235],"product_tag":[],"class_list":{"0":"post-149126","1":"product","2":"type-product","3":"status-publish","4":"has-post-thumbnail","6":"product_cat-leggings-damen","7":"product_cat-sportleggings-damen","8":"pa_cviat-blau","9":"pa_razmer-m","10":"pa_razmer-s","11":"inventories-world","12":"inventories-pl","14":"first","15":"instock","16":"taxable","17":"shipping-taxable","18":"purchasable","19":"product-type-variable"},"_links":{"self":[{"href":"https:\/\/peach-pump.com\/en\/wp-json\/wp\/v2\/product\/149126","targetHints":{"allow":["GET"]}}],"collection":[{"href":"https:\/\/peach-pump.com\/en\/wp-json\/wp\/v2\/product"}],"about":[{"href":"https:\/\/peach-pump.com\/en\/wp-json\/wp\/v2\/types\/product"}],"replies":[{"embeddable":true,"href":"https:\/\/peach-pump.com\/en\/wp-json\/wp\/v2\/comments?post=149126"}],"version-history":[{"count":0,"href":"https:\/\/peach-pump.com\/en\/wp-json\/wp\/v2\/product\/149126\/revisions"}],"wp:featuredmedia":[{"embeddable":true,"href":"https:\/\/peach-pump.com\/en\/wp-json\/wp\/v2\/media\/146893"}],"wp:attachment":[{"href":"https:\/\/peach-pump.com\/en\/wp-json\/wp\/v2\/media?parent=149126"}],"wp:term":[{"taxonomy":"product_brand","embeddable":true,"href":"https:\/\/peach-pump.com\/en\/wp-json\/wp\/v2\/product_brand?post=149126"},{"taxonomy":"product_cat","embeddable":true,"href":"https:\/\/peach-pump.com\/en\/wp-json\/wp\/v2\/product_cat?post=149126"},{"taxonomy":"product_tag","embeddable":true,"href":"https:\/\/peach-pump.com\/en\/wp-json\/wp\/v2\/product_tag?post=149126"}],"curies":[{"name":"wp","href":"https:\/\/api.w.org\/{rel}","templated":true}]}}