{"id":148437,"date":"2026-04-25T08:18:53","date_gmt":"2026-04-25T06:18:53","guid":{"rendered":"https:\/\/peach-pump.com\/products\/%d0%b1%d0%b5%d0%b6%d0%be%d0%b2-%d1%81%d0%bf%d0%be%d1%80%d1%82%d0%b5%d0%bd-%d0%ba%d0%be%d0%bc%d0%bf%d0%bb%d0%b5%d0%ba%d1%82-%d0%ba%d0%bb%d0%b8%d0%bd-%d0%b8-%d0%b1%d1%8e%d1%81%d1%82%d0%b8%d0%b5-2-2\/"},"modified":"2026-05-06T19:08:12","modified_gmt":"2026-05-06T17:08:12","slug":"%d0%b1%d0%b5%d0%b6%d0%be%d0%b2-%d1%81%d0%bf%d0%be%d1%80%d1%82%d0%b5%d0%bd-%d0%ba%d0%be%d0%bc%d0%bf%d0%bb%d0%b5%d0%ba%d1%82-%d0%ba%d0%bb%d0%b8%d0%bd-%d0%b8-%d0%b1%d1%8e%d1%81%d1%82%d0%b8%d0%b5-2-2","status":"publish","type":"product","link":"https:\/\/peach-pump.com\/de\/products\/%d0%b1%d0%b5%d0%b6%d0%be%d0%b2-%d1%81%d0%bf%d0%be%d1%80%d1%82%d0%b5%d0%bd-%d0%ba%d0%be%d0%bc%d0%bf%d0%bb%d0%b5%d0%ba%d1%82-%d0%ba%d0%bb%d0%b8%d0%bd-%d0%b8-%d0%b1%d1%8e%d1%81%d1%82%d0%b8%d0%b5-2-2\/","title":{"rendered":"Beiger Damen-Sportset mit Leggings und Bustier mit 3D-N\u00e4hten"},"content":{"rendered":"<p class=\"p1\">Damen-Sportset Peach Pump, bestehend aus Leggings und Bustier in Beige.<span class=\"s2\"> Die perfekte Wahl f\u00fcr einen stilvollen Sport-Look zu jeder Jahreszeit. Das Set ist aus einem weichen, elastischen und bequemen Material gefertigt, das keine Feuchtigkeit am K\u00f6rper speichert und Leichtigkeit, Komfort sowie Bewegungsfreiheit gew\u00e4hrleistet.<br \/>  <\/span>Das Bustier verf\u00fcgt \u00fcber Push-up-Polster, die die Brust betonen und eine sch\u00f6ne Silhouette formen, sowie \u00fcber verstellbare Tr\u00e4ger<span class=\"s2\"> f\u00fcr eine individuelle Anpassung. Die Leggings hat  <\/span>einen hohen Bund, der formt und st\u00fctzt und so f\u00fcr eine straffe, modellierte Silhouette sorgt. Die effektvollen 3D-N\u00e4hte des Bustiers und der Leggings betonen optisch die K\u00f6rperform, strecken die Figur und erzeugen eine optische Illusion einer schmaleren Taille sowie einer Sanduhrfigur.<\/p>\n<p class=\"p1\"><span class=\"s2\">Das Set ist in mehreren Farbvarianten erh\u00e4ltlich und eignet sich sowohl f\u00fcr das Training als auch f\u00fcr einen modernen Alltagslook.<\/span><\/p>\n<p class=\"p1\"><span class=\"s2\">Bez\u00fcglich des Bustiers: <\/span><\/p>\n<ul class=\"ul1\">\n<li class=\"li1\"><span class=\"s2\">Weiches Material, das keine Feuchtigkeit am K\u00f6rper zur\u00fcckh\u00e4lt <\/span><\/li>\n<li class=\"li1\"><span class=\"s2\">Thermisch versiegeltes Peach Pump-Logo auf der Vorderseite des Bustiers. <\/span><\/li>\n<li class=\"li1\"><span class=\"s2\">Verstellbare Tr\u00e4ger.<\/span><\/li>\n<li class=\"li1\"><span class=\"s2\">Push-up-Polster <\/span><\/li>\n<li class=\"li1\"><span class=\"s2\">Sexy, modernes Design <\/span><\/li>\n<li class=\"li1\"><span class=\"s2\">3D-N\u00e4hte f\u00fcr eine modellierte Silhouette. <\/span><\/li>\n<\/ul>\n<p class=\"p1\"><span class=\"s2\">F\u00fcr den Keil:  <\/span><\/p>\n<ul class=\"ul1\">\n<li class=\"li1\"><span class=\"s2\">Weiches Material, das keine Feuchtigkeit im K\u00f6rper zur\u00fcckh\u00e4lt.<\/span><\/li>\n<li class=\"li1\"><span class=\"s2\">Hohe Taille f\u00fcr eine straffe und geformte Silhouette.<\/span><\/li>\n<li class=\"li1\"><span class=\"s2\">3D-N\u00e4hte, die die Figur optisch verl\u00e4ngern (Sanduhr-Effekt).<\/span><\/li>\n<li class=\"li1\"><span class=\"s2\">Thermisch aufgedrucktes Peach Pump Logo auf der Vorderseite.<\/span><\/li>\n<li class=\"li1\"><span class=\"s2\">Elastischer und bequemer Schnitt.<\/span><\/li>\n<li class=\"li1\"><span class=\"s2\">Sexy, modernes Design<\/span><\/li>\n<li class=\"li1\"><span class=\"s2\">Kann mit einem Bustier in derselben Farbe kombiniert werden<\/span><\/li>\n<\/ul>\n<p>Das Set kann bei bis zu 30 Grad gewaschen werden, bitte verwenden Sie keine Bleiche oder chemische Reinigung.<\/p>\n<p>Das Model auf dem Bild ist 170 cm gro\u00df, wiegt 53 kg und posiert in einer Gr\u00f6\u00dfe S f\u00fcr Leggings und Bustier. <\/p>\n<p>Bitte verwenden Sie die Gr\u00f6\u00dfentabelle, um die passende Gr\u00f6\u00dfe auszuw\u00e4hlen.<\/p>\n<p>Material: 90 % Nylon, 10 % Elasthan<\/p>\n","protected":false},"excerpt":{"rendered":"<p>Damen-Sportset Peach Pump, bestehend aus Leggings und Bustier in Beige. Die perfekte Wahl f\u00fcr einen stilvollen Sport-Look zu jeder Jahreszeit. Das Set ist aus einem weichen, elastischen und bequemen Material gefertigt, das keine Feuchtigkeit am K\u00f6rper speichert und Leichtigkeit, Komfort sowie Bewegungsfreiheit gew\u00e4hrleistet. Das Bustier verf\u00fcgt \u00fcber Push-up-Polster, die die Brust betonen und eine sch\u00f6ne [&hellip;]<\/p>\n","protected":false},"featured_media":147425,"comment_status":"open","ping_status":"closed","template":"","meta":[],"product_brand":[],"product_cat":[1238,1237],"product_tag":[],"class_list":{"0":"post-148437","1":"product","2":"type-product","3":"status-publish","4":"has-post-thumbnail","6":"product_cat-leggings-set-damen","7":"product_cat-sport-set-damen","8":"inventories-world","9":"inventories-pl","11":"first","12":"instock","13":"taxable","14":"shipping-taxable","15":"purchasable","16":"product-type-yith_bundle"},"_links":{"self":[{"href":"https:\/\/peach-pump.com\/en\/wp-json\/wp\/v2\/product\/148437","targetHints":{"allow":["GET"]}}],"collection":[{"href":"https:\/\/peach-pump.com\/en\/wp-json\/wp\/v2\/product"}],"about":[{"href":"https:\/\/peach-pump.com\/en\/wp-json\/wp\/v2\/types\/product"}],"replies":[{"embeddable":true,"href":"https:\/\/peach-pump.com\/en\/wp-json\/wp\/v2\/comments?post=148437"}],"version-history":[{"count":0,"href":"https:\/\/peach-pump.com\/en\/wp-json\/wp\/v2\/product\/148437\/revisions"}],"wp:featuredmedia":[{"embeddable":true,"href":"https:\/\/peach-pump.com\/en\/wp-json\/wp\/v2\/media\/147425"}],"wp:attachment":[{"href":"https:\/\/peach-pump.com\/en\/wp-json\/wp\/v2\/media?parent=148437"}],"wp:term":[{"taxonomy":"product_brand","embeddable":true,"href":"https:\/\/peach-pump.com\/en\/wp-json\/wp\/v2\/product_brand?post=148437"},{"taxonomy":"product_cat","embeddable":true,"href":"https:\/\/peach-pump.com\/en\/wp-json\/wp\/v2\/product_cat?post=148437"},{"taxonomy":"product_tag","embeddable":true,"href":"https:\/\/peach-pump.com\/en\/wp-json\/wp\/v2\/product_tag?post=148437"}],"curies":[{"name":"wp","href":"https:\/\/api.w.org\/{rel}","templated":true}]}}