{"id":148289,"date":"2026-04-25T08:07:22","date_gmt":"2026-04-25T06:07:22","guid":{"rendered":"https:\/\/peach-pump.com\/products\/%d0%b1%d0%b5%d0%b6%d0%be%d0%b2%d0%be-%d1%81%d0%bf%d0%be%d1%80%d1%82%d0%bd%d0%be-%d0%b1%d1%8e%d1%81%d1%82%d0%b8%d0%b5-%d1%81-push-up-3d-%d1%88%d0%b5%d0%b2-2\/"},"modified":"2026-05-06T19:09:25","modified_gmt":"2026-05-06T17:09:25","slug":"%d0%b1%d0%b5%d0%b6%d0%be%d0%b2%d0%be-%d1%81%d0%bf%d0%be%d1%80%d1%82%d0%bd%d0%be-%d0%b1%d1%8e%d1%81%d1%82%d0%b8%d0%b5-%d1%81-push-up-3d-%d1%88%d0%b5%d0%b2-2","status":"publish","type":"product","link":"https:\/\/peach-pump.com\/de\/products\/%d0%b1%d0%b5%d0%b6%d0%be%d0%b2%d0%be-%d1%81%d0%bf%d0%be%d1%80%d1%82%d0%bd%d0%be-%d0%b1%d1%8e%d1%81%d1%82%d0%b8%d0%b5-%d1%81-push-up-3d-%d1%88%d0%b5%d0%b2-2\/","title":{"rendered":"Beiges Sport-Bustier mit Push-up-Effekt und 3D-N\u00e4hten."},"content":{"rendered":"<p class=\"p1\"><span class=\"s2\">Beiges Damen-Sport-Bustier, einer der aktuellsten Farbt\u00f6ne f\u00fcr die Sommersaison. Es ist aus einem bequemen Material gefertigt, das keine Feuchtigkeit am K\u00f6rper speichert und Leichtigkeit sowie Tragekomfort bietet. Das Bustier verf\u00fcgt \u00fcber   <\/span>Push-up-Polster, die die Brust betonen und eine sch\u00f6ne Silhouette formen, sowie verstellbare Tr\u00e4ger f\u00fcr eine individuelle Passform. Die effektiven 3D-N\u00e4hte formen optisch den K\u00f6rper und erzeugen eine optische Illusion einer Sanduhrfigur. Das Bustier ist in mehreren Farben erh\u00e4ltlich und kann mit Leggings in derselben Farbe kombiniert werden, f\u00fcr einen vollst\u00e4ndigen sportlichen Peach-Pump-Look.<\/p>\n<p class=\"p1\"><span class=\"s2\">Geeignet sowohl f\u00fcr einen sportlichen Look als auch f\u00fcr eine moderne Alltagskombination. <\/span><\/p>\n<ul class=\"ul1\">\n<li class=\"li1\"><span class=\"s2\">Weiches Material, das keine Feuchtigkeit am K\u00f6rper zur\u00fcckh\u00e4lt <\/span><\/li>\n<li class=\"li1\"><span class=\"s2\">Thermisch versiegeltes Peach-Pump-Logo auf der Vorderseite des Bustiers. <\/span><\/li>\n<li class=\"li1\"><span class=\"s2\">Verstellbare Riemen<\/span><\/li>\n<li class=\"li1\"><span class=\"s2\">Push-up-Polster <\/span><\/li>\n<li class=\"li1\"><span class=\"s2\">Sexy, modernes Design <\/span><\/li>\n<li class=\"li1\"><span class=\"s2\">3D-N\u00e4hte f\u00fcr eine modellierte Silhouette. <\/span><\/li>\n<\/ul>\n<p>Das Bustier kann bei bis zu 30 Grad gewaschen werden, bitte verwenden Sie keine Bleiche oder chemische Reinigung.<\/p>\n<p>Das Model auf dem Bild ist 170 cm gro\u00df, wiegt 53 kg und tr\u00e4gt Gr\u00f6\u00dfe S. <\/p>\n<p>Bitte verwenden Sie die Gr\u00f6\u00dfentabelle, um die passende Gr\u00f6\u00dfe auszuw\u00e4hlen.<\/p>\n<p>Material: 90 % Nylon, 10 % Elasthan<\/p>\n","protected":false},"excerpt":{"rendered":"<p>Beiges Damen-Sport-Bustier, einer der aktuellsten Farbt\u00f6ne f\u00fcr die Sommersaison. Es ist aus einem bequemen Material gefertigt, das keine Feuchtigkeit am K\u00f6rper speichert und Leichtigkeit sowie Tragekomfort bietet. Das Bustier verf\u00fcgt \u00fcber Push-up-Polster, die die Brust betonen und eine sch\u00f6ne Silhouette formen, sowie verstellbare Tr\u00e4ger f\u00fcr eine individuelle Passform. Die effektiven 3D-N\u00e4hte formen optisch den K\u00f6rper [&hellip;]<\/p>\n","protected":false},"featured_media":147144,"comment_status":"open","ping_status":"closed","template":"","meta":[],"product_brand":[],"product_cat":[116,1236,772],"product_tag":[],"class_list":{"0":"post-148289","1":"product","2":"type-product","3":"status-publish","4":"has-post-thumbnail","6":"product_cat-sportni-bustieta-sutieni","7":"product_cat-sport-bh-damen","8":"product_cat----peach-pump","9":"pa_razmer-m","10":"pa_razmer-s","11":"inventories-world","12":"inventories-pl","14":"first","15":"instock","16":"taxable","17":"shipping-taxable","18":"purchasable","19":"product-type-variable"},"_links":{"self":[{"href":"https:\/\/peach-pump.com\/en\/wp-json\/wp\/v2\/product\/148289","targetHints":{"allow":["GET"]}}],"collection":[{"href":"https:\/\/peach-pump.com\/en\/wp-json\/wp\/v2\/product"}],"about":[{"href":"https:\/\/peach-pump.com\/en\/wp-json\/wp\/v2\/types\/product"}],"replies":[{"embeddable":true,"href":"https:\/\/peach-pump.com\/en\/wp-json\/wp\/v2\/comments?post=148289"}],"version-history":[{"count":0,"href":"https:\/\/peach-pump.com\/en\/wp-json\/wp\/v2\/product\/148289\/revisions"}],"wp:featuredmedia":[{"embeddable":true,"href":"https:\/\/peach-pump.com\/en\/wp-json\/wp\/v2\/media\/147144"}],"wp:attachment":[{"href":"https:\/\/peach-pump.com\/en\/wp-json\/wp\/v2\/media?parent=148289"}],"wp:term":[{"taxonomy":"product_brand","embeddable":true,"href":"https:\/\/peach-pump.com\/en\/wp-json\/wp\/v2\/product_brand?post=148289"},{"taxonomy":"product_cat","embeddable":true,"href":"https:\/\/peach-pump.com\/en\/wp-json\/wp\/v2\/product_cat?post=148289"},{"taxonomy":"product_tag","embeddable":true,"href":"https:\/\/peach-pump.com\/en\/wp-json\/wp\/v2\/product_tag?post=148289"}],"curies":[{"name":"wp","href":"https:\/\/api.w.org\/{rel}","templated":true}]}}