{"id":148258,"date":"2026-04-25T07:56:33","date_gmt":"2026-04-25T05:56:33","guid":{"rendered":"https:\/\/peach-pump.com\/products\/%d1%80%d0%be%d0%b7%d0%be%d0%b2-%d0%b4%d0%b0%d0%bc%d1%81%d0%ba%d0%b8-%d1%81%d0%bf%d0%be%d1%80%d1%82%d0%b5%d0%bd-%d0%ba%d0%bb%d0%b8%d0%bd-3d-%d1%88%d0%b5%d0%b2-2\/"},"modified":"2026-05-06T19:10:07","modified_gmt":"2026-05-06T17:10:07","slug":"%d1%80%d0%be%d0%b7%d0%be%d0%b2-%d0%b4%d0%b0%d0%bc%d1%81%d0%ba%d0%b8-%d1%81%d0%bf%d0%be%d1%80%d1%82%d0%b5%d0%bd-%d0%ba%d0%bb%d0%b8%d0%bd-3d-%d1%88%d0%b5%d0%b2-2","status":"publish","type":"product","link":"https:\/\/peach-pump.com\/de\/products\/%d1%80%d0%be%d0%b7%d0%be%d0%b2-%d0%b4%d0%b0%d0%bc%d1%81%d0%ba%d0%b8-%d1%81%d0%bf%d0%be%d1%80%d1%82%d0%b5%d0%bd-%d0%ba%d0%bb%d0%b8%d0%bd-3d-%d1%88%d0%b5%d0%b2-2\/","title":{"rendered":"Rosa Sportleggings Peach Pump mit 3D-N\u00e4hten"},"content":{"rendered":"<p class=\"p1\"><span class=\"s2\">Damen-Sportleggings in leuchtendem Rosa, geeignet f\u00fcr alle Jahreszeiten. Das Modell besteht aus einem weichen und elastischen Material, das keine Feuchtigkeit im K\u00f6rper zur\u00fcckh\u00e4lt und Komfort, Leichtigkeit sowie Bewegungsfreiheit bietet.  <\/span><span class=\"s2\">Die Leggings haben eine mittelhohe bis hohe Taille, die formt und modelliert und so ein Gef\u00fchl von Straffheit und einer geformten Silhouette vermittelt. Die effektvollen  <\/span>3D-N\u00e4hte verl\u00e4ngern optisch die Figur, betonen die Kurven und erzeugen die Illusion einer schmaleren Taille und einer Sanduhrfigur. Die Leggings sind in mehreren Farbvarianten erh\u00e4ltlich und k\u00f6nnen mit einem Sport-BH in derselben Farbe kombiniert werden, um einen vollst\u00e4ndigen sportlichen Peach-Pump-Look zu erzielen.<\/p>\n<p class=\"p1\"><span class=\"s2\">Geeignet sowohl f\u00fcr Training als auch f\u00fcr einen modernen Alltagslook \u2013 entworfen, um die Weiblichkeit zu betonen, die Silhouette zu formen und sofort die Blicke auf sich zu ziehen. <\/span><\/p>\n<ul class=\"ul1\">\n<li class=\"li1\"><span class=\"s2\">Weiches Material, das keine Feuchtigkeit im K\u00f6rper zur\u00fcckh\u00e4lt.<\/span><\/li>\n<li class=\"li1\"><span class=\"s2\">Hohe Taille f\u00fcr eine formende und definierte Silhouette.<\/span><\/li>\n<li class=\"li1\"><span class=\"s2\">3D-N\u00e4hte, die die Figur optisch verl\u00e4ngern und eine \u201eSanduhr\u201c-Form erzeugen.<\/span><\/li>\n<li class=\"li1\"><span class=\"s2\">Thermisch versiegeltes Peach-Pump-Logo auf der Vorderseite.<\/span><\/li>\n<li class=\"li1\"><span class=\"s2\">Elastischer und bequemer Schnitt.<\/span><\/li>\n<li class=\"li1\"><span class=\"s2\">Sexy, modernes Design<\/span><\/li>\n<li class=\"li1\"><span class=\"s2\">Kann mit einem Bustier in derselben Farbe kombiniert werden.<\/span><\/li>\n<\/ul>\n<p>Die Leggings k\u00f6nnen bei bis zu 30 Grad gewaschen werden. Bitte kein Bleichmittel oder chemische Reinigung verwenden.<\/p>\n<p>Das Model auf dem Bild ist 170 cm gro\u00df, wiegt 53 kg und tr\u00e4gt Gr\u00f6\u00dfe S. <\/p>\n<p>Bitte verwenden Sie die Gr\u00f6\u00dfentabelle, um die passende Gr\u00f6\u00dfe auszuw\u00e4hlen.<\/p>\n<p>Material: 90 % Nylon, 10 % Elasthan<\/p>\n","protected":false},"excerpt":{"rendered":"<p>Damen-Sportleggings in leuchtendem Rosa, geeignet f\u00fcr alle Jahreszeiten. Das Modell besteht aus einem weichen und elastischen Material, das keine Feuchtigkeit im K\u00f6rper zur\u00fcckh\u00e4lt und Komfort, Leichtigkeit sowie Bewegungsfreiheit bietet. Die Leggings haben eine mittelhohe bis hohe Taille, die formt und modelliert und so ein Gef\u00fchl von Straffheit und einer geformten Silhouette vermittelt. Die effektvollen 3D-N\u00e4hte [&hellip;]<\/p>\n","protected":false},"featured_media":147074,"comment_status":"open","ping_status":"closed","template":"","meta":[],"product_brand":[],"product_cat":[110,1242,1235,289,772],"product_tag":[],"class_list":{"0":"post-148258","1":"product","2":"type-product","3":"status-publish","4":"has-post-thumbnail","6":"product_cat-damski-sportni-klinove","7":"product_cat-leggings-damen","8":"product_cat-sportleggings-damen","9":"product_cat-damski-klin","10":"product_cat----peach-pump","11":"pa_cviat-rosa","12":"pa_cviat-228","13":"pa_razmer-m","15":"pa_razmer-s-ro-2","16":"pa_razmer-s","17":"inventories-world","18":"inventories-pl","20":"first","21":"instock","22":"taxable","23":"shipping-taxable","24":"purchasable","25":"product-type-variable"},"_links":{"self":[{"href":"https:\/\/peach-pump.com\/en\/wp-json\/wp\/v2\/product\/148258","targetHints":{"allow":["GET"]}}],"collection":[{"href":"https:\/\/peach-pump.com\/en\/wp-json\/wp\/v2\/product"}],"about":[{"href":"https:\/\/peach-pump.com\/en\/wp-json\/wp\/v2\/types\/product"}],"replies":[{"embeddable":true,"href":"https:\/\/peach-pump.com\/en\/wp-json\/wp\/v2\/comments?post=148258"}],"version-history":[{"count":0,"href":"https:\/\/peach-pump.com\/en\/wp-json\/wp\/v2\/product\/148258\/revisions"}],"wp:featuredmedia":[{"embeddable":true,"href":"https:\/\/peach-pump.com\/en\/wp-json\/wp\/v2\/media\/147074"}],"wp:attachment":[{"href":"https:\/\/peach-pump.com\/en\/wp-json\/wp\/v2\/media?parent=148258"}],"wp:term":[{"taxonomy":"product_brand","embeddable":true,"href":"https:\/\/peach-pump.com\/en\/wp-json\/wp\/v2\/product_brand?post=148258"},{"taxonomy":"product_cat","embeddable":true,"href":"https:\/\/peach-pump.com\/en\/wp-json\/wp\/v2\/product_cat?post=148258"},{"taxonomy":"product_tag","embeddable":true,"href":"https:\/\/peach-pump.com\/en\/wp-json\/wp\/v2\/product_tag?post=148258"}],"curies":[{"name":"wp","href":"https:\/\/api.w.org\/{rel}","templated":true}]}}