{"id":148773,"date":"2022-09-21T07:39:42","date_gmt":"2022-09-21T05:39:42","guid":{"rendered":"https:\/\/peach-pump.com\/rueckgabe-umtausch\/"},"modified":"2026-05-02T22:19:42","modified_gmt":"2026-05-02T20:19:42","slug":"rueckgabe-umtausch","status":"publish","type":"page","link":"https:\/\/peach-pump.com\/de\/rueckgabe-umtausch\/","title":{"rendered":"R\u00fcckgabe &amp; Umtausch"},"content":{"rendered":"\t\t<div data-elementor-type=\"wp-page\" data-elementor-id=\"148773\" class=\"elementor elementor-148773 elementor-20392\" data-elementor-post-type=\"page\">\n\t\t\t\t<div class=\"elementor-element elementor-element-0bdd6ac e-con-full e-flex e-con e-parent\" data-id=\"0bdd6ac\" data-element_type=\"container\">\n\t\t\t\t<div class=\"elementor-element elementor-element-3551429 elementor-widget elementor-widget-text-editor\" data-id=\"3551429\" data-element_type=\"widget\" data-widget_type=\"text-editor.default\">\n\t\t\t\t<div class=\"elementor-widget-container\">\n\t\t\t\t\t\t\t\t\t<h2 class=\"wp-block-heading\"><strong>R\u00fcckgabe &amp; Umtausch<\/strong><\/h2>\t\t\t\t\t\t\t\t<\/div>\n\t\t\t\t<\/div>\n\t\t\t\t<div class=\"elementor-element elementor-element-d330f9d elementor-widget__width-initial elementor-widget elementor-widget-shortcode\" data-id=\"d330f9d\" data-element_type=\"widget\" data-widget_type=\"shortcode.default\">\n\t\t\t\t<div class=\"elementor-widget-container\">\n\t\t\t\t\t\t\t<div class=\"elementor-shortcode\"><p class=\"wpcf7-contact-form-not-found\"><strong>Error:<\/strong> Contact form not found.<\/p><\/div>\n\t\t\t\t\t\t<\/div>\n\t\t\t\t<\/div>\n\t\t\t\t<\/div>\n\t\t<div class=\"elementor-element elementor-element-734bd85 e-con-full e-flex e-con e-parent\" data-id=\"734bd85\" data-element_type=\"container\">\n\t\t\t\t<div class=\"elementor-element elementor-element-0402aea elementor-widget__width-initial elementor-widget elementor-widget-text-editor\" data-id=\"0402aea\" data-element_type=\"widget\" data-widget_type=\"text-editor.default\">\n\t\t\t\t<div class=\"elementor-widget-container\">\n\t\t\t\t\t\t\t\t\t<h2 data-start=\"87\" data-end=\"120\">R\u00fcckgabe- und Umtauschrichtlinie<\/h2><p data-start=\"122\" data-end=\"294\">Wir m\u00f6chten, dass du mit deinem Einkauf vollkommen zufrieden bist. Du hast das Recht, einen Artikel innerhalb von 30 Tagen nach Erhalt zur\u00fcckzugeben oder umzutauschen.<\/p><h3 data-start=\"296\" data-end=\"338\">So kannst du einen Artikel zur\u00fcckgeben oder umtauschen:<\/h3><ul data-start=\"339\" data-end=\"705\"><li data-start=\"339\" data-end=\"437\"><p data-start=\"341\" data-end=\"437\">Bitte kontaktiere uns \u00fcber die Plattform, damit wir dir alle weiteren Schritte erkl\u00e4ren k\u00f6nnen.<\/p><\/li><li data-start=\"438\" data-end=\"550\"><p data-start=\"440\" data-end=\"550\">Bitte halte deine Bestellnummer bereit \u2013 den 6-stelligen Code, den du per E-Mail erhalten hast (pr\u00fcfe auch deinen Spam-Ordner).<\/p><\/li><li data-start=\"551\" data-end=\"705\"><p data-start=\"553\" data-end=\"705\"><span style=\"color: #222222; font-size: 24px; font-weight: 600; letter-spacing: 0px; text-wrap-mode: initial;\">R\u00fcckgabebedingungen:<\/span><\/p><\/li><\/ul><ul data-start=\"733\" data-end=\"1105\"><li data-start=\"733\" data-end=\"820\"><p data-start=\"735\" data-end=\"820\">Die Artikel m\u00fcssen sich im Originalzustand befinden und d\u00fcrfen keine Gebrauchsspuren, Waschspuren oder Besch\u00e4digungen aufweisen.<\/p><\/li><li data-start=\"821\" data-end=\"904\"><p data-start=\"823\" data-end=\"904\">Alle Etiketten und die Originalverpackung m\u00fcssen erhalten bleiben und zusammen mit dem Artikel zur\u00fcckgesendet werden.<\/p><\/li><li data-start=\"905\" data-end=\"995\"><p data-start=\"907\" data-end=\"995\">Artikel, die absichtlich besch\u00e4digt wurden oder Gebrauchsspuren durch unsachgem\u00e4\u00dfe Nutzung aufweisen, werden nicht akzeptiert.<\/p><\/li><li data-start=\"996\" data-end=\"1105\"><p data-start=\"998\" data-end=\"1105\">Wir akzeptieren R\u00fcckgaben sowohl bei defekten als auch bei einwandfreien Artikeln, sofern die R\u00fcckgabebedingungen erf\u00fcllt sind. <br>Die Pr\u00fcfung der Ware erfolgt nach Eingang der R\u00fccksendung.<br><\/p><\/li><\/ul><h3 data-start=\"1107\" data-end=\"1120\">Umtausch:<\/h3><ul data-start=\"1121\" data-end=\"1307\"><li data-start=\"1121\" data-end=\"1206\"><p data-start=\"1123\" data-end=\"1206\">Du kannst einen Artikel gegen dasselbe Modell in einer anderen Gr\u00f6\u00dfe oder Farbe umtauschen, sofern verf\u00fcgbar.<\/p><\/li><li data-start=\"1207\" data-end=\"1307\"><p data-start=\"1209\" data-end=\"1307\">Wenn du einen anderen Artikel w\u00fcnschst, wird die Preisdifferenz entsprechend berechnet oder erstattet.<\/p><\/li><\/ul><h3 data-start=\"1309\" data-end=\"1338\">R\u00fcckerstattung:<\/h3><ul data-start=\"1339\" data-end=\"1529\"><li data-start=\"1339\" data-end=\"1463\"><p data-start=\"1341\" data-end=\"1463\">Nach Erhalt und Pr\u00fcfung der R\u00fccksendung wird der Betrag innerhalb von bis zu 14 Werktagen auf dein Bankkonto zur\u00fcckerstattet. Die R\u00fcckerstattung erfolgt \u00fcber die urspr\u00fcnglich verwendete Zahlungsmethode.<\/p><\/li><li data-start=\"1464\" data-end=\"1529\"><p data-start=\"1466\" data-end=\"1529\">In den meisten F\u00e4llen erfolgt die R\u00fcckerstattung deutlich schneller.<\/p><\/li><\/ul><p> <\/p><p data-start=\"1531\" data-end=\"1628\">Unser Team steht dir jederzeit f\u00fcr deine Fragen zur Verf\u00fcgung und hilft dir gerne weiter. \u2764\ufe0f <\/p>\t\t\t\t\t\t\t\t<\/div>\n\t\t\t\t<\/div>\n\t\t\t\t<\/div>\n\t\t\t\t<\/div>\n\t\t","protected":false},"excerpt":{"rendered":"<p>R\u00fcckgabe &amp; Umtausch R\u00fcckgabe- und Umtauschrichtlinie Wir m\u00f6chten, dass du mit deinem Einkauf vollkommen zufrieden bist. Du hast das Recht, einen Artikel innerhalb von 30 Tagen nach Erhalt zur\u00fcckzugeben oder umzutauschen. So kannst du einen Artikel zur\u00fcckgeben oder umtauschen: Bitte kontaktiere uns \u00fcber die Plattform, damit wir dir alle weiteren Schritte erkl\u00e4ren k\u00f6nnen. Bitte halte [&hellip;]<\/p>\n","protected":false},"author":1,"featured_media":0,"parent":0,"menu_order":0,"comment_status":"closed","ping_status":"closed","template":"","meta":{"footnotes":""},"class_list":["post-148773","page","type-page","status-publish","hentry"],"_links":{"self":[{"href":"https:\/\/peach-pump.com\/en\/wp-json\/wp\/v2\/pages\/148773","targetHints":{"allow":["GET"]}}],"collection":[{"href":"https:\/\/peach-pump.com\/en\/wp-json\/wp\/v2\/pages"}],"about":[{"href":"https:\/\/peach-pump.com\/en\/wp-json\/wp\/v2\/types\/page"}],"author":[{"embeddable":true,"href":"https:\/\/peach-pump.com\/en\/wp-json\/wp\/v2\/users\/1"}],"replies":[{"embeddable":true,"href":"https:\/\/peach-pump.com\/en\/wp-json\/wp\/v2\/comments?post=148773"}],"version-history":[{"count":1,"href":"https:\/\/peach-pump.com\/en\/wp-json\/wp\/v2\/pages\/148773\/revisions"}],"predecessor-version":[{"id":148774,"href":"https:\/\/peach-pump.com\/en\/wp-json\/wp\/v2\/pages\/148773\/revisions\/148774"}],"wp:attachment":[{"href":"https:\/\/peach-pump.com\/en\/wp-json\/wp\/v2\/media?parent=148773"}],"curies":[{"name":"wp","href":"https:\/\/api.w.org\/{rel}","templated":true}]}}