{"id":98397,"date":"2024-11-17T20:52:09","date_gmt":"2024-11-17T18:52:09","guid":{"rendered":"https:\/\/peach-pump.com\/products\/zkraceny-top-prilehavy-cerny\/"},"modified":"2026-03-23T16:09:21","modified_gmt":"2026-03-23T14:09:21","slug":"zkraceny-top-prilehavy-cerny","status":"publish","type":"product","link":"https:\/\/peach-pump.com\/cs\/products\/zkraceny-top-prilehavy-cerny\/","title":{"rendered":"\u010cern\u00fd zkr\u00e1cen\u00fd top s kr\u00e1tk\u00fdm ruk\u00e1vem a l\u00edme\u010dkem"},"content":{"rendered":"<p>\u010cern\u00fd zkr\u00e1cen\u00fd top s l\u00edmcem, p\u0159il\u00e9hav\u00fd, na zip. Model m\u00e1 dlouh\u00e9 ruk\u00e1vy, kter\u00e9 jsou vybaveny otvorem pro palec, je elastick\u00fd a dokonale padnouc\u00ed. Na rameni je tepeln\u00fd potisk loga Peach Pump. Je vhodn\u00fd na fitness, b\u011bh\u00e1n\u00ed, aerobn\u00ed cvi\u010den\u00ed nebo proch\u00e1zku v parku, nezadr\u017euje vlhkost v t\u011ble. Lze jej kombinovat s leg\u00ednami, kter\u00e9 si m\u016f\u017eete prohl\u00e9dnout v sekci Sportovn\u00ed sety s leg\u00ednami.    <\/p>\n<ul>\n<li>Pru\u017en\u00e1 tkanina<\/li>\n<li>L\u00edmec na zip<\/li>\n<li>Tepeln\u00fd potisk loga Peach Pump na rameni<\/li>\n<li>Zkr\u00e1cen\u00fd st\u0159ih<\/li>\n<li>Otvor pro palce<\/li>\n<li>Tkanina, kter\u00e1 nezadr\u017euje vlhkost v t\u011ble<\/li>\n<\/ul>\n<p>Top lze pr\u00e1t na 30 stup\u0148\u016f, nepou\u017e\u00edvat b\u011blidla, nesu\u0161it v su\u0161i\u010dce a ne\u010distit chemicky. Modelka na obr\u00e1zku m\u011b\u0159\u00ed 170 cm, v\u00e1\u017e\u00ed 54 kg a m\u00e1 na sob\u011b velikost S.<\/p>\n<p>Pro v\u00fdb\u011br p\u0159esn\u00e9 velikosti pros\u00edm pou\u017eijte tabulek.<\/p>\n","protected":false},"excerpt":{"rendered":"<p>\u010cern\u00fd zkr\u00e1cen\u00fd top s l\u00edmcem, p\u0159il\u00e9hav\u00fd, na zip. Model m\u00e1 dlouh\u00e9 ruk\u00e1vy, kter\u00e9 jsou vybaveny otvorem pro palec, je elastick\u00fd a dokonale padnouc\u00ed. Na rameni je tepeln\u00fd potisk loga Peach Pump. Je vhodn\u00fd na fitness, b\u011bh\u00e1n\u00ed, aerobn\u00ed cvi\u010den\u00ed nebo proch\u00e1zku v parku, nezadr\u017euje vlhkost v t\u011ble. Lze jej kombinovat s leg\u00ednami, kter\u00e9 si m\u016f\u017eete prohl\u00e9dnout [&hellip;]<\/p>\n","protected":false},"featured_media":94969,"comment_status":"open","ping_status":"closed","template":"","meta":[],"product_brand":[],"product_cat":[345],"product_tag":[],"class_list":{"0":"post-98397","1":"product","2":"type-product","3":"status-publish","4":"has-post-thumbnail","6":"product_cat-damske-sportovni-topy-tilko","7":"pa_cviat-cerna","8":"pa_razmer-l-cs","9":"pa_razmer-m-cs","10":"pa_razmer-s-cs-2","11":"inventories-uk","13":"first","14":"outofstock","15":"taxable","16":"shipping-taxable","17":"purchasable","18":"product-type-variable"},"_links":{"self":[{"href":"https:\/\/peach-pump.com\/cs\/wp-json\/wp\/v2\/product\/98397","targetHints":{"allow":["GET"]}}],"collection":[{"href":"https:\/\/peach-pump.com\/cs\/wp-json\/wp\/v2\/product"}],"about":[{"href":"https:\/\/peach-pump.com\/cs\/wp-json\/wp\/v2\/types\/product"}],"replies":[{"embeddable":true,"href":"https:\/\/peach-pump.com\/cs\/wp-json\/wp\/v2\/comments?post=98397"}],"version-history":[{"count":0,"href":"https:\/\/peach-pump.com\/cs\/wp-json\/wp\/v2\/product\/98397\/revisions"}],"wp:featuredmedia":[{"embeddable":true,"href":"https:\/\/peach-pump.com\/cs\/wp-json\/wp\/v2\/media\/94969"}],"wp:attachment":[{"href":"https:\/\/peach-pump.com\/cs\/wp-json\/wp\/v2\/media?parent=98397"}],"wp:term":[{"taxonomy":"product_brand","embeddable":true,"href":"https:\/\/peach-pump.com\/cs\/wp-json\/wp\/v2\/product_brand?post=98397"},{"taxonomy":"product_cat","embeddable":true,"href":"https:\/\/peach-pump.com\/cs\/wp-json\/wp\/v2\/product_cat?post=98397"},{"taxonomy":"product_tag","embeddable":true,"href":"https:\/\/peach-pump.com\/cs\/wp-json\/wp\/v2\/product_tag?post=98397"}],"curies":[{"name":"wp","href":"https:\/\/api.w.org\/{rel}","templated":true}]}}