{"id":98244,"date":"2024-11-17T20:35:58","date_gmt":"2024-11-17T18:35:58","guid":{"rendered":"https:\/\/peach-pump.com\/products\/bezovy-sportovni-top-prilehavy-2\/"},"modified":"2026-04-03T14:07:41","modified_gmt":"2026-04-03T12:07:41","slug":"bezovy-sportovni-top-prilehavy-2","status":"publish","type":"product","link":"https:\/\/peach-pump.com\/cs\/products\/bezovy-sportovni-top-prilehavy-2\/","title":{"rendered":"Klasick\u00fd b\u00e9\u017eov\u00fd sportovn\u00ed top na t\u011blo"},"content":{"rendered":"<p>B\u00e9\u017eov\u00fd sportovn\u00ed top na t\u011blo, s dlouh\u00fdm ruk\u00e1vem, z extr\u00e9mn\u011b m\u011bkk\u00e9 tkaniny. Skv\u011ble padne a jeho st\u0159ih z n\u011bj d\u011bl\u00e1 nepostradateln\u00fd kousek p\u0159i sportovn\u00edm i b\u011b\u017en\u00e9m no\u0161en\u00ed. Hod\u00ed se na fitness, b\u011bh, aerobn\u00ed cvi\u010den\u00ed nebo proch\u00e1zku v parku, nezadr\u017euje vlhkost na t\u011ble. Top m\u00e1 na rameni tepeln\u00fd potisk loga Peach Pump, kter\u00fd je minimalistick\u00fd a jemn\u011b vynik\u00e1. Zamilujete si jemnost tohoto modelu a zp\u016fsob, jak\u00fdm sed\u00ed na t\u011ble. Skv\u011ble se kombinuje se v\u0161emi leg\u00ednami na\u0161\u00ed zna\u010dky.     <\/p>\n<ul>\n<li>M\u011bkk\u00e1 a jemn\u00e1 tkanina<\/li>\n<li>Velk\u00e1 pru\u017enost<\/li>\n<li>Perfektn\u011b sed\u00ed na t\u011ble<\/li>\n<li>Tepeln\u00fd potisk loga Peach Pump na rameni<\/li>\n<li>Tkanina, kter\u00e1 nezadr\u017euje vlhkost v t\u011ble<\/li>\n<\/ul>\n<p>Slo\u017een\u00ed: elastan a polyester Top lze pr\u00e1t na 30 stup\u0148\u016f, nepou\u017e\u00edvat b\u011blidla, nesu\u0161it v su\u0161i\u010dce a ne\u010distit chemicky. Modelka na obr\u00e1zku m\u011b\u0159\u00ed 170 cm, v\u00e1\u017e\u00ed 54 kg a m\u00e1 na sob\u011b velikost S.<\/p>\n<p>Pro v\u00fdb\u011br p\u0159esn\u00e9 velikosti pros\u00edm pou\u017eijte tabulek.<\/p>\n","protected":false},"excerpt":{"rendered":"<p>B\u00e9\u017eov\u00fd sportovn\u00ed top na t\u011blo, s dlouh\u00fdm ruk\u00e1vem, z extr\u00e9mn\u011b m\u011bkk\u00e9 tkaniny. Skv\u011ble padne a jeho st\u0159ih z n\u011bj d\u011bl\u00e1 nepostradateln\u00fd kousek p\u0159i sportovn\u00edm i b\u011b\u017en\u00e9m no\u0161en\u00ed. Hod\u00ed se na fitness, b\u011bh, aerobn\u00ed cvi\u010den\u00ed nebo proch\u00e1zku v parku, nezadr\u017euje vlhkost na t\u011ble. Top m\u00e1 na rameni tepeln\u00fd potisk loga Peach Pump, kter\u00fd je minimalistick\u00fd a [&hellip;]<\/p>\n","protected":false},"featured_media":95248,"comment_status":"open","ping_status":"closed","template":"","meta":[],"product_brand":[],"product_cat":[345],"product_tag":[],"class_list":{"0":"post-98244","1":"product","2":"type-product","3":"status-publish","4":"has-post-thumbnail","6":"product_cat-damske-sportovni-topy-tilko","7":"pa_cviat-bezove","8":"pa_razmer-l-cs","9":"pa_razmer-m-cs","10":"pa_razmer-s-cs-2","11":"inventories-world","12":"inventories-pl","13":"inventories-uk","15":"first","16":"instock","17":"taxable","18":"shipping-taxable","19":"purchasable","20":"product-type-variable"},"_links":{"self":[{"href":"https:\/\/peach-pump.com\/en\/wp-json\/wp\/v2\/product\/98244","targetHints":{"allow":["GET"]}}],"collection":[{"href":"https:\/\/peach-pump.com\/en\/wp-json\/wp\/v2\/product"}],"about":[{"href":"https:\/\/peach-pump.com\/en\/wp-json\/wp\/v2\/types\/product"}],"replies":[{"embeddable":true,"href":"https:\/\/peach-pump.com\/en\/wp-json\/wp\/v2\/comments?post=98244"}],"version-history":[{"count":0,"href":"https:\/\/peach-pump.com\/en\/wp-json\/wp\/v2\/product\/98244\/revisions"}],"wp:featuredmedia":[{"embeddable":true,"href":"https:\/\/peach-pump.com\/en\/wp-json\/wp\/v2\/media\/95248"}],"wp:attachment":[{"href":"https:\/\/peach-pump.com\/en\/wp-json\/wp\/v2\/media?parent=98244"}],"wp:term":[{"taxonomy":"product_brand","embeddable":true,"href":"https:\/\/peach-pump.com\/en\/wp-json\/wp\/v2\/product_brand?post=98244"},{"taxonomy":"product_cat","embeddable":true,"href":"https:\/\/peach-pump.com\/en\/wp-json\/wp\/v2\/product_cat?post=98244"},{"taxonomy":"product_tag","embeddable":true,"href":"https:\/\/peach-pump.com\/en\/wp-json\/wp\/v2\/product_tag?post=98244"}],"curies":[{"name":"wp","href":"https:\/\/api.w.org\/{rel}","templated":true}]}}