{"id":96104,"date":"2024-11-17T20:11:09","date_gmt":"2024-11-17T18:11:09","guid":{"rendered":"https:\/\/peach-pump.com\/products\/cerny-sportovni-top-rolak\/"},"modified":"2026-02-06T16:31:24","modified_gmt":"2026-02-06T14:31:24","slug":"cerny-sportovni-top-rolak","status":"publish","type":"product","link":"https:\/\/peach-pump.com\/cs\/products\/cerny-sportovni-top-rolak\/","title":{"rendered":"\u010cern\u00fd sportovn\u00ed rol\u00e1k"},"content":{"rendered":"<p>\u010cern\u00fd sporotvn\u00ed rol\u00e1k s kr\u00e1tk\u00fdmi ruk\u00e1vy na t\u011ble. Top je vyroben z velmi jemn\u00e9 a pru\u017en\u00e9 tkaniny, kter\u00e1 nezadr\u017euje vlhkost v t\u011ble. M\u00e1 efektn\u00ed st\u0159ih, kter\u00fd opticky zmen\u0161uje pas, na p\u0159edn\u00ed spodn\u00ed stran\u011b topu je tepeln\u00fd potisk loga Peach Pump. Model je vhodn\u00fd na fitness, b\u011bh\u00e1n\u00ed, aerobn\u00ed cvi\u010den\u00ed nebo proch\u00e1zku v parku. Lehk\u00e1 tkanina topu t\u011blo hlad\u00ed a vytv\u00e1\u0159\u00ed pocit naprost\u00e9 volnosti pohybu. Skv\u011ble se kombinuje se v\u0161emi leg\u00ednami na\u0161\u00ed zna\u010dky a pro\u010d ne s d\u017e\u00ednami.     <\/p>\n<ul>\n<li>Jemn\u00e1 tkanina<\/li>\n<li>Velk\u00e1 pru\u017enost<\/li>\n<li>P\u0159il\u00e9hav\u00fd st\u0159ih<\/li>\n<li>Tepeln\u00fd potisk loga Peach Pump na p\u0159edn\u00ed spodn\u00ed stran\u011b topu<\/li>\n<li>Tkanina, kter\u00e1 nezadr\u017euje vlhkost v t\u011ble<\/li>\n<\/ul>\n<p>Slo\u017een\u00ed: elastan a polyester Top lze pr\u00e1t na 30 stup\u0148\u016f, nepou\u017e\u00edvat b\u011blidla, nesu\u0161it v su\u0161i\u010dce a ne\u010distit chemicky. Modelka na obr\u00e1zku m\u011b\u0159\u00ed 170 cm, v\u00e1\u017e\u00ed 54 kg a m\u00e1 na sob\u011b velikost S.<\/p>\n<p>Pro v\u00fdb\u011br p\u0159esn\u00e9 velikosti pros\u00edm pou\u017eijte tabulek.<\/p>\n<p>&nbsp;<\/p>\n","protected":false},"excerpt":{"rendered":"<p>\u010cern\u00fd sporotvn\u00ed rol\u00e1k s kr\u00e1tk\u00fdmi ruk\u00e1vy na t\u011ble. Top je vyroben z velmi jemn\u00e9 a pru\u017en\u00e9 tkaniny, kter\u00e1 nezadr\u017euje vlhkost v t\u011ble. M\u00e1 efektn\u00ed st\u0159ih, kter\u00fd opticky zmen\u0161uje pas, na p\u0159edn\u00ed spodn\u00ed stran\u011b topu je tepeln\u00fd potisk loga Peach Pump. Model je vhodn\u00fd na fitness, b\u011bh\u00e1n\u00ed, aerobn\u00ed cvi\u010den\u00ed nebo proch\u00e1zku v parku. Lehk\u00e1 tkanina topu [&hellip;]<\/p>\n","protected":false},"featured_media":95513,"comment_status":"open","ping_status":"closed","template":"","meta":[],"product_brand":[],"product_cat":[345],"product_tag":[],"class_list":{"0":"post-96104","1":"product","2":"type-product","3":"status-publish","4":"has-post-thumbnail","6":"product_cat-damske-sportovni-topy-tilko","7":"pa_cviat-cerna","8":"pa_razmer-l-cs","9":"pa_razmer-m-cs","10":"pa_razmer-s-cs-2","11":"inventories-world","12":"inventories-uk","14":"first","15":"instock","16":"taxable","17":"shipping-taxable","18":"purchasable","19":"product-type-variable"},"_links":{"self":[{"href":"https:\/\/peach-pump.com\/en\/wp-json\/wp\/v2\/product\/96104","targetHints":{"allow":["GET"]}}],"collection":[{"href":"https:\/\/peach-pump.com\/en\/wp-json\/wp\/v2\/product"}],"about":[{"href":"https:\/\/peach-pump.com\/en\/wp-json\/wp\/v2\/types\/product"}],"replies":[{"embeddable":true,"href":"https:\/\/peach-pump.com\/en\/wp-json\/wp\/v2\/comments?post=96104"}],"version-history":[{"count":0,"href":"https:\/\/peach-pump.com\/en\/wp-json\/wp\/v2\/product\/96104\/revisions"}],"wp:featuredmedia":[{"embeddable":true,"href":"https:\/\/peach-pump.com\/en\/wp-json\/wp\/v2\/media\/95513"}],"wp:attachment":[{"href":"https:\/\/peach-pump.com\/en\/wp-json\/wp\/v2\/media?parent=96104"}],"wp:term":[{"taxonomy":"product_brand","embeddable":true,"href":"https:\/\/peach-pump.com\/en\/wp-json\/wp\/v2\/product_brand?post=96104"},{"taxonomy":"product_cat","embeddable":true,"href":"https:\/\/peach-pump.com\/en\/wp-json\/wp\/v2\/product_cat?post=96104"},{"taxonomy":"product_tag","embeddable":true,"href":"https:\/\/peach-pump.com\/en\/wp-json\/wp\/v2\/product_tag?post=96104"}],"curies":[{"name":"wp","href":"https:\/\/api.w.org\/{rel}","templated":true}]}}