{"id":93951,"date":"2024-11-01T23:13:15","date_gmt":"2024-11-01T21:13:15","guid":{"rendered":"https:\/\/peach-pump.com\/products\/prosivany-fialovy-overal\/"},"modified":"2025-03-19T18:07:26","modified_gmt":"2025-03-19T16:07:26","slug":"prosivany-fialovy-overal","status":"publish","type":"product","link":"https:\/\/peach-pump.com\/cs\/products\/prosivany-fialovy-overal\/","title":{"rendered":"Pro\u0161\u00edvan\u00fd tmav\u011b fialov\u00fd overal p\u0159il\u00e9hav\u00fd typu Catsuits"},"content":{"rendered":"<p>Tmav\u011b fialov\u00fd overal, p\u0159il\u00e9hav\u00fd, pro\u0161\u00edvan\u00fd m\u011bkkou a prody\u0161nou tkaninou, ide\u00e1ln\u00ed na cvi\u010den\u00ed nebo proch\u00e1zku v chladn\u011bj\u0161\u00edm po\u010das\u00ed. Model m\u00e1 vp\u0159edu zip, vnit\u0159n\u00ed n\u00e1pis Peach Pump a pogumovan\u00e9 logo Peach Pump na rameni.  Overal dokonale p\u0159il\u00e9h\u00e1 a t\u011blo modeluje ve tvaru p\u0159es\u00fdpac\u00edch hodin, zakr\u00fdv\u00e1 nedokonalosti. Model je vp\u0159edu beze\u0161v\u00fd Vhodn\u00fd i pro d\u00e1my vysok\u00e9 postavy.<\/p>\n<p>M\u00f3dn\u00ed kousek, kter\u00fd se stane nov\u00fdm obl\u00edben\u00fdm dopl\u0148kem va\u0161eho \u0161atn\u00edku. Bu\u010fte kr\u00e1sn\u00e1, atraktivn\u00ed a nezapomenuteln\u00e1 v Peach Pump.<\/p>\n<ul>\n<li>Pro\u0161\u00edvan\u00e1 m\u011bkk\u00e1 pod\u0161\u00edvka<\/li>\n<li>Prody\u0161n\u00e1 tkanina<\/li>\n<li>Skryt\u00e1 zna\u010dka Peach Pump<\/li>\n<li>Logo Peach Pump na rameni<\/li>\n<li>Model tvaruj\u00edc\u00ed postavu<\/li>\n<li>Elastick\u00e1 tkanina dokonale padnouc\u00ed<\/li>\n<li>Bez \u0161vu v p\u0159edn\u00ed \u010d\u00e1sti<\/li>\n<li>Vhodn\u00fd i pro d\u00e1my vy\u0161\u0161\u00ed postavy<\/li>\n<\/ul>\n<p>Slo\u017een\u00ed: 80 % polyester, 20 % elastan<\/p>\n<p>Overal lze pr\u00e1t na 30 stup\u0148\u016f, neb\u011blit a ne\u010distit chemicky.<\/p>\n<p>Modelka na fotografi\u00edch m\u011b\u0159\u00ed 167 cm, v\u00e1\u017e\u00ed 50 kg a m\u00e1 na sob\u011b velikost S.<\/p>\n<p>&nbsp;<\/p>\n","protected":false},"excerpt":{"rendered":"<p>Tmav\u011b fialov\u00fd overal, p\u0159il\u00e9hav\u00fd, pro\u0161\u00edvan\u00fd m\u011bkkou a prody\u0161nou tkaninou, ide\u00e1ln\u00ed na cvi\u010den\u00ed nebo proch\u00e1zku v chladn\u011bj\u0161\u00edm po\u010das\u00ed. Model m\u00e1 vp\u0159edu zip, vnit\u0159n\u00ed n\u00e1pis Peach Pump a pogumovan\u00e9 logo Peach Pump na rameni. Overal dokonale p\u0159il\u00e9h\u00e1 a t\u011blo modeluje ve tvaru p\u0159es\u00fdpac\u00edch hodin, zakr\u00fdv\u00e1 nedokonalosti. Model je vp\u0159edu beze\u0161v\u00fd Vhodn\u00fd i pro d\u00e1my vysok\u00e9 postavy. M\u00f3dn\u00ed [&hellip;]<\/p>\n","protected":false},"featured_media":92287,"comment_status":"open","ping_status":"closed","template":"","meta":[],"product_brand":[],"product_cat":[1125,349],"product_tag":[],"class_list":{"0":"post-93951","1":"product","2":"type-product","3":"status-publish","4":"has-post-thumbnail","6":"product_cat-sportovni-damske-overaly","7":"product_cat-sportovni-outfity-s-leginami","8":"pa_cviat-fialova","9":"pa_razmer-l-cs","10":"pa_razmer-m-cs","11":"pa_razmer-s-cs-2","12":"inventories-world","13":"inventories-uk","15":"first","16":"instock","17":"taxable","18":"shipping-taxable","19":"purchasable","20":"product-type-variable"},"_links":{"self":[{"href":"https:\/\/peach-pump.com\/cs\/wp-json\/wp\/v2\/product\/93951","targetHints":{"allow":["GET"]}}],"collection":[{"href":"https:\/\/peach-pump.com\/cs\/wp-json\/wp\/v2\/product"}],"about":[{"href":"https:\/\/peach-pump.com\/cs\/wp-json\/wp\/v2\/types\/product"}],"replies":[{"embeddable":true,"href":"https:\/\/peach-pump.com\/cs\/wp-json\/wp\/v2\/comments?post=93951"}],"version-history":[{"count":2,"href":"https:\/\/peach-pump.com\/cs\/wp-json\/wp\/v2\/product\/93951\/revisions"}],"predecessor-version":[{"id":108791,"href":"https:\/\/peach-pump.com\/cs\/wp-json\/wp\/v2\/product\/93951\/revisions\/108791"}],"wp:featuredmedia":[{"embeddable":true,"href":"https:\/\/peach-pump.com\/cs\/wp-json\/wp\/v2\/media\/92287"}],"wp:attachment":[{"href":"https:\/\/peach-pump.com\/cs\/wp-json\/wp\/v2\/media?parent=93951"}],"wp:term":[{"taxonomy":"product_brand","embeddable":true,"href":"https:\/\/peach-pump.com\/cs\/wp-json\/wp\/v2\/product_brand?post=93951"},{"taxonomy":"product_cat","embeddable":true,"href":"https:\/\/peach-pump.com\/cs\/wp-json\/wp\/v2\/product_cat?post=93951"},{"taxonomy":"product_tag","embeddable":true,"href":"https:\/\/peach-pump.com\/cs\/wp-json\/wp\/v2\/product_tag?post=93951"}],"curies":[{"name":"wp","href":"https:\/\/api.w.org\/{rel}","templated":true}]}}