{"id":93945,"date":"2024-11-01T22:42:34","date_gmt":"2024-11-01T20:42:34","guid":{"rendered":"https:\/\/peach-pump.com\/products\/bezesve-damske-leginy-svetle-zelene\/"},"modified":"2025-06-22T12:33:43","modified_gmt":"2025-06-22T10:33:43","slug":"bezesve-damske-leginy-svetle-zelene","status":"publish","type":"product","link":"https:\/\/peach-pump.com\/cs\/products\/bezesve-damske-leginy-svetle-zelene\/","title":{"rendered":"D\u00e1msk\u00e9 beze\u0161v\u00e9 leg\u00edny ve sv\u011btle zelen\u00e9 barv\u011b typu Sage"},"content":{"rendered":"<p>Beze\u0161v\u00e9 d\u00e1msk\u00e9 leg\u00edny s vysok\u00fdm pasem ve sv\u011btle zelen\u00e9 barv\u011b typu Sage. Jsou vyrobeny z pru\u017en\u00e9, prody\u0161n\u00e9 tkaniny, dokonale postavu vytvaruj\u00ed efektem Peach Pump. Jsou vhodn\u00e9 na silov\u00fd i aerobn\u00ed tr\u00e9nink. Leg\u00edny maj\u00ed \u0161irok\u00fd p\u00e1sek, kter\u00fd pas jemn\u011b stahuje a vytvaruje a jsou k dispozici v n\u011bkolika kr\u00e1sn\u00fdch barv\u00e1ch.<\/p>\n<ul>\n<li> Vysok\u00fd pas<\/li>\n<li> Beze\u0161v\u00e1 tkanina<\/li>\n<li> Zvedaj\u00ed, vytvaruj\u00ed, zakr\u00fdvaj\u00ed probl\u00e9mov\u00e9 oblasti<\/li>\n<li> \u017debrovan\u00fd d\u00edl obep\u00ednaj\u00edc\u00ed pas<\/li>\n<li> Broskvov\u00fd efekt<\/li>\n<li> Bez \u0161vu vp\u0159edu<\/li>\n<li> Tepeln\u00fd potisk loga Peach Pump na zadn\u00ed stran\u011b leg\u00edn<\/li>\n<li> Technologie odv\u00e1d\u011bn\u00ed vlhkosti<\/li>\n<\/ul>\n<p>Slo\u017een\u00ed 80% polyester 20% elastan<\/p>\n<p>Leg\u00edny lze pr\u00e1t na 30 stup\u0148\u016f, nepou\u017e\u00edvat b\u011blidla a ne\u010distit chemicky.<\/p>\n<p>Modelka na obr\u00e1zku m\u011b\u0159\u00ed 178 cm, v\u00e1\u017e\u00ed 54 kg a m\u00e1 na sob\u011b velikost M (leg\u00edny jsou z pevn\u011bj\u0161\u00edho materi\u00e1lu).<\/p>\n<p>Pro v\u00fdb\u011br p\u0159esn\u00e9 velikosti pros\u00edm pou\u017eijte tabulek<\/p>\n","protected":false},"excerpt":{"rendered":"<p>Beze\u0161v\u00e9 d\u00e1msk\u00e9 leg\u00edny s vysok\u00fdm pasem ve sv\u011btle zelen\u00e9 barv\u011b typu Sage. Jsou vyrobeny z pru\u017en\u00e9, prody\u0161n\u00e9 tkaniny, dokonale postavu vytvaruj\u00ed efektem Peach Pump. Jsou vhodn\u00e9 na silov\u00fd i aerobn\u00ed tr\u00e9nink. Leg\u00edny maj\u00ed \u0161irok\u00fd p\u00e1sek, kter\u00fd pas jemn\u011b stahuje a vytvaruje a jsou k dispozici v n\u011bkolika kr\u00e1sn\u00fdch barv\u00e1ch. Vysok\u00fd pas Beze\u0161v\u00e1 tkanina Zvedaj\u00ed, vytvaruj\u00ed, [&hellip;]<\/p>\n","protected":false},"featured_media":92209,"comment_status":"open","ping_status":"closed","template":"","meta":[],"product_brand":[],"product_cat":[296,137],"product_tag":[],"class_list":{"0":"post-93945","1":"product","2":"type-product","3":"status-publish","4":"has-post-thumbnail","6":"product_cat-damske-leginy-dlouhe","7":"product_cat-damske-sportovni-leginy","8":"pa_cviat-svetle-zelena","9":"pa_razmer-l-cs","10":"pa_razmer-m-cs","11":"pa_razmer-s-cs-2","12":"inventories-world","14":"first","15":"instock","16":"sale","17":"taxable","18":"shipping-taxable","19":"purchasable","20":"product-type-variable"},"_links":{"self":[{"href":"https:\/\/peach-pump.com\/en\/wp-json\/wp\/v2\/product\/93945","targetHints":{"allow":["GET"]}}],"collection":[{"href":"https:\/\/peach-pump.com\/en\/wp-json\/wp\/v2\/product"}],"about":[{"href":"https:\/\/peach-pump.com\/en\/wp-json\/wp\/v2\/types\/product"}],"replies":[{"embeddable":true,"href":"https:\/\/peach-pump.com\/en\/wp-json\/wp\/v2\/comments?post=93945"}],"version-history":[{"count":0,"href":"https:\/\/peach-pump.com\/en\/wp-json\/wp\/v2\/product\/93945\/revisions"}],"wp:featuredmedia":[{"embeddable":true,"href":"https:\/\/peach-pump.com\/en\/wp-json\/wp\/v2\/media\/92209"}],"wp:attachment":[{"href":"https:\/\/peach-pump.com\/en\/wp-json\/wp\/v2\/media?parent=93945"}],"wp:term":[{"taxonomy":"product_brand","embeddable":true,"href":"https:\/\/peach-pump.com\/en\/wp-json\/wp\/v2\/product_brand?post=93945"},{"taxonomy":"product_cat","embeddable":true,"href":"https:\/\/peach-pump.com\/en\/wp-json\/wp\/v2\/product_cat?post=93945"},{"taxonomy":"product_tag","embeddable":true,"href":"https:\/\/peach-pump.com\/en\/wp-json\/wp\/v2\/product_tag?post=93945"}],"curies":[{"name":"wp","href":"https:\/\/api.w.org\/{rel}","templated":true}]}}