{"id":87475,"date":"2024-08-27T22:52:35","date_gmt":"2024-08-27T20:52:35","guid":{"rendered":"https:\/\/peach-pump.com\/products\/modra-sportovni-souprava-bile-prosivani\/"},"modified":"2026-01-15T03:42:08","modified_gmt":"2026-01-15T01:42:08","slug":"modra-sportovni-souprava-bile-prosivani","status":"publish","type":"product","link":"https:\/\/peach-pump.com\/cs\/products\/modra-sportovni-souprava-bile-prosivani\/","title":{"rendered":"Modr\u00e1 sportovn\u00ed souprava s b\u00edl\u00fdm pro\u0161\u00edv\u00e1n\u00edm"},"content":{"rendered":"<p>Modr\u00fd sportovn\u00ed set kr\u00e1tk\u00fdch leg\u00edn a n\u00e1prsenky s b\u00edl\u00fdm pro\u0161\u00edv\u00e1n\u00edm. Sada se skl\u00e1d\u00e1 : ze sportovn\u00edho bustier s b\u00edl\u00fdmi ram\u00ednky a zvedac\u00edmi vycp\u00e1vkami, kter\u00e9 lze odepnout, na p\u0159edn\u00ed stran\u011b m\u00e1 tepeln\u011b zataven\u00e9 logo &#8220;Peach Pump&#8221; a z kr\u00e1tk\u00fdch leg\u00edn typu &#8220;Booty shorts&#8221; s b\u00edl\u00fdm pro\u0161\u00edv\u00e1n\u00edm. Tento model leg\u00edn je skv\u011ble elastick\u00fd, kr\u00e1sn\u011b tvaruje a je vyroben z l\u00e1tky, kter\u00e1 nezadr\u017euje vlhkost. V zadn\u00ed \u010d\u00e1sti m\u00e1 m\u00edrn\u00fd broskvov\u00fd efekt. Sv\u011b\u017e\u00ed n\u00e1vrh, ve kter\u00e9m se budete c\u00edtit kr\u00e1sn\u00e1 a sexy.    <\/p>\n<p>Podprsenka:<\/p>\n<ul>\n<li> Vycp\u00e1vky, vyj\u00edmateln\u00e9<\/li>\n<li> Push-Up efekt<\/li>\n<li> Velk\u00e1 pru\u017enost<\/li>\n<li> Tepeln\u00fd potisk loga Peach Pump v p\u0159edn\u00ed \u010d\u00e1sti podprsenky<\/li>\n<li> Tkanina, kter\u00e1 odv\u00e1d\u00ed vlhkost od t\u011bla<\/li>\n<\/ul>\n<p>Leg\u00edny:<\/p>\n<ul>\n<li>Zvedaj\u00ed, vytvaruj\u00ed, zakr\u00fdvaj\u00ed probl\u00e9mov\u00e9 oblasti<\/li>\n<li>Bez \u0161vu v p\u0159edn\u00ed \u010d\u00e1sti<\/li>\n<li>Tepeln\u00fd potisk loga Peach Pump na zadn\u00ed stran\u011b leg\u00edn<\/li>\n<li>Tepeln\u00fd potisk loga na boku leg\u00edn<\/li>\n<li>Tkanina, kter\u00e1 nezadr\u017euje vlhkost v t\u011ble<\/li>\n<\/ul>\n<p>Slo\u017een\u00ed: 80 % polyester, 20 % elastan<\/p>\n<p>T\u00fdm lze pr\u00e1t p\u0159i teplot\u00e1ch do 30 stup\u0148\u016f, p\u0159i pran\u00ed doporu\u010dujeme obr\u00e1tit, nepou\u017e\u00edvejte b\u011blidla ani chemick\u00e9 \u010di\u0161t\u011bn\u00ed.<\/p>\n<p>Modelka na fotografii m\u011b\u0159\u00ed 180 cm, v\u00e1\u017e\u00ed 56 kg a p\u00f3zuje s poprs\u00edm velikosti S a leg\u00ednami velikosti M.<\/p>\n<p>Pro v\u00fdb\u011br p\u0159esn\u00e9 velikosti pros\u00edm pou\u017eijte tabulek.<\/p>\n<p><a href=\"https:\/\/peach-pump.com\/wp-content\/uploads\/2024\/06\/Sport-Bras-Peach-Pump-size-chart-800x800.jpg\"><img loading=\"lazy\" class=\"alignnone wp-image-80917 \" src=\"https:\/\/peach-pump.com\/wp-content\/uploads\/2024\/06\/Sport-Bras-Peach-Pump-size-chart-800x800.jpg\" alt=\"\" width=\"570\" height=\"570\" srcset=\"https:\/\/peach-pump.com\/wp-content\/uploads\/2024\/06\/Sport-Bras-Peach-Pump-size-chart-800x800.jpg 800w, https:\/\/peach-pump.com\/wp-content\/uploads\/2024\/06\/Sport-Bras-Peach-Pump-size-chart-480x480.jpg 480w, https:\/\/peach-pump.com\/wp-content\/uploads\/2024\/06\/Sport-Bras-Peach-Pump-size-chart-1000x1000.jpg 1000w, https:\/\/peach-pump.com\/wp-content\/uploads\/2024\/06\/Sport-Bras-Peach-Pump-size-chart-300x300.jpg 300w, https:\/\/peach-pump.com\/wp-content\/uploads\/2024\/06\/Sport-Bras-Peach-Pump-size-chart-150x150.jpg 150w, https:\/\/peach-pump.com\/wp-content\/uploads\/2024\/06\/Sport-Bras-Peach-Pump-size-chart-768x768.jpg 768w, https:\/\/peach-pump.com\/wp-content\/uploads\/2024\/06\/Sport-Bras-Peach-Pump-size-chart-990x990.jpg 990w, https:\/\/peach-pump.com\/wp-content\/uploads\/2024\/06\/Sport-Bras-Peach-Pump-size-chart-441x441.jpg 441w, https:\/\/peach-pump.com\/wp-content\/uploads\/2024\/06\/Sport-Bras-Peach-Pump-size-chart-100x100.jpg 100w, https:\/\/peach-pump.com\/wp-content\/uploads\/2024\/06\/Sport-Bras-Peach-Pump-size-chart-64x64.jpg 64w, https:\/\/peach-pump.com\/wp-content\/uploads\/2024\/06\/Sport-Bras-Peach-Pump-size-chart.jpg 1080w\" sizes=\"auto, (max-width: 570px) 100vw, 570px\" \/><\/a><a href=\"https:\/\/peach-pump.com\/wp-content\/uploads\/2024\/06\/Elastic-models-Peach-Pump-size-chart.jpg\"><img loading=\"lazy\" class=\"alignnone wp-image-80867 \" src=\"https:\/\/peach-pump.com\/wp-content\/uploads\/2024\/06\/Elastic-models-Peach-Pump-size-chart.jpg\" alt=\"\" width=\"683\" height=\"512\" srcset=\"https:\/\/peach-pump.com\/wp-content\/uploads\/2024\/06\/Elastic-models-Peach-Pump-size-chart.jpg 1024w, https:\/\/peach-pump.com\/wp-content\/uploads\/2024\/06\/Elastic-models-Peach-Pump-size-chart-480x360.jpg 480w, https:\/\/peach-pump.com\/wp-content\/uploads\/2024\/06\/Elastic-models-Peach-Pump-size-chart-1000x750.jpg 1000w, https:\/\/peach-pump.com\/wp-content\/uploads\/2024\/06\/Elastic-models-Peach-Pump-size-chart-400x300.jpg 400w, https:\/\/peach-pump.com\/wp-content\/uploads\/2024\/06\/Elastic-models-Peach-Pump-size-chart-768x576.jpg 768w, https:\/\/peach-pump.com\/wp-content\/uploads\/2024\/06\/Elastic-models-Peach-Pump-size-chart-990x743.jpg 990w, https:\/\/peach-pump.com\/wp-content\/uploads\/2024\/06\/Elastic-models-Peach-Pump-size-chart-441x331.jpg 441w, https:\/\/peach-pump.com\/wp-content\/uploads\/2024\/06\/Elastic-models-Peach-Pump-size-chart-150x113.jpg 150w, https:\/\/peach-pump.com\/wp-content\/uploads\/2024\/06\/Elastic-models-Peach-Pump-size-chart-64x48.jpg 64w\" sizes=\"auto, (max-width: 683px) 100vw, 683px\" \/><\/a><\/p>\n","protected":false},"excerpt":{"rendered":"<p>Modr\u00fd sportovn\u00ed set kr\u00e1tk\u00fdch leg\u00edn a n\u00e1prsenky s b\u00edl\u00fdm pro\u0161\u00edv\u00e1n\u00edm. Sada se skl\u00e1d\u00e1 : ze sportovn\u00edho bustier s b\u00edl\u00fdmi ram\u00ednky a zvedac\u00edmi vycp\u00e1vkami, kter\u00e9 lze odepnout, na p\u0159edn\u00ed stran\u011b m\u00e1 tepeln\u011b zataven\u00e9 logo &#8220;Peach Pump&#8221; a z kr\u00e1tk\u00fdch leg\u00edn typu &#8220;Booty shorts&#8221; s b\u00edl\u00fdm pro\u0161\u00edv\u00e1n\u00edm. Tento model leg\u00edn je skv\u011ble elastick\u00fd, kr\u00e1sn\u011b tvaruje a je [&hellip;]<\/p>\n","protected":false},"featured_media":87225,"comment_status":"open","ping_status":"closed","template":"","meta":[],"product_brand":[],"product_cat":[347,348],"product_tag":[],"class_list":{"0":"post-87475","1":"product","2":"type-product","3":"status-publish","4":"has-post-thumbnail","6":"product_cat-damske-sportovni-outfity","7":"product_cat-kratke-sportovni-outfity-leginy","8":"inventories-world","9":"inventories-uk","11":"first","12":"instock","13":"virtual","14":"taxable","15":"purchasable","16":"product-type-yith_bundle"},"_links":{"self":[{"href":"https:\/\/peach-pump.com\/en\/wp-json\/wp\/v2\/product\/87475","targetHints":{"allow":["GET"]}}],"collection":[{"href":"https:\/\/peach-pump.com\/en\/wp-json\/wp\/v2\/product"}],"about":[{"href":"https:\/\/peach-pump.com\/en\/wp-json\/wp\/v2\/types\/product"}],"replies":[{"embeddable":true,"href":"https:\/\/peach-pump.com\/en\/wp-json\/wp\/v2\/comments?post=87475"}],"version-history":[{"count":1,"href":"https:\/\/peach-pump.com\/en\/wp-json\/wp\/v2\/product\/87475\/revisions"}],"predecessor-version":[{"id":108829,"href":"https:\/\/peach-pump.com\/en\/wp-json\/wp\/v2\/product\/87475\/revisions\/108829"}],"wp:featuredmedia":[{"embeddable":true,"href":"https:\/\/peach-pump.com\/en\/wp-json\/wp\/v2\/media\/87225"}],"wp:attachment":[{"href":"https:\/\/peach-pump.com\/en\/wp-json\/wp\/v2\/media?parent=87475"}],"wp:term":[{"taxonomy":"product_brand","embeddable":true,"href":"https:\/\/peach-pump.com\/en\/wp-json\/wp\/v2\/product_brand?post=87475"},{"taxonomy":"product_cat","embeddable":true,"href":"https:\/\/peach-pump.com\/en\/wp-json\/wp\/v2\/product_cat?post=87475"},{"taxonomy":"product_tag","embeddable":true,"href":"https:\/\/peach-pump.com\/en\/wp-json\/wp\/v2\/product_tag?post=87475"}],"curies":[{"name":"wp","href":"https:\/\/api.w.org\/{rel}","templated":true}]}}