{"id":85021,"date":"2024-07-16T11:41:22","date_gmt":"2024-07-16T09:41:22","guid":{"rendered":"https:\/\/peach-pump.com\/products\/bezove-damske-leginy-tvarujici\/"},"modified":"2026-05-06T19:28:10","modified_gmt":"2026-05-06T17:28:10","slug":"bezove-damske-leginy-tvarujici","status":"publish","type":"product","link":"https:\/\/peach-pump.com\/cs\/products\/bezove-damske-leginy-tvarujici\/","title":{"rendered":"Beze\u0161v\u00e9 d\u00e1msk\u00e9 b\u00e9\u017eov\u00e9 leg\u00edny s tvaruj\u00edc\u00edm efektem"},"content":{"rendered":"<p>Sportovn\u00ed b\u00e9\u017eov\u00e9 d\u00e1msk\u00e9 leg\u00edny z beze\u0161v\u00e9, elastick\u00e9 a p\u0159\u00edjemn\u00e9 tkaniny. Tento model postavu dokonale tvaruje a m\u00e1 \u0161irok\u00fd \u017eebrovan\u00fd pas s vy\u0161it\u00fdm n\u00e1pisem Peach Pump, kter\u00fd pas jemn\u011b stahuje.  Tkanina leg\u00edn zakr\u00fdv\u00e1 probl\u00e9mov\u00e9 partie, odv\u00e1d\u00ed vlhkost od t\u011bla. Leg\u00edny sjou vybaveny prvky, kter\u00e9 tvaruj\u00ed broskvov\u00fd zade\u010dek pro kr\u00e1snou a p\u016fvabnou siluetu. V tomto modelu se budete c\u00edtit pohodln\u011b a sebejist\u011b. Leg\u00edny lze sladit s podprsenkou stejn\u00e9ho vzoru anebo si m\u016f\u017eete vytvo\u0159it vlastn\u00ed v\u00fdrazn\u00fd a odli\u0161n\u00fd sportovn\u00edoutfit z na\u0161\u00ed \u0161irok\u00e9 kolekce bundi\u010dek, sportovn\u00edch podprsenek a dopl\u0148k\u016f. <\/p>\n<ul>\n<li>Vysok\u00fd pas<\/li>\n<li>Beze\u0161v\u00e1 tkanina<\/li>\n<li>Zvedaj\u00edc\u00ed, tvaruj\u00edc\u00ed , zakr\u00fdvaj\u00ed probl\u00e9mov\u00e9 oblasti<\/li>\n<li>\u017debrovan\u00fd d\u00edl v pase, kter\u00fd pas obep\u00edn\u00e1<\/li>\n<li>Broskvov\u00fd efekt<\/li>\n<li>Beze \u0161vu vp\u0159edu<\/li>\n<li>Tepeln\u00fd potisk loga Peach Pump na zadn\u00ed stran\u011b leg\u00edn<\/li>\n<li>N\u00e1pis Peach Pump na p\u00e1sku<\/li>\n<li>Materi\u00e1l odv\u00e1d\u011bj\u00edc\u00ed vlhkost od t\u011bla<\/li>\n<\/ul>\n<p> Slo\u017een\u00ed: 80 % polyester 20 % elastan Leg\u00edny lze pr\u00e1t na 30 stup\u0148\u016f, nepou\u017e\u00edvat b\u011blidla a ne\u010distit chemicky. Modelka na obr\u00e1zku m\u011b\u0159\u00ed 178 cm, v\u00e1\u017e\u00ed 54 kg a m\u00e1 na sob\u011b leg\u00edny velikosti S. Pro p\u0159esnou velikost pros\u00edm pou\u017eijte tabulek.  <a href=\"https:\/\/peach-pump.com\/wp-content\/uploads\/2024\/06\/Elastic-models-Peach-Pump-size-chart.jpg\"><img loading=\"lazy\" class=\"alignnone wp-image-80867 \" src=\"https:\/\/peach-pump.com\/wp-content\/uploads\/2024\/06\/Elastic-models-Peach-Pump-size-chart.jpg\" alt=\"\" width=\"739\" height=\"554\" srcset=\"https:\/\/peach-pump.com\/wp-content\/uploads\/2024\/06\/Elastic-models-Peach-Pump-size-chart.jpg 1024w, https:\/\/peach-pump.com\/wp-content\/uploads\/2024\/06\/Elastic-models-Peach-Pump-size-chart-480x360.jpg 480w, https:\/\/peach-pump.com\/wp-content\/uploads\/2024\/06\/Elastic-models-Peach-Pump-size-chart-1000x750.jpg 1000w, https:\/\/peach-pump.com\/wp-content\/uploads\/2024\/06\/Elastic-models-Peach-Pump-size-chart-400x300.jpg 400w, https:\/\/peach-pump.com\/wp-content\/uploads\/2024\/06\/Elastic-models-Peach-Pump-size-chart-768x576.jpg 768w, https:\/\/peach-pump.com\/wp-content\/uploads\/2024\/06\/Elastic-models-Peach-Pump-size-chart-990x743.jpg 990w, https:\/\/peach-pump.com\/wp-content\/uploads\/2024\/06\/Elastic-models-Peach-Pump-size-chart-441x331.jpg 441w, https:\/\/peach-pump.com\/wp-content\/uploads\/2024\/06\/Elastic-models-Peach-Pump-size-chart-150x113.jpg 150w, https:\/\/peach-pump.com\/wp-content\/uploads\/2024\/06\/Elastic-models-Peach-Pump-size-chart-64x48.jpg 64w\" sizes=\"auto, (max-width: 739px) 100vw, 739px\" \/><\/a><\/p>\n","protected":false},"excerpt":{"rendered":"<p>Sportovn\u00ed b\u00e9\u017eov\u00e9 d\u00e1msk\u00e9 leg\u00edny z beze\u0161v\u00e9, elastick\u00e9 a p\u0159\u00edjemn\u00e9 tkaniny. Tento model postavu dokonale tvaruje a m\u00e1 \u0161irok\u00fd \u017eebrovan\u00fd pas s vy\u0161it\u00fdm n\u00e1pisem Peach Pump, kter\u00fd pas jemn\u011b stahuje. Tkanina leg\u00edn zakr\u00fdv\u00e1 probl\u00e9mov\u00e9 partie, odv\u00e1d\u00ed vlhkost od t\u011bla. Leg\u00edny sjou vybaveny prvky, kter\u00e9 tvaruj\u00ed broskvov\u00fd zade\u010dek pro kr\u00e1snou a p\u016fvabnou siluetu. V tomto modelu se [&hellip;]<\/p>\n","protected":false},"featured_media":84248,"comment_status":"open","ping_status":"closed","template":"","meta":[],"product_brand":[],"product_cat":[137,296],"product_tag":[],"class_list":{"0":"post-85021","1":"product","2":"type-product","3":"status-publish","4":"has-post-thumbnail","6":"product_cat-damske-sportovni-leginy","7":"product_cat-damske-leginy-dlouhe","8":"pa_cviat-bezove","9":"pa_razmer-m-cs","10":"pa_razmer-s-cs-2","11":"inventories-world","12":"inventories-pl","13":"inventories-uk","15":"first","16":"instock","17":"taxable","18":"shipping-taxable","19":"purchasable","20":"product-type-variable"},"_links":{"self":[{"href":"https:\/\/peach-pump.com\/en\/wp-json\/wp\/v2\/product\/85021","targetHints":{"allow":["GET"]}}],"collection":[{"href":"https:\/\/peach-pump.com\/en\/wp-json\/wp\/v2\/product"}],"about":[{"href":"https:\/\/peach-pump.com\/en\/wp-json\/wp\/v2\/types\/product"}],"replies":[{"embeddable":true,"href":"https:\/\/peach-pump.com\/en\/wp-json\/wp\/v2\/comments?post=85021"}],"version-history":[{"count":0,"href":"https:\/\/peach-pump.com\/en\/wp-json\/wp\/v2\/product\/85021\/revisions"}],"wp:featuredmedia":[{"embeddable":true,"href":"https:\/\/peach-pump.com\/en\/wp-json\/wp\/v2\/media\/84248"}],"wp:attachment":[{"href":"https:\/\/peach-pump.com\/en\/wp-json\/wp\/v2\/media?parent=85021"}],"wp:term":[{"taxonomy":"product_brand","embeddable":true,"href":"https:\/\/peach-pump.com\/en\/wp-json\/wp\/v2\/product_brand?post=85021"},{"taxonomy":"product_cat","embeddable":true,"href":"https:\/\/peach-pump.com\/en\/wp-json\/wp\/v2\/product_cat?post=85021"},{"taxonomy":"product_tag","embeddable":true,"href":"https:\/\/peach-pump.com\/en\/wp-json\/wp\/v2\/product_tag?post=85021"}],"curies":[{"name":"wp","href":"https:\/\/api.w.org\/{rel}","templated":true}]}}