{"id":85008,"date":"2024-07-23T19:15:02","date_gmt":"2024-07-23T17:15:02","guid":{"rendered":"https:\/\/peach-pump.com\/products\/bezova-souprava-kratke-leginy-a-podprsenka\/"},"modified":"2026-01-19T19:23:44","modified_gmt":"2026-01-19T17:23:44","slug":"bezova-souprava-kratke-leginy-a-podprsenka","status":"publish","type":"product","link":"https:\/\/peach-pump.com\/cs\/products\/bezova-souprava-kratke-leginy-a-podprsenka\/","title":{"rendered":"B\u00e9\u017eov\u00e1 beze\u0161v\u00e1 sportovn\u00ed souprava &#8211; kr\u00e1tk\u00e9 leg\u00edny a podprsenka"},"content":{"rendered":"<p>Beze\u0161v\u00e1 b\u00e9\u017eov\u00e1 sportovn\u00ed souprava, kr\u00e1tk\u00e9 leg\u00edny a podprsenka, vyrobena z beze\u0161v\u00e9, elastick\u00e9, jemn\u00e9 tkaniny. Skl\u00e1d\u00e1 se z kr\u00e1tk\u00fdch leg\u00edn typu biker shorts z beze\u0161v\u00e9, elastick\u00e9 a m\u011bkk\u00e9 tkaniny. Tento model postavu dokonale tvaruje, je vybaven \u0161irok\u00fdm \u017eebrovan\u00fdm d\u00edlem v pase s n\u00e1pisem Peach Pump, kter\u00fd pas jemn\u011b stahuje. Tkanina leg\u00edn zakr\u00fdv\u00e1 probl\u00e9mov\u00e9 partie, odv\u00e1d\u00ed vlhkost od t\u011bla. Leg\u00edny jsou vybaveny prvky, kter\u00e9 tvaruj\u00ed broskvov\u00fd zade\u010dek pro kr\u00e1snou a p\u016fvabnou siluetu. Podprsenka je vybavena nastaviteln\u00fdmi ram\u00ednky, vycp\u00e1vkami, kter\u00e9 lze vyjmout, m\u016f\u017eete ji nosit pod oble\u010den\u00edm, jej\u00ed design je nen\u00e1padn\u00fd a v n\u00ed budete m\u00edt pocit pohodl\u00ed a volnosti pohybu. Sportovn\u00ed soupravu lze kombinovat s dopl\u0148kem &#8211; kloboukem a bundou stejn\u00e9 zna\u010dky, kter\u00fd dokonale dopln\u00ed v\u00e1\u0161 Peach Pump vzhled.<\/p>\n<p>Podprsenka:<\/p>\n<ul>\n<li> Vycp\u00e1vky, vyj\u00edmateln\u00e9<\/li>\n<li> Push-Up efekt<\/li>\n<li> Nastaviteln\u00e1 ram\u00ednka<\/li>\n<li> Velk\u00e1 pru\u017enost<\/li>\n<li> Tepeln\u00fd potisk loga Peach Pump na boku podprsenky<\/li>\n<li> Tkanina, kter\u00e1 odv\u00e1d\u00ed vlhkost od t\u011bla<\/li>\n<\/ul>\n<p>Leg\u00edny:<\/p>\n<ul>\n<li>Vysok\u00fd pas<\/li>\n<li>Beze\u0161v\u00e1 tkanina<\/li>\n<li>Zvedaj\u00ed, vytvaruj\u00ed, zakr\u00fdvaj\u00ed probl\u00e9mov\u00e9 oblasti<\/li>\n<li>\u017debrovan\u00fd d\u00edl v pase, kter\u00fd pas obep\u00edn\u00e1<\/li>\n<li>Tvaruj\u00edc\u00ed Peach Pump efekt<\/li>\n<li>Tepeln\u00fd potisk loga Peach Pump vp\u0159edu<\/li>\n<li>Bez \u0161vu v p\u0159edn\u00ed \u010d\u00e1sti<\/li>\n<li>Tepeln\u00fd potisk loga Peach Pump na zadn\u00ed stran\u011b leg\u00edn<\/li>\n<li>N\u00e1pis Peach Pump na p\u00e1sku<\/li>\n<li>Tkanina, kter\u00e1 odv\u00e1d\u00ed vlhkost od t\u011bla<\/li>\n<\/ul>\n<p>Slo\u017een\u00ed: 80 % polyester, 20 % elastan<\/p>\n<p>Soupravu lze pr\u00e1t na 30 stup\u0148\u016f, nepou\u017e\u00edvat b\u011blidla a ne\u010distit chemicky.<\/p>\n<p>Modelka na obr\u00e1zku m\u011b\u0159\u00ed 168 cm, v\u00e1\u017e\u00ed 51 kg a m\u00e1 na sob\u011b leg\u00edny velikosti S a podprsenku velikosti S.<\/p>\n<p>Pro v\u00fdb\u011br p\u0159esn\u00e9 velikosti pros\u00edm pou\u017eijte tabulek.<\/p>\n<p>&nbsp;<\/p>\n","protected":false},"excerpt":{"rendered":"<p>Beze\u0161v\u00e1 b\u00e9\u017eov\u00e1 sportovn\u00ed souprava, kr\u00e1tk\u00e9 leg\u00edny a podprsenka, vyrobena z beze\u0161v\u00e9, elastick\u00e9, jemn\u00e9 tkaniny. Skl\u00e1d\u00e1 se z kr\u00e1tk\u00fdch leg\u00edn typu biker shorts z beze\u0161v\u00e9, elastick\u00e9 a m\u011bkk\u00e9 tkaniny. Tento model postavu dokonale tvaruje, je vybaven \u0161irok\u00fdm \u017eebrovan\u00fdm d\u00edlem v pase s n\u00e1pisem Peach Pump, kter\u00fd pas jemn\u011b stahuje. Tkanina leg\u00edn zakr\u00fdv\u00e1 probl\u00e9mov\u00e9 partie, odv\u00e1d\u00ed vlhkost [&hellip;]<\/p>\n","protected":false},"featured_media":84670,"comment_status":"open","ping_status":"closed","template":"","meta":[],"product_brand":[],"product_cat":[347,348],"product_tag":[],"class_list":{"0":"post-85008","1":"product","2":"type-product","3":"status-publish","4":"has-post-thumbnail","6":"product_cat-damske-sportovni-outfity","7":"product_cat-kratke-sportovni-outfity-leginy","8":"pa_cviat-bezove","9":"inventories-world","10":"inventories-uk","12":"first","13":"instock","14":"virtual","15":"taxable","16":"purchasable","17":"product-type-yith_bundle"},"_links":{"self":[{"href":"https:\/\/peach-pump.com\/en\/wp-json\/wp\/v2\/product\/85008","targetHints":{"allow":["GET"]}}],"collection":[{"href":"https:\/\/peach-pump.com\/en\/wp-json\/wp\/v2\/product"}],"about":[{"href":"https:\/\/peach-pump.com\/en\/wp-json\/wp\/v2\/types\/product"}],"replies":[{"embeddable":true,"href":"https:\/\/peach-pump.com\/en\/wp-json\/wp\/v2\/comments?post=85008"}],"version-history":[{"count":1,"href":"https:\/\/peach-pump.com\/en\/wp-json\/wp\/v2\/product\/85008\/revisions"}],"predecessor-version":[{"id":104082,"href":"https:\/\/peach-pump.com\/en\/wp-json\/wp\/v2\/product\/85008\/revisions\/104082"}],"wp:featuredmedia":[{"embeddable":true,"href":"https:\/\/peach-pump.com\/en\/wp-json\/wp\/v2\/media\/84670"}],"wp:attachment":[{"href":"https:\/\/peach-pump.com\/en\/wp-json\/wp\/v2\/media?parent=85008"}],"wp:term":[{"taxonomy":"product_brand","embeddable":true,"href":"https:\/\/peach-pump.com\/en\/wp-json\/wp\/v2\/product_brand?post=85008"},{"taxonomy":"product_cat","embeddable":true,"href":"https:\/\/peach-pump.com\/en\/wp-json\/wp\/v2\/product_cat?post=85008"},{"taxonomy":"product_tag","embeddable":true,"href":"https:\/\/peach-pump.com\/en\/wp-json\/wp\/v2\/product_tag?post=85008"}],"curies":[{"name":"wp","href":"https:\/\/api.w.org\/{rel}","templated":true}]}}