{"id":82398,"date":"2024-06-25T11:48:24","date_gmt":"2024-06-25T09:48:24","guid":{"rendered":"https:\/\/peach-pump.com\/products\/vojensky-zelene-bezesve-damske-leginy\/"},"modified":"2026-04-08T08:58:11","modified_gmt":"2026-04-08T06:58:11","slug":"vojensky-zelene-bezesve-damske-leginy","status":"publish","type":"product","link":"https:\/\/peach-pump.com\/cs\/products\/vojensky-zelene-bezesve-damske-leginy\/","title":{"rendered":"D\u00e1msk\u00e9 beze\u0161v\u00e9 leg\u00edny ve vojensk\u00e9 zelen\u00e9 barv\u011b"},"content":{"rendered":"<p>Beze\u0161v\u00e9 d\u00e1msk\u00e9 leg\u00edny s vysok\u00fdm pasem v m\u00f3dn\u00ed vojensky zelen\u00e9 barv\u011b. Jsou vyrobeny z pru\u017en\u00e9, prody\u0161n\u00e9 tkaniny, dokonale postavu vytvaruj\u00ed efektem Peach Pump. Jsou vhodn\u00e9 na silov\u00fd i aerobn\u00ed tr\u00e9nink. Leg\u00edny maj\u00ed \u0161irok\u00fd p\u00e1sek, kter\u00fd pas jemn\u011b stahuje a vytvaruje a jsou k dispozici v n\u011bkolika kr\u00e1sn\u00fdch barv\u00e1ch.<\/p>\n<ul>\n<li> Vysok\u00fd pas<\/li>\n<li> Beze\u0161v\u00e1 tkanina<\/li>\n<li> Zvedaj\u00ed, vytvaruj\u00ed, zakr\u00fdvaj\u00ed probl\u00e9mov\u00e9 oblasti<\/li>\n<li> \u017debrovan\u00fd d\u00edl obep\u00ednaj\u00edc\u00ed pas<\/li>\n<li> Broskvov\u00fd efekt<\/li>\n<li> Beze \u0161vu v p\u0159edn\u00ed \u010d\u00e1sti<\/li>\n<li> Tepeln\u00fd potisk loga Peach Pump na zadn\u00ed stran\u011b leg\u00edn<\/li>\n<li> N\u00e1pis Peach Pump na kotn\u00edku<\/li>\n<li> Tkanina, kter\u00e1 nezadr\u017euje vlhkost v t\u011ble<\/li>\n<\/ul>\n<p>Slo\u017een\u00ed 80% polyester 20% elastan<\/p>\n<p>Leg\u00edny lze pr\u00e1t na 30 stup\u0148\u016f, neb\u011blit a ne\u010distit chemicky.<\/p>\n<p>Modelka na obr\u00e1zku m\u011b\u0159\u00ed 178 cm, v\u00e1\u017e\u00ed 54 kg a m\u00e1 na sob\u011b velikost M (leg\u00edny jsou z pevn\u011bj\u0161\u00edho materi\u00e1lu).<\/p>\n<p>Pro v\u00fdb\u011br p\u0159esn\u00e9 velikosti pros\u00edm pou\u017eijte tabulek.<\/p>\n<p><a href=\"https:\/\/peach-pump.com\/wp-content\/uploads\/2024\/06\/Seamless-leggings-Peach-Pump-Size-Chart.jpg\"><img loading=\"lazy\" class=\"alignnone wp-image-80907 \" src=\"https:\/\/peach-pump.com\/wp-content\/uploads\/2024\/06\/Seamless-leggings-Peach-Pump-Size-Chart.jpg\" alt=\"\" width=\"636\" height=\"477\" srcset=\"https:\/\/peach-pump.com\/wp-content\/uploads\/2024\/06\/Seamless-leggings-Peach-Pump-Size-Chart.jpg 1024w, https:\/\/peach-pump.com\/wp-content\/uploads\/2024\/06\/Seamless-leggings-Peach-Pump-Size-Chart-480x360.jpg 480w, https:\/\/peach-pump.com\/wp-content\/uploads\/2024\/06\/Seamless-leggings-Peach-Pump-Size-Chart-1000x750.jpg 1000w, https:\/\/peach-pump.com\/wp-content\/uploads\/2024\/06\/Seamless-leggings-Peach-Pump-Size-Chart-400x300.jpg 400w, https:\/\/peach-pump.com\/wp-content\/uploads\/2024\/06\/Seamless-leggings-Peach-Pump-Size-Chart-768x576.jpg 768w, https:\/\/peach-pump.com\/wp-content\/uploads\/2024\/06\/Seamless-leggings-Peach-Pump-Size-Chart-990x743.jpg 990w, https:\/\/peach-pump.com\/wp-content\/uploads\/2024\/06\/Seamless-leggings-Peach-Pump-Size-Chart-441x331.jpg 441w, https:\/\/peach-pump.com\/wp-content\/uploads\/2024\/06\/Seamless-leggings-Peach-Pump-Size-Chart-150x113.jpg 150w, https:\/\/peach-pump.com\/wp-content\/uploads\/2024\/06\/Seamless-leggings-Peach-Pump-Size-Chart-64x48.jpg 64w\" sizes=\"auto, (max-width: 636px) 100vw, 636px\" \/><\/a><\/p>\n","protected":false},"excerpt":{"rendered":"<p>Beze\u0161v\u00e9 d\u00e1msk\u00e9 leg\u00edny s vysok\u00fdm pasem v m\u00f3dn\u00ed vojensky zelen\u00e9 barv\u011b. Jsou vyrobeny z pru\u017en\u00e9, prody\u0161n\u00e9 tkaniny, dokonale postavu vytvaruj\u00ed efektem Peach Pump. Jsou vhodn\u00e9 na silov\u00fd i aerobn\u00ed tr\u00e9nink. Leg\u00edny maj\u00ed \u0161irok\u00fd p\u00e1sek, kter\u00fd pas jemn\u011b stahuje a vytvaruje a jsou k dispozici v n\u011bkolika kr\u00e1sn\u00fdch barv\u00e1ch. Vysok\u00fd pas Beze\u0161v\u00e1 tkanina Zvedaj\u00ed, vytvaruj\u00ed, zakr\u00fdvaj\u00ed [&hellip;]<\/p>\n","protected":false},"featured_media":82130,"comment_status":"open","ping_status":"closed","template":"","meta":[],"product_brand":[],"product_cat":[296,137],"product_tag":[],"class_list":{"0":"post-82398","1":"product","2":"type-product","3":"status-publish","4":"has-post-thumbnail","6":"product_cat-damske-leginy-dlouhe","7":"product_cat-damske-sportovni-leginy","8":"pa_cviat-armadni-zelena","9":"pa_razmer-l-cs","10":"pa_razmer-m-cs","11":"pa_razmer-s-cs-2","12":"pa_razmer-xl-cs","13":"inventories-world","14":"inventories-pl","15":"inventories-uk","17":"first","18":"instock","19":"taxable","20":"shipping-taxable","21":"purchasable","22":"product-type-variable"},"_links":{"self":[{"href":"https:\/\/peach-pump.com\/cs\/wp-json\/wp\/v2\/product\/82398","targetHints":{"allow":["GET"]}}],"collection":[{"href":"https:\/\/peach-pump.com\/cs\/wp-json\/wp\/v2\/product"}],"about":[{"href":"https:\/\/peach-pump.com\/cs\/wp-json\/wp\/v2\/types\/product"}],"replies":[{"embeddable":true,"href":"https:\/\/peach-pump.com\/cs\/wp-json\/wp\/v2\/comments?post=82398"}],"version-history":[{"count":0,"href":"https:\/\/peach-pump.com\/cs\/wp-json\/wp\/v2\/product\/82398\/revisions"}],"wp:featuredmedia":[{"embeddable":true,"href":"https:\/\/peach-pump.com\/cs\/wp-json\/wp\/v2\/media\/82130"}],"wp:attachment":[{"href":"https:\/\/peach-pump.com\/cs\/wp-json\/wp\/v2\/media?parent=82398"}],"wp:term":[{"taxonomy":"product_brand","embeddable":true,"href":"https:\/\/peach-pump.com\/cs\/wp-json\/wp\/v2\/product_brand?post=82398"},{"taxonomy":"product_cat","embeddable":true,"href":"https:\/\/peach-pump.com\/cs\/wp-json\/wp\/v2\/product_cat?post=82398"},{"taxonomy":"product_tag","embeddable":true,"href":"https:\/\/peach-pump.com\/cs\/wp-json\/wp\/v2\/product_tag?post=82398"}],"curies":[{"name":"wp","href":"https:\/\/api.w.org\/{rel}","templated":true}]}}