{"id":78203,"date":"2024-05-01T22:51:05","date_gmt":"2024-05-01T20:51:05","guid":{"rendered":"https:\/\/peach-pump.com\/products\/bezesve-damske-leginy-vinove\/"},"modified":"2026-04-05T01:15:17","modified_gmt":"2026-04-04T23:15:17","slug":"bezesve-damske-leginy-vinove","status":"publish","type":"product","link":"https:\/\/peach-pump.com\/cs\/products\/bezesve-damske-leginy-vinove\/","title":{"rendered":"D\u00e1msk\u00e9 beze\u0161v\u00e9 leg\u00edny v\u00ednov\u00e9 s tvaruj\u00edc\u00edm efektem"},"content":{"rendered":"<p>Beze\u0161v\u00e9 d\u00e1msk\u00e9 leg\u00edny v\u00ednov\u00e9 barvy vytvo\u0159en\u00e9 z elastick\u00e9 a p\u0159\u00edjemn\u00e9 tkaniny. Tento model postavu dokonale tvaruje, je vybaven \u0161irok\u00fdm \u017eebrovan\u00fdm d\u00edlem v pase s n\u00e1pisem Peach Pump, kter\u00fd pas jemn\u011b stahuje. Tkanina leg\u00edn zakr\u00fdv\u00e1 problematick\u00e9 partie, odv\u00e1d\u00ed vlhkost od t\u011bla a je vybavena prvky, kter\u00e9 tvaruj\u00ed zade\u010dek do tvaru broskve pro kr\u00e1snou a p\u016fvabnou siluetu. V tomto modelu se budete c\u00edtit pohodln\u011b a sebejist\u011b. Leg\u00edny lze sladit s podprsenkou stejn\u00e9ho vzoru nebo si m\u016f\u017eete z na\u0161e \u0161irok\u00e9 kolekce bundi\u010dek, sportovn\u00edch podprsenek a dopl\u0148k\u016f vytvo\u0159it sv\u016fj vlastn\u00ed sportovn\u00ed outfit, kter\u00fd bude v\u00fdrazn\u00fd a odli\u0161n\u00fd.<\/p>\n<ul>\n<li>Vysok\u00fd pas<\/li>\n<li>Beze\u0161v\u00e1 tkanina<\/li>\n<li>Zved\u00e1, vytvaruje, zakr\u00fdv\u00e1 probl\u00e9mov\u00e9 oblasti<\/li>\n<li>\u017debrovan\u00fd d\u00edl v pase, kter\u00fd pas obep\u00edn\u00e1<\/li>\n<li>Broskvov\u00fd efekt<\/li>\n<li>Bez \u0161vu v p\u0159edn\u00ed \u010d\u00e1sti<\/li>\n<li>Tepeln\u00fd potisk loga Peach Pump na zadn\u00ed stran\u011b leg\u00edn<\/li>\n<li>N\u00e1pis Peach Pump na p\u00e1sku<\/li>\n<li>Materi\u00e1l odv\u00e1d\u011bj\u00edc\u00ed vlhkost od t\u011bla<\/li>\n<\/ul>\n<p>Slo\u017een\u00ed: 80 % polyester, 20 % elastan<\/p>\n<p>Leg\u00edny lze pr\u00e1t na 30 stup\u0148\u016f, neb\u011blit a ne\u010distit chemicky.<\/p>\n<p>Modelka na fotografii m\u011b\u0159\u00ed 178 cm, v\u00e1\u017e\u00ed 54 kg a m\u00e1 na sob\u011b velikost S.<\/p>\n<p>Pro v\u00fdb\u011br p\u0159esn\u00e9 velikosti pros\u00edm pou\u017eijte tabulek.<\/p>\n","protected":false},"excerpt":{"rendered":"<p>Beze\u0161v\u00e9 d\u00e1msk\u00e9 leg\u00edny v\u00ednov\u00e9 barvy vytvo\u0159en\u00e9 z elastick\u00e9 a p\u0159\u00edjemn\u00e9 tkaniny. Tento model postavu dokonale tvaruje, je vybaven \u0161irok\u00fdm \u017eebrovan\u00fdm d\u00edlem v pase s n\u00e1pisem Peach Pump, kter\u00fd pas jemn\u011b stahuje. Tkanina leg\u00edn zakr\u00fdv\u00e1 problematick\u00e9 partie, odv\u00e1d\u00ed vlhkost od t\u011bla a je vybavena prvky, kter\u00e9 tvaruj\u00ed zade\u010dek do tvaru broskve pro kr\u00e1snou a p\u016fvabnou siluetu. [&hellip;]<\/p>\n","protected":false},"featured_media":75432,"comment_status":"open","ping_status":"closed","template":"","meta":[],"product_brand":[],"product_cat":[137,296],"product_tag":[],"class_list":{"0":"post-78203","1":"product","2":"type-product","3":"status-publish","4":"has-post-thumbnail","6":"product_cat-damske-sportovni-leginy","7":"product_cat-damske-leginy-dlouhe","8":"pa_cviat-vinova-barva","9":"pa_razmer-m-cs","10":"pa_razmer-s-cs-2","11":"inventories-world","12":"inventories-pl","13":"inventories-uk","15":"first","16":"instock","17":"taxable","18":"shipping-taxable","19":"purchasable","20":"product-type-variable"},"_links":{"self":[{"href":"https:\/\/peach-pump.com\/en\/wp-json\/wp\/v2\/product\/78203","targetHints":{"allow":["GET"]}}],"collection":[{"href":"https:\/\/peach-pump.com\/en\/wp-json\/wp\/v2\/product"}],"about":[{"href":"https:\/\/peach-pump.com\/en\/wp-json\/wp\/v2\/types\/product"}],"replies":[{"embeddable":true,"href":"https:\/\/peach-pump.com\/en\/wp-json\/wp\/v2\/comments?post=78203"}],"version-history":[{"count":0,"href":"https:\/\/peach-pump.com\/en\/wp-json\/wp\/v2\/product\/78203\/revisions"}],"wp:featuredmedia":[{"embeddable":true,"href":"https:\/\/peach-pump.com\/en\/wp-json\/wp\/v2\/media\/75432"}],"wp:attachment":[{"href":"https:\/\/peach-pump.com\/en\/wp-json\/wp\/v2\/media?parent=78203"}],"wp:term":[{"taxonomy":"product_brand","embeddable":true,"href":"https:\/\/peach-pump.com\/en\/wp-json\/wp\/v2\/product_brand?post=78203"},{"taxonomy":"product_cat","embeddable":true,"href":"https:\/\/peach-pump.com\/en\/wp-json\/wp\/v2\/product_cat?post=78203"},{"taxonomy":"product_tag","embeddable":true,"href":"https:\/\/peach-pump.com\/en\/wp-json\/wp\/v2\/product_tag?post=78203"}],"curies":[{"name":"wp","href":"https:\/\/api.w.org\/{rel}","templated":true}]}}