{"id":67281,"date":"2024-01-12T18:35:56","date_gmt":"2024-01-12T16:35:56","guid":{"rendered":"https:\/\/peach-pump.com\/products\/%d1-2\/"},"modified":"2026-03-15T12:38:18","modified_gmt":"2026-03-15T10:38:18","slug":"seda-zimni-bunda","status":"publish","type":"product","link":"https:\/\/peach-pump.com\/cs\/products\/seda-zimni-bunda\/","title":{"rendered":"\u0160ed\u00e1 zimn\u00ed bunda Peach Pump"},"content":{"rendered":"<p class=\"p1\"><span class=\"s1\">Tepl\u00e1 \u0161ed\u00e1 zimn\u00ed bunda se 100% bavln\u011bnou v\u00fdpln\u00ed, barva slonov\u00e1 kost. Model je sportovn\u00edho st\u0159ihu s krat\u0161\u00edm modern\u00edm st\u0159ihem, m\u00e1 nastaviteln\u00fd spodn\u00ed lem s elastick\u00fdmi \u0161\u0148\u016frkami, dv\u011b bo\u010dn\u00ed \u0161ikm\u00e9 kapsy na zip. Efektn\u00ed 3D v\u00fd\u0161ivka Peach Pump na p\u0159edn\u00ed stran\u011b a vy\u0161it\u00e9 logo Peach Pump na rameni. Bunda je pod\u0161it\u00e1, m\u00e1 vysok\u00fd l\u00edmec, m\u011bkkou \u0161edou pod\u0161\u00edvku a ruk\u00e1vy s elastickou man\u017eetou. V tomto modelu v\u00e1m bude teplo a z\u00e1rove\u0148 se budete c\u00edtit kr\u00e1sn\u00e1, sebev\u011bdom\u00e1 a sexy. R\u016fzn\u00e9 barvy m\u00f3dn\u00ed na tuto sez\u00f3nu, model vytvo\u0159en\u00fd s l\u00e1skou pro v\u00e1s. <\/span><\/p>\n<ul class=\"ul1\">\n<li><span class=\"s1\">\u0160ed\u00e1 zimn\u00ed bunda<\/span><\/li>\n<li class=\"li1\"><span class=\"s1\">Vysok\u00fd l\u00edmec<\/span><\/li>\n<li class=\"li1\"><span class=\"s1\">Bo\u010dn\u00ed kapsy na zip<\/span><\/li>\n<li class=\"li1\"><span class=\"s1\">3D vy\u0161\u00edvan\u00e9 logo Peach Pump na p\u0159edn\u00ed stran\u011b a na rameni<\/span><\/li>\n<li class=\"li1\"><span class=\"s1\">M\u011bkk\u00e1 pod\u0161\u00edvka<\/span><\/li>\n<li class=\"li1\"><span class=\"s1\">Design s pod\u0161\u00edvkou<\/span><\/li>\n<li>Elastick\u00e9 man\u017eety na ruk\u00e1vech<\/li>\n<li class=\"li1\"><span class=\"s1\">Nastaviteln\u00fd spodn\u00ed lem s elastick\u00fdmi \u0161\u0148\u016frkami<\/span><\/li>\n<li>V\u00fdpl\u0148 bundy ze 100% bavlny<\/li>\n<\/ul>\n<p class=\"p1\"><span class=\"s1\">Slo\u017een\u00ed vn\u011bj\u0161\u00ed \u010d\u00e1sti: 100% polyester, v\u00fdpl\u0148 100% bavlna<\/span><\/p>\n<p class=\"p1\"><span class=\"s1\">Modelka na obr\u00e1zku m\u011b\u0159\u00ed 180, v\u00e1\u017e\u00ed 58 kg. a m\u00e1 na sob\u011b velikost M. <\/span><\/p>\n<p>Pro spr\u00e1vnou \u00fadr\u017ebu v\u00fdrobku dodr\u017eujte pokyny na \u0161t\u00edtku.<\/p>\n","protected":false},"excerpt":{"rendered":"<p>Tepl\u00e1 \u0161ed\u00e1 zimn\u00ed bunda se 100% bavln\u011bnou v\u00fdpln\u00ed, barva slonov\u00e1 kost. Model je sportovn\u00edho st\u0159ihu s krat\u0161\u00edm modern\u00edm st\u0159ihem, m\u00e1 nastaviteln\u00fd spodn\u00ed lem s elastick\u00fdmi \u0161\u0148\u016frkami, dv\u011b bo\u010dn\u00ed \u0161ikm\u00e9 kapsy na zip. Efektn\u00ed 3D v\u00fd\u0161ivka Peach Pump na p\u0159edn\u00ed stran\u011b a vy\u0161it\u00e9 logo Peach Pump na rameni. Bunda je pod\u0161it\u00e1, m\u00e1 vysok\u00fd l\u00edmec, m\u011bkkou \u0161edou [&hellip;]<\/p>\n","protected":false},"featured_media":65413,"comment_status":"open","ping_status":"closed","template":"","meta":[],"product_brand":[],"product_cat":[920],"product_tag":[],"class_list":{"0":"post-67281","1":"product","2":"type-product","3":"status-publish","4":"has-post-thumbnail","6":"product_cat-damske-bundy","7":"pa_cviat-seda","8":"pa_razmer-l-cs","9":"pa_razmer-m-cs","10":"pa_razmer-s-cs-2","11":"inventories-world","12":"inventories-pl","13":"inventories-uk","15":"first","16":"instock","17":"taxable","18":"shipping-taxable","19":"purchasable","20":"product-type-variable"},"_links":{"self":[{"href":"https:\/\/peach-pump.com\/en\/wp-json\/wp\/v2\/product\/67281","targetHints":{"allow":["GET"]}}],"collection":[{"href":"https:\/\/peach-pump.com\/en\/wp-json\/wp\/v2\/product"}],"about":[{"href":"https:\/\/peach-pump.com\/en\/wp-json\/wp\/v2\/types\/product"}],"replies":[{"embeddable":true,"href":"https:\/\/peach-pump.com\/en\/wp-json\/wp\/v2\/comments?post=67281"}],"version-history":[{"count":1,"href":"https:\/\/peach-pump.com\/en\/wp-json\/wp\/v2\/product\/67281\/revisions"}],"predecessor-version":[{"id":108960,"href":"https:\/\/peach-pump.com\/en\/wp-json\/wp\/v2\/product\/67281\/revisions\/108960"}],"wp:featuredmedia":[{"embeddable":true,"href":"https:\/\/peach-pump.com\/en\/wp-json\/wp\/v2\/media\/65413"}],"wp:attachment":[{"href":"https:\/\/peach-pump.com\/en\/wp-json\/wp\/v2\/media?parent=67281"}],"wp:term":[{"taxonomy":"product_brand","embeddable":true,"href":"https:\/\/peach-pump.com\/en\/wp-json\/wp\/v2\/product_brand?post=67281"},{"taxonomy":"product_cat","embeddable":true,"href":"https:\/\/peach-pump.com\/en\/wp-json\/wp\/v2\/product_cat?post=67281"},{"taxonomy":"product_tag","embeddable":true,"href":"https:\/\/peach-pump.com\/en\/wp-json\/wp\/v2\/product_tag?post=67281"}],"curies":[{"name":"wp","href":"https:\/\/api.w.org\/{rel}","templated":true}]}}