{"id":63513,"date":"2023-12-13T18:20:28","date_gmt":"2023-12-13T16:20:28","guid":{"rendered":"https:\/\/peach-pump.com\/products\/%d0-3\/"},"modified":"2026-03-15T12:39:29","modified_gmt":"2026-03-15T10:39:29","slug":"hneda-zimni-cepice","status":"publish","type":"product","link":"https:\/\/peach-pump.com\/cs\/products\/hneda-zimni-cepice\/","title":{"rendered":"Hn\u011bd\u00e1 zimn\u00ed \u010depice typu beanie"},"content":{"rendered":"<p>Hn\u011bd\u00e1 zimn\u00ed \u010depice typu beanie z kolekce Peach Pump s obr\u00e1cen\u00fdm okrajem pro lep\u0161\u00ed izolaci od chladu a ko\u017een\u00fdm logem na p\u0159edn\u00ed stran\u011b. Elastick\u00fd design velmi m\u011bkk\u00e1 a na dotek p\u0159\u00edjemn\u00e1 tkanina. \u010cepice je k dispozici v r\u016fzn\u00fdch barv\u00e1ch. Tento model bude dokonal\u00fdm dopl\u0148kem va\u0161eho outfitu v chladn\u00fdch dnech.<\/p>\n<p>&nbsp;<\/p>\n","protected":false},"excerpt":{"rendered":"<p>Hn\u011bd\u00e1 zimn\u00ed \u010depice typu beanie z kolekce Peach Pump s obr\u00e1cen\u00fdm okrajem pro lep\u0161\u00ed izolaci od chladu a ko\u017een\u00fdm logem na p\u0159edn\u00ed stran\u011b. Elastick\u00fd design velmi m\u011bkk\u00e1 a na dotek p\u0159\u00edjemn\u00e1 tkanina. \u010cepice je k dispozici v r\u016fzn\u00fdch barv\u00e1ch. Tento model bude dokonal\u00fdm dopl\u0148kem va\u0161eho outfitu v chladn\u00fdch dnech. &nbsp;<\/p>\n","protected":false},"featured_media":62656,"comment_status":"open","ping_status":"closed","template":"","meta":[],"product_brand":[],"product_cat":[791],"product_tag":[],"class_list":{"0":"post-63513","1":"product","2":"type-product","3":"status-publish","4":"has-post-thumbnail","6":"product_cat-doplnky","7":"pa_cviat-hneda","8":"pa_razmer-jedna-velikost","9":"inventories-world","10":"inventories-pl","11":"inventories-uk","13":"first","14":"instock","15":"taxable","16":"shipping-taxable","17":"purchasable","18":"product-type-variable"},"_links":{"self":[{"href":"https:\/\/peach-pump.com\/en\/wp-json\/wp\/v2\/product\/63513","targetHints":{"allow":["GET"]}}],"collection":[{"href":"https:\/\/peach-pump.com\/en\/wp-json\/wp\/v2\/product"}],"about":[{"href":"https:\/\/peach-pump.com\/en\/wp-json\/wp\/v2\/types\/product"}],"replies":[{"embeddable":true,"href":"https:\/\/peach-pump.com\/en\/wp-json\/wp\/v2\/comments?post=63513"}],"version-history":[{"count":0,"href":"https:\/\/peach-pump.com\/en\/wp-json\/wp\/v2\/product\/63513\/revisions"}],"wp:featuredmedia":[{"embeddable":true,"href":"https:\/\/peach-pump.com\/en\/wp-json\/wp\/v2\/media\/62656"}],"wp:attachment":[{"href":"https:\/\/peach-pump.com\/en\/wp-json\/wp\/v2\/media?parent=63513"}],"wp:term":[{"taxonomy":"product_brand","embeddable":true,"href":"https:\/\/peach-pump.com\/en\/wp-json\/wp\/v2\/product_brand?post=63513"},{"taxonomy":"product_cat","embeddable":true,"href":"https:\/\/peach-pump.com\/en\/wp-json\/wp\/v2\/product_cat?post=63513"},{"taxonomy":"product_tag","embeddable":true,"href":"https:\/\/peach-pump.com\/en\/wp-json\/wp\/v2\/product_tag?post=63513"}],"curies":[{"name":"wp","href":"https:\/\/api.w.org\/{rel}","templated":true}]}}